{"id":36997,"date":"2026-04-18T18:02:49","date_gmt":"2026-04-18T18:02:49","guid":{"rendered":"https:\/\/singuli.wpress.me\/index.php\/proizvod\/squishmallows-love-30-cm-plisana-igracka\/"},"modified":"2026-04-20T12:33:19","modified_gmt":"2026-04-20T12:33:19","slug":"squishmallows-love-30-cm-plisana-igracka","status":"publish","type":"product","link":"https:\/\/singuli.wpress.me\/index.php\/proizvod\/squishmallows-love-30-cm-plisana-igracka\/","title":{"rendered":"SQUISHMALLOWS Love 30 cm, pli\u0161ana igra\u010dka"},"content":{"rendered":"<p>U\u010dinite svaki zagrljaj posebnim s ovim <strong>Squishmallows pli\u0161ancem visine 30 cm<\/strong>! Ovi mekani i veliki pli\u0161anci idealni su za igru, ma\u017eenje i sakupljanje.<\/p>\n<p>Svaki Squishmallows nosi <strong>jedinstveno ime i pri\u010du<\/strong> unutar etikete, \u0161to ga \u010dini posebnim i neodoljivim.<\/p>\n<p>Bilo da ste iskusni kolekcionar ili tek zapo\u010dinjate svoju avanturu, ovi pli\u0161anci donose **toplinu i radost** svakom ljubitelju Squishmallowsa i savr\u0161en su dodatak va\u0161oj ekipi.<\/p>\n","protected":false},"excerpt":{"rendered":"<p>Pli\u0161anci veli\u010dine 30 cm<br \/>\nIznimno mekani pli\u0161<br \/>\nSvaki pli\u0161anac ima jedinstveno ime i pri\u010du<\/p>\n","protected":false},"featured_media":36998,"template":"","meta":{"_seopress_robots_primary_cat":"","_seopress_titles_title":"","_seopress_titles_desc":"","_seopress_robots_index":"","iawp_total_views":0},"product_brand":[791],"product_cat":[221,291],"product_tag":[],"class_list":{"0":"post-36997","1":"product","2":"type-product","3":"status-publish","4":"has-post-thumbnail","6":"product_brand-squishmallows","7":"product_cat-igracke","8":"product_cat-igracke-za-djecu-221","10":"first","11":"outofstock","12":"shipping-taxable","13":"purchasable","14":"product-type-simple"},"_links":{"self":[{"href":"https:\/\/singuli.wpress.me\/index.php\/wp-json\/wp\/v2\/product\/36997","targetHints":{"allow":["GET"]}}],"collection":[{"href":"https:\/\/singuli.wpress.me\/index.php\/wp-json\/wp\/v2\/product"}],"about":[{"href":"https:\/\/singuli.wpress.me\/index.php\/wp-json\/wp\/v2\/types\/product"}],"version-history":[{"count":0,"href":"https:\/\/singuli.wpress.me\/index.php\/wp-json\/wp\/v2\/product\/36997\/revisions"}],"wp:featuredmedia":[{"embeddable":true,"href":"https:\/\/singuli.wpress.me\/index.php\/wp-json\/wp\/v2\/media\/36998"}],"wp:attachment":[{"href":"https:\/\/singuli.wpress.me\/index.php\/wp-json\/wp\/v2\/media?parent=36997"}],"wp:term":[{"taxonomy":"product_brand","embeddable":true,"href":"https:\/\/singuli.wpress.me\/index.php\/wp-json\/wp\/v2\/product_brand?post=36997"},{"taxonomy":"product_cat","embeddable":true,"href":"https:\/\/singuli.wpress.me\/index.php\/wp-json\/wp\/v2\/product_cat?post=36997"},{"taxonomy":"product_tag","embeddable":true,"href":"https:\/\/singuli.wpress.me\/index.php\/wp-json\/wp\/v2\/product_tag?post=36997"}],"curies":[{"name":"wp","href":"https:\/\/api.w.org\/{rel}","templated":true}]}}