{"id":37027,"date":"2026-04-18T18:03:00","date_gmt":"2026-04-18T18:03:00","guid":{"rendered":"https:\/\/singuli.wpress.me\/index.php\/proizvod\/shell-adblue-aditiv-za-dizel-gorivo-200-l\/"},"modified":"2026-04-20T12:33:19","modified_gmt":"2026-04-20T12:33:19","slug":"shell-adblue-aditiv-za-dizel-gorivo-200-l","status":"publish","type":"product","link":"https:\/\/singuli.wpress.me\/index.php\/proizvod\/shell-adblue-aditiv-za-dizel-gorivo-200-l\/","title":{"rendered":"SHELL Adblue, aditiv za dizel gorivo, 200\u00a0l"},"content":{"rendered":"<p><strong>AdBlue\u00ae<\/strong> je otopina **uree (32,5%) i vode (67,5%) visoke \u010disto\u0107e**, netoksi\u010dna, bez mirisa i boje. Ova je otopina klju\u010dna za <strong>smanjenje \u0161tetne emisije du\u0161ikovog oksida (NOx)<\/strong> koju proizvode dizelska vozila za do **80%**, poma\u017eu\u0107i va\u0161em vozilu u ispunjavanju strogih zahtjeva za emisiju ispu\u0161nih plinova.<\/p>\n<p>Dizajniran je za automobile s dizelskim motorima opremljenim **tehnologijom selektivne kataliti\u010dke redukcije (SCR)**. Proizvod ispunjava sve zahtjeve **ISO standarda**, uklju\u010duju\u0107i ISO 22241-4, i posjeduje **licencu VDA** (Verband der Automobilindustrie).<\/p>\n<p>Ambala\u017ea je opremljena **prakti\u010dnim lijevkom** koji omogu\u0107uje jednostavno i precizno punjenje posebnog AdBlue\u00ae spremnika.<\/p>\n","protected":false},"excerpt":{"rendered":"<p>Visoka \u010disto\u0107a: Otopina 32,5% uree i 67,5% vode<br \/>\nSmanjuje emisiju NOx do 80% pomo\u0107u SCR tehnologije<br \/>\nAmbala\u017ea uklju\u010duje lijevak za jednostavno punjenje<\/p>\n","protected":false},"featured_media":37028,"template":"","meta":{"_seopress_robots_primary_cat":"","_seopress_titles_title":"","_seopress_titles_desc":"","_seopress_robots_index":"","iawp_total_views":0},"product_brand":[326],"product_cat":[243,273],"product_tag":[],"class_list":{"0":"post-37027","1":"product","2":"type-product","3":"status-publish","4":"has-post-thumbnail","6":"product_brand-shell","7":"product_cat-automobili-i-motori","8":"product_cat-njega-vozila-243","10":"first","11":"outofstock","12":"shipping-taxable","13":"purchasable","14":"product-type-simple"},"_links":{"self":[{"href":"https:\/\/singuli.wpress.me\/index.php\/wp-json\/wp\/v2\/product\/37027","targetHints":{"allow":["GET"]}}],"collection":[{"href":"https:\/\/singuli.wpress.me\/index.php\/wp-json\/wp\/v2\/product"}],"about":[{"href":"https:\/\/singuli.wpress.me\/index.php\/wp-json\/wp\/v2\/types\/product"}],"version-history":[{"count":0,"href":"https:\/\/singuli.wpress.me\/index.php\/wp-json\/wp\/v2\/product\/37027\/revisions"}],"wp:featuredmedia":[{"embeddable":true,"href":"https:\/\/singuli.wpress.me\/index.php\/wp-json\/wp\/v2\/media\/37028"}],"wp:attachment":[{"href":"https:\/\/singuli.wpress.me\/index.php\/wp-json\/wp\/v2\/media?parent=37027"}],"wp:term":[{"taxonomy":"product_brand","embeddable":true,"href":"https:\/\/singuli.wpress.me\/index.php\/wp-json\/wp\/v2\/product_brand?post=37027"},{"taxonomy":"product_cat","embeddable":true,"href":"https:\/\/singuli.wpress.me\/index.php\/wp-json\/wp\/v2\/product_cat?post=37027"},{"taxonomy":"product_tag","embeddable":true,"href":"https:\/\/singuli.wpress.me\/index.php\/wp-json\/wp\/v2\/product_tag?post=37027"}],"curies":[{"name":"wp","href":"https:\/\/api.w.org\/{rel}","templated":true}]}}