{"id":37031,"date":"2026-04-18T18:03:00","date_gmt":"2026-04-18T18:03:00","guid":{"rendered":"https:\/\/singuli.wpress.me\/index.php\/proizvod\/hot-wheels-city-garaza\/"},"modified":"2026-04-21T00:26:50","modified_gmt":"2026-04-21T00:26:50","slug":"hot-wheels-city-garaza","status":"publish","type":"product","link":"https:\/\/singuli.wpress.me\/index.php\/proizvod\/hot-wheels-city-garaza\/","title":{"rendered":"HOT WHEELS City, gara\u017ea"},"content":{"rendered":"<p>U\u0111ite u svijet Netflix serije &quot;Utrkujmo se&quot; uz nevjerojatnu Hot Wheels City Ultimate Garage! Ova ogromna gara\u017ea prostire se na \u010dak \u010detiri razine i nudi svestrano iskustvo utrkivanja, akrobacija i pripovijedanja. Svaka razina donosi novu pustolovinu: od utrkivanja rame uz rame i izvo\u0111enja vratolomija u petljama, pa sve do epske bitke sa zmajem koji jede aute. Set je pravi raj za kolekcionare jer nudi dovoljno parkirnih mjesta za vi\u0161e od 50 auti\u0107a u mjerilu 1:64, a dolazi s dva prilo\u017eena vozila kako bi zabava po\u010dela odmah. Za jo\u0161 ve\u0107i Hot Wheels\u2122 City, gara\u017ea se lako povezuje s drugim setovima staza<\/p>\n","protected":false},"excerpt":{"rendered":"<p>Istra\u017eite razli\u010dite zone za utrkivanje, akrobacije i interaktivnu borbu protiv zmaja<br \/>\nParkirno mjesto za vi\u0161e od 50 auti\u0107a (1:64), \u0161to set \u010dini idealnim za organizaciju kolekcije<br \/>\nKompatibilno s drugim Hot Wheels City setovima za izgradnju beskrajnih staza i gradova<\/p>\n","protected":false},"featured_media":0,"template":"","meta":{"_seopress_robots_primary_cat":"","_seopress_titles_title":"","_seopress_titles_desc":"","_seopress_robots_index":"","iawp_total_views":0},"product_brand":[429],"product_cat":[221,263],"product_tag":[],"class_list":{"0":"post-37031","1":"product","2":"type-product","3":"status-publish","5":"product_brand-hot-wheels","6":"product_cat-igracke","7":"product_cat-tematske-igracke-221","9":"first","10":"instock","11":"shipping-taxable","12":"purchasable","13":"product-type-simple"},"_links":{"self":[{"href":"https:\/\/singuli.wpress.me\/index.php\/wp-json\/wp\/v2\/product\/37031","targetHints":{"allow":["GET"]}}],"collection":[{"href":"https:\/\/singuli.wpress.me\/index.php\/wp-json\/wp\/v2\/product"}],"about":[{"href":"https:\/\/singuli.wpress.me\/index.php\/wp-json\/wp\/v2\/types\/product"}],"version-history":[{"count":0,"href":"https:\/\/singuli.wpress.me\/index.php\/wp-json\/wp\/v2\/product\/37031\/revisions"}],"wp:attachment":[{"href":"https:\/\/singuli.wpress.me\/index.php\/wp-json\/wp\/v2\/media?parent=37031"}],"wp:term":[{"taxonomy":"product_brand","embeddable":true,"href":"https:\/\/singuli.wpress.me\/index.php\/wp-json\/wp\/v2\/product_brand?post=37031"},{"taxonomy":"product_cat","embeddable":true,"href":"https:\/\/singuli.wpress.me\/index.php\/wp-json\/wp\/v2\/product_cat?post=37031"},{"taxonomy":"product_tag","embeddable":true,"href":"https:\/\/singuli.wpress.me\/index.php\/wp-json\/wp\/v2\/product_tag?post=37031"}],"curies":[{"name":"wp","href":"https:\/\/api.w.org\/{rel}","templated":true}]}}