{"id":37032,"date":"2026-04-18T18:03:00","date_gmt":"2026-04-18T18:03:00","guid":{"rendered":"https:\/\/singuli.wpress.me\/index.php\/proizvod\/mr-muscle-gel-za-odcepljivanje-kuhinjskih-odvoda-1000-ml\/"},"modified":"2026-04-20T12:33:19","modified_gmt":"2026-04-20T12:33:19","slug":"mr-muscle-gel-za-odcepljivanje-kuhinjskih-odvoda-1000-ml","status":"publish","type":"product","link":"https:\/\/singuli.wpress.me\/index.php\/proizvod\/mr-muscle-gel-za-odcepljivanje-kuhinjskih-odvoda-1000-ml\/","title":{"rendered":"MR. MUSCLE, gel, za od\u010depljivanje kuhinjskih odvoda, 1000\u00a0ml"},"content":{"rendered":"<p>Mr. Muscle\u00ae Kitchen Gel za od\u010depljivanje odvoda u kuhinji probija kroz hranu i masno\u0107u te staja\u0107u vodu. <\/p>\n<p>Uklanja neugodne mirise i bakterije iz odvoda.<\/p>\n","protected":false},"excerpt":{"rendered":"<p>Prodire kroz zaostalu vodu<br \/>\nRje\u0161ava i te\u017ea za\u010depljenja<br \/>\nUklanja neugodne mirise<\/p>\n","protected":false},"featured_media":37033,"template":"","meta":{"_seopress_robots_primary_cat":"","_seopress_titles_title":"","_seopress_titles_desc":"","_seopress_robots_index":"","iawp_total_views":0},"product_brand":[794],"product_cat":[283,238],"product_tag":[],"class_list":{"0":"post-37032","1":"product","2":"type-product","3":"status-publish","4":"has-post-thumbnail","6":"product_brand-mr-muscle","7":"product_cat-pranje-rublja-238","8":"product_cat-sve-za-dom","10":"first","11":"outofstock","12":"shipping-taxable","13":"purchasable","14":"product-type-simple"},"_links":{"self":[{"href":"https:\/\/singuli.wpress.me\/index.php\/wp-json\/wp\/v2\/product\/37032","targetHints":{"allow":["GET"]}}],"collection":[{"href":"https:\/\/singuli.wpress.me\/index.php\/wp-json\/wp\/v2\/product"}],"about":[{"href":"https:\/\/singuli.wpress.me\/index.php\/wp-json\/wp\/v2\/types\/product"}],"version-history":[{"count":0,"href":"https:\/\/singuli.wpress.me\/index.php\/wp-json\/wp\/v2\/product\/37032\/revisions"}],"wp:featuredmedia":[{"embeddable":true,"href":"https:\/\/singuli.wpress.me\/index.php\/wp-json\/wp\/v2\/media\/37033"}],"wp:attachment":[{"href":"https:\/\/singuli.wpress.me\/index.php\/wp-json\/wp\/v2\/media?parent=37032"}],"wp:term":[{"taxonomy":"product_brand","embeddable":true,"href":"https:\/\/singuli.wpress.me\/index.php\/wp-json\/wp\/v2\/product_brand?post=37032"},{"taxonomy":"product_cat","embeddable":true,"href":"https:\/\/singuli.wpress.me\/index.php\/wp-json\/wp\/v2\/product_cat?post=37032"},{"taxonomy":"product_tag","embeddable":true,"href":"https:\/\/singuli.wpress.me\/index.php\/wp-json\/wp\/v2\/product_tag?post=37032"}],"curies":[{"name":"wp","href":"https:\/\/api.w.org\/{rel}","templated":true}]}}