{"id":37037,"date":"2026-04-18T18:03:01","date_gmt":"2026-04-18T18:03:01","guid":{"rendered":"https:\/\/singuli.wpress.me\/index.php\/proizvod\/lindt-heart-box-rose-praline-160-g\/"},"modified":"2026-04-20T12:33:19","modified_gmt":"2026-04-20T12:33:19","slug":"lindt-heart-box-rose-praline-160-g","status":"publish","type":"product","link":"https:\/\/singuli.wpress.me\/index.php\/proizvod\/lindt-heart-box-rose-praline-160-g\/","title":{"rendered":"LINDT Heart Box Rose, praline, 160\u00a0g"},"content":{"rendered":"<p>U\u017eivajte u raznolikosti vrhunskih okusa uz selekciju triju razli\u010ditih vrsta pralina od mlije\u010dne \u010dokolade. Ovo pakiranje od 12 komada donosi savr\u0161en sklad legendarne mlije\u010dne \u010dokolade i tri razli\u010dite varijacije topljivih punjenja, uklju\u010duju\u0107i bogati lje\u0161njak i aromati\u010dnu vaniliju. Svaka pralina izra\u0111ena je s posebnom pa\u017enjom majstora \u010dokolade Lindt &amp; Spr\u00fcngli, koriste\u0107i najfinije sastojke poput ekstrakta je\u010dmenog slada i prave mahune vanilije. Idealna kombinacija za one koji \u017eele istra\u017eiti razli\u010dite nijanse kremastog u\u017eitka u jednom pakiranju.<\/p>\n","protected":false},"excerpt":{"rendered":"<p>Pa\u017eljivo odabrana mje\u0161avina triju vrsta pralina s razli\u010ditim kremastim punjenjima za raznoliko iskustvo okusa<br \/>\nFormula oboga\u0107ena lje\u0161njacima, prirodnim aromama i pravom mahunom vanilije za profinjen i bogat profil okusa<br \/>\nSvilenkasta mlije\u010dna \u010dokolada (min. 32% kakaa) koja se u dodiru s nepcem pretvara u nje\u017eno, teku\u0107e punjenje<\/p>\n","protected":false},"featured_media":37038,"template":"","meta":{"_seopress_robots_primary_cat":"","_seopress_titles_title":"","_seopress_titles_desc":"","_seopress_robots_index":"","iawp_total_views":0},"product_brand":[758],"product_cat":[261,277],"product_tag":[],"class_list":{"0":"post-37037","1":"product","2":"type-product","3":"status-publish","4":"has-post-thumbnail","6":"product_brand-lindt","7":"product_cat-hrana-i-pice","8":"product_cat-slatkisi-i-grickalice-261","10":"first","11":"instock","12":"shipping-taxable","13":"purchasable","14":"product-type-simple"},"_links":{"self":[{"href":"https:\/\/singuli.wpress.me\/index.php\/wp-json\/wp\/v2\/product\/37037","targetHints":{"allow":["GET"]}}],"collection":[{"href":"https:\/\/singuli.wpress.me\/index.php\/wp-json\/wp\/v2\/product"}],"about":[{"href":"https:\/\/singuli.wpress.me\/index.php\/wp-json\/wp\/v2\/types\/product"}],"version-history":[{"count":0,"href":"https:\/\/singuli.wpress.me\/index.php\/wp-json\/wp\/v2\/product\/37037\/revisions"}],"wp:featuredmedia":[{"embeddable":true,"href":"https:\/\/singuli.wpress.me\/index.php\/wp-json\/wp\/v2\/media\/37038"}],"wp:attachment":[{"href":"https:\/\/singuli.wpress.me\/index.php\/wp-json\/wp\/v2\/media?parent=37037"}],"wp:term":[{"taxonomy":"product_brand","embeddable":true,"href":"https:\/\/singuli.wpress.me\/index.php\/wp-json\/wp\/v2\/product_brand?post=37037"},{"taxonomy":"product_cat","embeddable":true,"href":"https:\/\/singuli.wpress.me\/index.php\/wp-json\/wp\/v2\/product_cat?post=37037"},{"taxonomy":"product_tag","embeddable":true,"href":"https:\/\/singuli.wpress.me\/index.php\/wp-json\/wp\/v2\/product_tag?post=37037"}],"curies":[{"name":"wp","href":"https:\/\/api.w.org\/{rel}","templated":true}]}}