{"id":37045,"date":"2026-04-18T18:03:02","date_gmt":"2026-04-18T18:03:02","guid":{"rendered":"https:\/\/singuli.wpress.me\/index.php\/proizvod\/peppa-pig-logicka-igra-edukativna-igra\/"},"modified":"2026-04-21T00:26:50","modified_gmt":"2026-04-21T00:26:50","slug":"peppa-pig-logicka-igra-edukativna-igra","status":"publish","type":"product","link":"https:\/\/singuli.wpress.me\/index.php\/proizvod\/peppa-pig-logicka-igra-edukativna-igra\/","title":{"rendered":"PEPPA PIG Logi\u010dka igra, edukativna igra"},"content":{"rendered":"<p>Ovaj <strong>edukativni set<\/strong> sadr\u017ei dvije jednostavne logi\u010dke igre namijenjene <strong>najmla\u0111ima<\/strong>! Svaka igra uklju\u010duje <strong>12 mini-slagalica<\/strong> koje djeca sla\u017eu povezivanjem sli\u010dica koje pripadaju zajedno.<\/p>\n<p>Uz igru i zabavu, djeca razvijaju <strong>sposobnost opa\u017eanja, prepoznavanja uzoraka i logi\u010dko razmi\u0161ljanje<\/strong> \u2013 sve to kroz interakciju s omiljenim likom, <strong>Pepom Pig<\/strong>!<\/p>\n<p>Ovaj set nudi dvostruku edukativnu vrijednost i idealan je za razvoj klju\u010dnih vje\u0161tina kod pred\u0161kolske djece.<\/p>\n","protected":false},"excerpt":{"rendered":"<p>Sadr\u017ei 2 jednostavne logi\u010dke igre<br \/>\nUkupno 12 mini-slagalica<br \/>\nRazvija sposobnost opa\u017eanja, logi\u010dko razmi\u0161ljanje i prepoznavanje uzoraka<\/p>\n","protected":false},"featured_media":37046,"template":"","meta":{"_seopress_robots_primary_cat":"","_seopress_titles_title":"","_seopress_titles_desc":"","_seopress_robots_index":"","iawp_total_views":0},"product_brand":[351],"product_cat":[221,291],"product_tag":[],"class_list":{"0":"post-37045","1":"product","2":"type-product","3":"status-publish","4":"has-post-thumbnail","6":"product_brand-peppa-pig","7":"product_cat-igracke","8":"product_cat-igracke-za-djecu-221","10":"first","11":"instock","12":"shipping-taxable","13":"purchasable","14":"product-type-simple"},"_links":{"self":[{"href":"https:\/\/singuli.wpress.me\/index.php\/wp-json\/wp\/v2\/product\/37045","targetHints":{"allow":["GET"]}}],"collection":[{"href":"https:\/\/singuli.wpress.me\/index.php\/wp-json\/wp\/v2\/product"}],"about":[{"href":"https:\/\/singuli.wpress.me\/index.php\/wp-json\/wp\/v2\/types\/product"}],"version-history":[{"count":0,"href":"https:\/\/singuli.wpress.me\/index.php\/wp-json\/wp\/v2\/product\/37045\/revisions"}],"wp:featuredmedia":[{"embeddable":true,"href":"https:\/\/singuli.wpress.me\/index.php\/wp-json\/wp\/v2\/media\/37046"}],"wp:attachment":[{"href":"https:\/\/singuli.wpress.me\/index.php\/wp-json\/wp\/v2\/media?parent=37045"}],"wp:term":[{"taxonomy":"product_brand","embeddable":true,"href":"https:\/\/singuli.wpress.me\/index.php\/wp-json\/wp\/v2\/product_brand?post=37045"},{"taxonomy":"product_cat","embeddable":true,"href":"https:\/\/singuli.wpress.me\/index.php\/wp-json\/wp\/v2\/product_cat?post=37045"},{"taxonomy":"product_tag","embeddable":true,"href":"https:\/\/singuli.wpress.me\/index.php\/wp-json\/wp\/v2\/product_tag?post=37045"}],"curies":[{"name":"wp","href":"https:\/\/api.w.org\/{rel}","templated":true}]}}