{"id":37061,"date":"2026-04-18T18:03:10","date_gmt":"2026-04-18T18:03:10","guid":{"rendered":"https:\/\/singuli.wpress.me\/index.php\/proizvod\/peppa-pig-3d-kuca-kreativni-set\/"},"modified":"2026-04-21T00:26:50","modified_gmt":"2026-04-21T00:26:50","slug":"peppa-pig-3d-kuca-kreativni-set","status":"publish","type":"product","link":"https:\/\/singuli.wpress.me\/index.php\/proizvod\/peppa-pig-3d-kuca-kreativni-set\/","title":{"rendered":"PEPPA PIG 3D ku\u0107a, kreativni set"},"content":{"rendered":"<p>Ova <strong>zabavna i edukativna igra<\/strong> poti\u010de najmla\u0111e na <strong>kreativnost i u\u010denje<\/strong>. Djeca \u0107e u\u017eivati sastavljaju\u0107i <strong>kartonsku ku\u0107u s 3D namje\u0161tajem<\/strong>, razvijaju\u0107i pritom prostornu percepciju.<\/p>\n<p>Nakon sastavljanja, mo\u0107i \u0107e igrati razne igre koje razvijaju <strong>logiku i povezivanje<\/strong>.<\/p>\n<p>Ovaj set je idealan za <strong>razvoj ma\u0161te i osnovnih vje\u0161tina<\/strong> kroz igru. Savr\u0161en je za sate kreativne i konstruktivne zabave!<\/p>\n","protected":false},"excerpt":{"rendered":"<p>Sastavljanje kartonske ku\u0107e s 3D namje\u0161tajem<br \/>\nEdukativna igra za razvoj logike i povezivanja<br \/>\nPoti\u010de kreativnost, ma\u0161tu i prostornu percepciju<\/p>\n","protected":false},"featured_media":37062,"template":"","meta":{"_seopress_robots_primary_cat":"","_seopress_titles_title":"","_seopress_titles_desc":"","_seopress_robots_index":"","iawp_total_views":0},"product_brand":[351],"product_cat":[221,291],"product_tag":[],"class_list":{"0":"post-37061","1":"product","2":"type-product","3":"status-publish","4":"has-post-thumbnail","6":"product_brand-peppa-pig","7":"product_cat-igracke","8":"product_cat-igracke-za-djecu-221","10":"first","11":"outofstock","12":"shipping-taxable","13":"purchasable","14":"product-type-simple"},"_links":{"self":[{"href":"https:\/\/singuli.wpress.me\/index.php\/wp-json\/wp\/v2\/product\/37061","targetHints":{"allow":["GET"]}}],"collection":[{"href":"https:\/\/singuli.wpress.me\/index.php\/wp-json\/wp\/v2\/product"}],"about":[{"href":"https:\/\/singuli.wpress.me\/index.php\/wp-json\/wp\/v2\/types\/product"}],"version-history":[{"count":0,"href":"https:\/\/singuli.wpress.me\/index.php\/wp-json\/wp\/v2\/product\/37061\/revisions"}],"wp:featuredmedia":[{"embeddable":true,"href":"https:\/\/singuli.wpress.me\/index.php\/wp-json\/wp\/v2\/media\/37062"}],"wp:attachment":[{"href":"https:\/\/singuli.wpress.me\/index.php\/wp-json\/wp\/v2\/media?parent=37061"}],"wp:term":[{"taxonomy":"product_brand","embeddable":true,"href":"https:\/\/singuli.wpress.me\/index.php\/wp-json\/wp\/v2\/product_brand?post=37061"},{"taxonomy":"product_cat","embeddable":true,"href":"https:\/\/singuli.wpress.me\/index.php\/wp-json\/wp\/v2\/product_cat?post=37061"},{"taxonomy":"product_tag","embeddable":true,"href":"https:\/\/singuli.wpress.me\/index.php\/wp-json\/wp\/v2\/product_tag?post=37061"}],"curies":[{"name":"wp","href":"https:\/\/api.w.org\/{rel}","templated":true}]}}