{"id":37067,"date":"2026-04-18T18:03:13","date_gmt":"2026-04-18T18:03:13","guid":{"rendered":"https:\/\/singuli.wpress.me\/index.php\/proizvod\/peppa-pig-skola-crtanja-kreativni-set\/"},"modified":"2026-04-20T12:33:19","modified_gmt":"2026-04-20T12:33:19","slug":"peppa-pig-skola-crtanja-kreativni-set","status":"publish","type":"product","link":"https:\/\/singuli.wpress.me\/index.php\/proizvod\/peppa-pig-skola-crtanja-kreativni-set\/","title":{"rendered":"PEPPA PIG \u0160kola crtanja, kreativni set"},"content":{"rendered":"<p>U\u010di crtati s <strong>Peppom Pig<\/strong>! Prava mala <strong>\u0161kola crtanja<\/strong> u jednom kompletu! Ovaj bogat i zabavan set savr\u0161en je za razvoj spretnosti, kreativnosti i ma\u0161te kod djece.<\/p>\n<p>Komplet uklju\u010duje: <strong>4 plo\u010de za pisanje i brisanje<\/strong>, **flomaster koji se mo\u017ee brisati** te <strong>bilje\u017enicu punu crte\u017ea<\/strong> koji \u0107e vas voditi korak po korak u u\u010denju crtanja.<\/p>\n<p>Zahvaljuju\u0107i opciji brisanja, djeca mogu vje\u017ebati crtanje bez straha od pogre\u0161ke, \u010dine\u0107i u\u010denje zabavnim i interaktivnim!<\/p>\n","protected":false},"excerpt":{"rendered":"<p>Kreativni set za u\u010denje crtanja<br \/>\n4 plo\u010de za brisanje, flomaster, bilje\u017enica s uputama korak po korak<br \/>\nPoti\u010de razvoj spretnosti, kreativnosti i ma\u0161te<\/p>\n","protected":false},"featured_media":37068,"template":"","meta":{"_seopress_robots_primary_cat":"","_seopress_titles_title":"","_seopress_titles_desc":"","_seopress_robots_index":"","iawp_total_views":0},"product_brand":[351],"product_cat":[221,291],"product_tag":[],"class_list":{"0":"post-37067","1":"product","2":"type-product","3":"status-publish","4":"has-post-thumbnail","6":"product_brand-peppa-pig","7":"product_cat-igracke","8":"product_cat-igracke-za-djecu-221","10":"first","11":"instock","12":"shipping-taxable","13":"purchasable","14":"product-type-simple"},"_links":{"self":[{"href":"https:\/\/singuli.wpress.me\/index.php\/wp-json\/wp\/v2\/product\/37067","targetHints":{"allow":["GET"]}}],"collection":[{"href":"https:\/\/singuli.wpress.me\/index.php\/wp-json\/wp\/v2\/product"}],"about":[{"href":"https:\/\/singuli.wpress.me\/index.php\/wp-json\/wp\/v2\/types\/product"}],"version-history":[{"count":0,"href":"https:\/\/singuli.wpress.me\/index.php\/wp-json\/wp\/v2\/product\/37067\/revisions"}],"wp:featuredmedia":[{"embeddable":true,"href":"https:\/\/singuli.wpress.me\/index.php\/wp-json\/wp\/v2\/media\/37068"}],"wp:attachment":[{"href":"https:\/\/singuli.wpress.me\/index.php\/wp-json\/wp\/v2\/media?parent=37067"}],"wp:term":[{"taxonomy":"product_brand","embeddable":true,"href":"https:\/\/singuli.wpress.me\/index.php\/wp-json\/wp\/v2\/product_brand?post=37067"},{"taxonomy":"product_cat","embeddable":true,"href":"https:\/\/singuli.wpress.me\/index.php\/wp-json\/wp\/v2\/product_cat?post=37067"},{"taxonomy":"product_tag","embeddable":true,"href":"https:\/\/singuli.wpress.me\/index.php\/wp-json\/wp\/v2\/product_tag?post=37067"}],"curies":[{"name":"wp","href":"https:\/\/api.w.org\/{rel}","templated":true}]}}