{"id":37072,"date":"2026-04-18T18:03:16","date_gmt":"2026-04-18T18:03:16","guid":{"rendered":"https:\/\/singuli.wpress.me\/index.php\/proizvod\/peppa-pig-super-stol-edukativna-igra\/"},"modified":"2026-04-20T12:33:19","modified_gmt":"2026-04-20T12:33:19","slug":"peppa-pig-super-stol-edukativna-igra","status":"publish","type":"product","link":"https:\/\/singuli.wpress.me\/index.php\/proizvod\/peppa-pig-super-stol-edukativna-igra\/","title":{"rendered":"PEPPA PIG Super stol, edukativna igra"},"content":{"rendered":"<p>Ovaj <strong>\u0161areni edukativni stoli\u0107<\/strong> prava je \u010darolija za najmla\u0111e istra\u017eiva\u010de! Stoli\u0107 sadr\u017ei **preko 10 zabavnih i jednostavnih igara**, savr\u0161enih za upoznavanje osnovnih vje\u0161tina kod djece od dvije godine.<\/p>\n<p>Kroz igru i dru\u017eenje s omiljenim likovima iz **Peppa Pig svijeta**, va\u0161e dijete \u0107e razvijati **pa\u017enju i ma\u0161tu**, dok u\u010denje nikad nije bilo zabavnije!<\/p>\n<p>Interaktivne igre poti\u010du znati\u017eelju i poma\u017eu u razvoju kognitivnih i motori\u010dkih sposobnosti djeteta.<\/p>\n","protected":false},"excerpt":{"rendered":"<p>\u0160areni edukativni stoli\u0107 s motivima Peppa Pig<br \/>\nSadr\u017ei preko 10 zabavnih i jednostavnih igara<br \/>\nPoti\u010de razvoj pa\u017enje, ma\u0161te i osnovnih vje\u0161tina<\/p>\n","protected":false},"featured_media":37073,"template":"","meta":{"_seopress_robots_primary_cat":"","_seopress_titles_title":"","_seopress_titles_desc":"","_seopress_robots_index":"","iawp_total_views":0},"product_brand":[351],"product_cat":[221,291],"product_tag":[],"class_list":{"0":"post-37072","1":"product","2":"type-product","3":"status-publish","4":"has-post-thumbnail","6":"product_brand-peppa-pig","7":"product_cat-igracke","8":"product_cat-igracke-za-djecu-221","10":"first","11":"instock","12":"shipping-taxable","13":"purchasable","14":"product-type-simple"},"_links":{"self":[{"href":"https:\/\/singuli.wpress.me\/index.php\/wp-json\/wp\/v2\/product\/37072","targetHints":{"allow":["GET"]}}],"collection":[{"href":"https:\/\/singuli.wpress.me\/index.php\/wp-json\/wp\/v2\/product"}],"about":[{"href":"https:\/\/singuli.wpress.me\/index.php\/wp-json\/wp\/v2\/types\/product"}],"version-history":[{"count":0,"href":"https:\/\/singuli.wpress.me\/index.php\/wp-json\/wp\/v2\/product\/37072\/revisions"}],"wp:featuredmedia":[{"embeddable":true,"href":"https:\/\/singuli.wpress.me\/index.php\/wp-json\/wp\/v2\/media\/37073"}],"wp:attachment":[{"href":"https:\/\/singuli.wpress.me\/index.php\/wp-json\/wp\/v2\/media?parent=37072"}],"wp:term":[{"taxonomy":"product_brand","embeddable":true,"href":"https:\/\/singuli.wpress.me\/index.php\/wp-json\/wp\/v2\/product_brand?post=37072"},{"taxonomy":"product_cat","embeddable":true,"href":"https:\/\/singuli.wpress.me\/index.php\/wp-json\/wp\/v2\/product_cat?post=37072"},{"taxonomy":"product_tag","embeddable":true,"href":"https:\/\/singuli.wpress.me\/index.php\/wp-json\/wp\/v2\/product_tag?post=37072"}],"curies":[{"name":"wp","href":"https:\/\/api.w.org\/{rel}","templated":true}]}}