{"id":37078,"date":"2026-04-18T18:03:19","date_gmt":"2026-04-18T18:03:19","guid":{"rendered":"https:\/\/singuli.wpress.me\/index.php\/proizvod\/peppa-pig-edukativna-igra\/"},"modified":"2026-04-20T12:33:19","modified_gmt":"2026-04-20T12:33:19","slug":"peppa-pig-edukativna-igra","status":"publish","type":"product","link":"https:\/\/singuli.wpress.me\/index.php\/proizvod\/peppa-pig-edukativna-igra\/","title":{"rendered":"PEPPA PIG, edukativna igra"},"content":{"rendered":"<p><strong>Zabavna i edukativna kolekcija igara<\/strong> za najmla\u0111e, s <strong>Peppom Pig i njenim prijateljima<\/strong>! Ove igre su savr\u0161en izbor za razvoj **osnovnih vje\u0161tina, logi\u010dkog razmi\u0161ljanja, pam\u0107enja i ma\u0161te** kod djece.<\/p>\n<p>Svaka aktivnost osmi\u0161ljena je tako da poti\u010de **kreativnost i koncentraciju** kroz povezivanje i slaganje razli\u010ditih dijelova.<\/p>\n<p>Budite bez brige, igra\u010dke su izra\u0111ene od <strong>sigurnih i certificiranih materijala<\/strong>, pa je igra istovremeno sigurna i pou\u010dna. Pru\u017eite djetetu sate kvalitetne zabave!<\/p>\n","protected":false},"excerpt":{"rendered":"<p>Kolekcija edukativnih igara s likovima Peppa Pig<br \/>\nRazvija logi\u010dko razmi\u0161ljanje, pam\u0107enje, ma\u0161tu i osnovne vje\u0161tine<br \/>\nPoti\u010de kreativnost i koncentraciju<\/p>\n","protected":false},"featured_media":37079,"template":"","meta":{"_seopress_robots_primary_cat":"","_seopress_titles_title":"","_seopress_titles_desc":"","_seopress_robots_index":"","iawp_total_views":0},"product_brand":[351],"product_cat":[221,291],"product_tag":[],"class_list":{"0":"post-37078","1":"product","2":"type-product","3":"status-publish","4":"has-post-thumbnail","6":"product_brand-peppa-pig","7":"product_cat-igracke","8":"product_cat-igracke-za-djecu-221","10":"first","11":"instock","12":"shipping-taxable","13":"purchasable","14":"product-type-simple"},"_links":{"self":[{"href":"https:\/\/singuli.wpress.me\/index.php\/wp-json\/wp\/v2\/product\/37078","targetHints":{"allow":["GET"]}}],"collection":[{"href":"https:\/\/singuli.wpress.me\/index.php\/wp-json\/wp\/v2\/product"}],"about":[{"href":"https:\/\/singuli.wpress.me\/index.php\/wp-json\/wp\/v2\/types\/product"}],"version-history":[{"count":0,"href":"https:\/\/singuli.wpress.me\/index.php\/wp-json\/wp\/v2\/product\/37078\/revisions"}],"wp:featuredmedia":[{"embeddable":true,"href":"https:\/\/singuli.wpress.me\/index.php\/wp-json\/wp\/v2\/media\/37079"}],"wp:attachment":[{"href":"https:\/\/singuli.wpress.me\/index.php\/wp-json\/wp\/v2\/media?parent=37078"}],"wp:term":[{"taxonomy":"product_brand","embeddable":true,"href":"https:\/\/singuli.wpress.me\/index.php\/wp-json\/wp\/v2\/product_brand?post=37078"},{"taxonomy":"product_cat","embeddable":true,"href":"https:\/\/singuli.wpress.me\/index.php\/wp-json\/wp\/v2\/product_cat?post=37078"},{"taxonomy":"product_tag","embeddable":true,"href":"https:\/\/singuli.wpress.me\/index.php\/wp-json\/wp\/v2\/product_tag?post=37078"}],"curies":[{"name":"wp","href":"https:\/\/api.w.org\/{rel}","templated":true}]}}