{"id":37090,"date":"2026-04-18T18:03:23","date_gmt":"2026-04-18T18:03:23","guid":{"rendered":"https:\/\/singuli.wpress.me\/index.php\/proizvod\/himalaya-visenamjenska-krema-20-g\/"},"modified":"2026-04-20T12:33:19","modified_gmt":"2026-04-20T12:33:19","slug":"himalaya-visenamjenska-krema-20-g","status":"publish","type":"product","link":"https:\/\/singuli.wpress.me\/index.php\/proizvod\/himalaya-visenamjenska-krema-20-g\/","title":{"rendered":"HIMALAYA vi\u0161enamjenska, krema, 20\u00a0g"},"content":{"rendered":"<p>\n    <strong>Za\u0161titna i umiruju\u0107a krema za nadra\u017eenu i bolnu ko\u017eu<\/strong>\n<\/p>\n<p>\n    Ova krema je namijenjena za <strong>za\u0161titu i umirivanje nadra\u017eene i bolne ko\u017ee<\/strong>. Pru\u017ea u\u010dinkovitu za\u0161titu te poma\u017ee u odr\u017eavanju op\u0107eg stanja i prirodne barijere ko\u017ee.\n<\/p>\n<p>\n    Oboga\u0107ena je klju\u010dnim prirodnim sastojcima:\n<\/p>\n<ul>\n<li><strong>Ekstrakt Aloe Vere:<\/strong> Poznat po sna\u017enom <strong>umiruju\u0107em djelovanju<\/strong> i antibakterijskim svojstvima.<\/li>\n<li><strong>Ekstrakt Indijske Bro\u0107ike<\/strong> i <strong>Petolisne Konopljike:<\/strong> Djeluju sinergijski kako bi <strong>oja\u010dali prirodnu barijeru ko\u017ee<\/strong> i smirili iritacije.<\/li>\n<\/ul>\n<p>\n    Krema smiruje nadra\u017eenu ko\u017eu, <strong>\u0161titi<\/strong> je i poma\u017ee joj da se oporavi.<\/p>\n","protected":false},"excerpt":{"rendered":"<p>Umirivanje nadra\u017eene i bolne ko\u017ee<br \/>\n\u0160titi, smiruje i ja\u010da prirodnu barijeru ko\u017ee<br \/>\nKozmeti\u010dka krema za vanjsku upotrebu<\/p>\n","protected":false},"featured_media":37091,"template":"","meta":{"_seopress_robots_primary_cat":"","_seopress_titles_title":"","_seopress_titles_desc":"","_seopress_robots_index":"","iawp_total_views":0},"product_brand":[795],"product_cat":[268,278],"product_tag":[],"class_list":{"0":"post-37090","1":"product","2":"type-product","3":"status-publish","4":"has-post-thumbnail","6":"product_brand-himalaya","7":"product_cat-kozmetika-2","8":"product_cat-njega-tijela-268","10":"first","11":"instock","12":"shipping-taxable","13":"purchasable","14":"product-type-simple"},"_links":{"self":[{"href":"https:\/\/singuli.wpress.me\/index.php\/wp-json\/wp\/v2\/product\/37090","targetHints":{"allow":["GET"]}}],"collection":[{"href":"https:\/\/singuli.wpress.me\/index.php\/wp-json\/wp\/v2\/product"}],"about":[{"href":"https:\/\/singuli.wpress.me\/index.php\/wp-json\/wp\/v2\/types\/product"}],"version-history":[{"count":0,"href":"https:\/\/singuli.wpress.me\/index.php\/wp-json\/wp\/v2\/product\/37090\/revisions"}],"wp:featuredmedia":[{"embeddable":true,"href":"https:\/\/singuli.wpress.me\/index.php\/wp-json\/wp\/v2\/media\/37091"}],"wp:attachment":[{"href":"https:\/\/singuli.wpress.me\/index.php\/wp-json\/wp\/v2\/media?parent=37090"}],"wp:term":[{"taxonomy":"product_brand","embeddable":true,"href":"https:\/\/singuli.wpress.me\/index.php\/wp-json\/wp\/v2\/product_brand?post=37090"},{"taxonomy":"product_cat","embeddable":true,"href":"https:\/\/singuli.wpress.me\/index.php\/wp-json\/wp\/v2\/product_cat?post=37090"},{"taxonomy":"product_tag","embeddable":true,"href":"https:\/\/singuli.wpress.me\/index.php\/wp-json\/wp\/v2\/product_tag?post=37090"}],"curies":[{"name":"wp","href":"https:\/\/api.w.org\/{rel}","templated":true}]}}