{"id":37096,"date":"2026-04-18T18:03:25","date_gmt":"2026-04-18T18:03:25","guid":{"rendered":"https:\/\/singuli.wpress.me\/index.php\/proizvod\/himalaya-koflet-h-s-okusom-limmuna-pastile-12-kom\/"},"modified":"2026-04-20T12:33:19","modified_gmt":"2026-04-20T12:33:19","slug":"himalaya-koflet-h-s-okusom-limmuna-pastile-12-kom","status":"publish","type":"product","link":"https:\/\/singuli.wpress.me\/index.php\/proizvod\/himalaya-koflet-h-s-okusom-limmuna-pastile-12-kom\/","title":{"rendered":"HIMALAYA Koflet H s okusom limmuna, pastile, 12\u00a0kom"},"content":{"rendered":"<p>\n    <strong>Himalaya Koflet pastile (s okusom limuna) \u2013 Prirodna pomo\u0107 za grlo<\/strong>\n<\/p>\n<p>\n    <strong>Himalaya Koflet pastile<\/strong> prirodna su pomo\u0107 za <strong>grlo i di\u0161ne putove<\/strong>, s osvje\u017eavaju\u0107om <strong>aromom limuna<\/strong>. Proizvod je razvijen na temelju tradicionalnih <strong>biljnih recepata i ayurvedskih znanja<\/strong>, uz pa\u017eljivo odabrane sastojke kombinirane u kontroliranom procesu proizvodnje radi visoke kvalitete i djelotvornosti.\n<\/p>\n<p>\n    Himalaya Koflet sadr\u017ei <strong>prirodne biljne ekstrakte<\/strong> poput <strong>meda, \u0111umbira i klin\u010di\u0107a<\/strong>, koji djeluju <strong>umiruju\u0107e i olak\u0161avaju disanje<\/strong>.\n<\/p>\n<h3>Djelovanje i koristi:<\/h3>\n<ul>\n<li><strong>Ubla\u017euje iritaciju:<\/strong> Pastile ubla\u017eavaju <strong>nadra\u017eaj grla<\/strong>, smanjuju osje\u0107aj <strong>grebanja i suho\u0107e<\/strong>.<\/li>\n<li><strong>Za\u0161tita sluznice:<\/strong> Poti\u010du stvaranje <strong>za\u0161titnog sloja na sluznici<\/strong>.<\/li>\n<li><strong>Dugotrajan u\u010dinak:<\/strong> Uravnote\u017een biljni sastav omogu\u0107uje <strong>postupno otpu\u0161tanje djelatnih tvari<\/strong> tijekom otapanja u ustima, pru\u017eaju\u0107i dugotrajan osje\u0107aj olak\u0161anja.<\/li>\n<\/ul>\n<p>\n    <strong>Preporu\u010duju se za ubla\u017eavanje nadra\u017eenog grla, promuklosti, ka\u0161lja i suhih usta.<\/strong><\/p>\n","protected":false},"excerpt":{"rendered":"<p>Pomo\u0107 za grlo\/di\u0161ne putove<br \/>\nOsvje\u017eavaju\u0107a aroma limuna i meda<br \/>\nUbla\u017eava nadra\u017eaj, smanjuje grebanje i suho\u0107u, olak\u0161ava disanje<\/p>\n","protected":false},"featured_media":37097,"template":"","meta":{"_seopress_robots_primary_cat":"","_seopress_titles_title":"","_seopress_titles_desc":"","_seopress_robots_index":"","iawp_total_views":0},"product_brand":[795],"product_cat":[211,289],"product_tag":[],"class_list":{"0":"post-37096","1":"product","2":"type-product","3":"status-publish","4":"has-post-thumbnail","6":"product_brand-himalaya","7":"product_cat-njega-majke-i-djeteta","8":"product_cat-trudnoca-i-vitamini-211","10":"first","11":"instock","12":"shipping-taxable","13":"purchasable","14":"product-type-simple"},"_links":{"self":[{"href":"https:\/\/singuli.wpress.me\/index.php\/wp-json\/wp\/v2\/product\/37096","targetHints":{"allow":["GET"]}}],"collection":[{"href":"https:\/\/singuli.wpress.me\/index.php\/wp-json\/wp\/v2\/product"}],"about":[{"href":"https:\/\/singuli.wpress.me\/index.php\/wp-json\/wp\/v2\/types\/product"}],"version-history":[{"count":0,"href":"https:\/\/singuli.wpress.me\/index.php\/wp-json\/wp\/v2\/product\/37096\/revisions"}],"wp:featuredmedia":[{"embeddable":true,"href":"https:\/\/singuli.wpress.me\/index.php\/wp-json\/wp\/v2\/media\/37097"}],"wp:attachment":[{"href":"https:\/\/singuli.wpress.me\/index.php\/wp-json\/wp\/v2\/media?parent=37096"}],"wp:term":[{"taxonomy":"product_brand","embeddable":true,"href":"https:\/\/singuli.wpress.me\/index.php\/wp-json\/wp\/v2\/product_brand?post=37096"},{"taxonomy":"product_cat","embeddable":true,"href":"https:\/\/singuli.wpress.me\/index.php\/wp-json\/wp\/v2\/product_cat?post=37096"},{"taxonomy":"product_tag","embeddable":true,"href":"https:\/\/singuli.wpress.me\/index.php\/wp-json\/wp\/v2\/product_tag?post=37096"}],"curies":[{"name":"wp","href":"https:\/\/api.w.org\/{rel}","templated":true}]}}