{"id":37109,"date":"2026-04-18T18:03:27","date_gmt":"2026-04-18T18:03:27","guid":{"rendered":"https:\/\/singuli.wpress.me\/index.php\/proizvod\/duck-marine-tableta-za-vodokotlic-50-g\/"},"modified":"2026-04-20T12:33:19","modified_gmt":"2026-04-20T12:33:19","slug":"duck-marine-tableta-za-vodokotlic-50-g","status":"publish","type":"product","link":"https:\/\/singuli.wpress.me\/index.php\/proizvod\/duck-marine-tableta-za-vodokotlic-50-g\/","title":{"rendered":"DUCK Marine, tableta, za vodokotli\u0107, 50\u00a0g"},"content":{"rendered":"<p>Duck\u00ae za vodokotli\u0107 \u010disti, poma\u017ee u spre\u010davanju kamenca te osvje\u017eava vodokoti\u0107.<\/p>\n<p>Upute za uporabu:<br \/>\n1. Otvorite poklopac vodokotli\u0107a. Ne uklanjajte topivi omot.<br \/>\n2. Izvadite proizvod iz pakiranja.<br \/>\n3. Umetnite tabletu u vodokotli\u0107 na suprotni kraj od ru\u010dke za pu\u0161tanje vode. Izbjegavajte kontakt s ko\u017eom.<br \/>\n4. Pri\u010dekajte 5 min, da se proizvod sam otopi, prije pu\u0161tanja vode. Kada plava boja po\u010dne blijediti ubacite novi Duck\u00ae za vodokotli\u0107.<\/p>\n","protected":false},"excerpt":{"rendered":"<p>\u010cisti vodokotli\u0107<br \/>\nSpre\u010dava kamenac<br \/>\nOsvje\u017eava vodokotli\u0107<\/p>\n","protected":false},"featured_media":37110,"template":"","meta":{"_seopress_robots_primary_cat":"","_seopress_titles_title":"","_seopress_titles_desc":"","_seopress_robots_index":"","iawp_total_views":0},"product_brand":[410],"product_cat":[284,238],"product_tag":[],"class_list":{"0":"post-37109","1":"product","2":"type-product","3":"status-publish","4":"has-post-thumbnail","6":"product_brand-duck","7":"product_cat-sredstva-za-ciscenje-238","8":"product_cat-sve-za-dom","10":"first","11":"instock","12":"shipping-taxable","13":"purchasable","14":"product-type-simple"},"_links":{"self":[{"href":"https:\/\/singuli.wpress.me\/index.php\/wp-json\/wp\/v2\/product\/37109","targetHints":{"allow":["GET"]}}],"collection":[{"href":"https:\/\/singuli.wpress.me\/index.php\/wp-json\/wp\/v2\/product"}],"about":[{"href":"https:\/\/singuli.wpress.me\/index.php\/wp-json\/wp\/v2\/types\/product"}],"version-history":[{"count":0,"href":"https:\/\/singuli.wpress.me\/index.php\/wp-json\/wp\/v2\/product\/37109\/revisions"}],"wp:featuredmedia":[{"embeddable":true,"href":"https:\/\/singuli.wpress.me\/index.php\/wp-json\/wp\/v2\/media\/37110"}],"wp:attachment":[{"href":"https:\/\/singuli.wpress.me\/index.php\/wp-json\/wp\/v2\/media?parent=37109"}],"wp:term":[{"taxonomy":"product_brand","embeddable":true,"href":"https:\/\/singuli.wpress.me\/index.php\/wp-json\/wp\/v2\/product_brand?post=37109"},{"taxonomy":"product_cat","embeddable":true,"href":"https:\/\/singuli.wpress.me\/index.php\/wp-json\/wp\/v2\/product_cat?post=37109"},{"taxonomy":"product_tag","embeddable":true,"href":"https:\/\/singuli.wpress.me\/index.php\/wp-json\/wp\/v2\/product_tag?post=37109"}],"curies":[{"name":"wp","href":"https:\/\/api.w.org\/{rel}","templated":true}]}}