{"id":37111,"date":"2026-04-18T18:03:28","date_gmt":"2026-04-18T18:03:28","guid":{"rendered":"https:\/\/singuli.wpress.me\/index.php\/proizvod\/himalaya-rumalaya-gel-50-ml\/"},"modified":"2026-04-20T12:33:19","modified_gmt":"2026-04-20T12:33:19","slug":"himalaya-rumalaya-gel-50-ml","status":"publish","type":"product","link":"https:\/\/singuli.wpress.me\/index.php\/proizvod\/himalaya-rumalaya-gel-50-ml\/","title":{"rendered":"HIMALAYA Rumalaya, gel, 50\u00a0ml"},"content":{"rendered":"<p>\n    <strong>Himalaya Rumalaya gel \u2013 Masa\u017eni gel za ubla\u017eavanje bolova u mi\u0161i\u0107ima i zglobovima<\/strong>\n<\/p>\n<p>\n    <strong>Himalaya Rumalaya gel<\/strong> biljni je pripravak za <strong>vanjsku primjenu<\/strong> s <strong>klini\u010dki dokazanim djelovanjem<\/strong> u ubla\u017eavanju bolova u mi\u0161i\u0107ima i zglobovima. Pakiran je u tubi od <strong>50 ml<\/strong>.\n<\/p>\n<p>\n    Zahvaljuju\u0107i prirodnim ekstraktima, gel <strong>brzo prodire u ko\u017eu<\/strong>, smanjuje <strong>uko\u010denost i upalu<\/strong>, te pru\u017ea ugodan <strong>osje\u0107aj hla\u0111enja i olak\u0161anja<\/strong>.\n<\/p>\n<h3>Klju\u010dne prednosti i primjena:<\/h3>\n<ul>\n<li><strong>Ubla\u017eavanje boli:<\/strong> Brzo i u\u010dinkovito ubla\u017eava bolove u mi\u0161i\u0107ima i zglobovima.<\/li>\n<li><strong>Smanjenje upale:<\/strong> Djeluje protuupalno i smanjuje uko\u010denost.<\/li>\n<li><strong>Brzo djelovanje:<\/strong> Brzo se upija i pru\u017ea osje\u0107aj hla\u0111enja.<\/li>\n<\/ul>\n<p>\n    <strong>Preporu\u010duje se kod:<\/strong> bolova u le\u0111ima, istegnu\u0107a, sportskih ozljeda, artriti\u010dnih tegoba i mi\u0161i\u0107nog zamora.<\/p>\n","protected":false},"excerpt":{"rendered":"<p>Biljni pripravak za vanjsku primjenu \/ Masa\u017eni gel<br \/>\nKlini\u010dki dokazano ubla\u017eavanje boli, smanjenje upale i uko\u010denosti<br \/>\nBolovi u le\u0111ima, zglobovima, mi\u0161i\u0107ni zamor, sportske ozljede<\/p>\n","protected":false},"featured_media":37112,"template":"","meta":{"_seopress_robots_primary_cat":"","_seopress_titles_title":"","_seopress_titles_desc":"","_seopress_robots_index":"","iawp_total_views":0},"product_brand":[795],"product_cat":[268,278],"product_tag":[],"class_list":{"0":"post-37111","1":"product","2":"type-product","3":"status-publish","4":"has-post-thumbnail","6":"product_brand-himalaya","7":"product_cat-kozmetika-2","8":"product_cat-njega-tijela-268","10":"first","11":"instock","12":"shipping-taxable","13":"purchasable","14":"product-type-simple"},"_links":{"self":[{"href":"https:\/\/singuli.wpress.me\/index.php\/wp-json\/wp\/v2\/product\/37111","targetHints":{"allow":["GET"]}}],"collection":[{"href":"https:\/\/singuli.wpress.me\/index.php\/wp-json\/wp\/v2\/product"}],"about":[{"href":"https:\/\/singuli.wpress.me\/index.php\/wp-json\/wp\/v2\/types\/product"}],"version-history":[{"count":0,"href":"https:\/\/singuli.wpress.me\/index.php\/wp-json\/wp\/v2\/product\/37111\/revisions"}],"wp:featuredmedia":[{"embeddable":true,"href":"https:\/\/singuli.wpress.me\/index.php\/wp-json\/wp\/v2\/media\/37112"}],"wp:attachment":[{"href":"https:\/\/singuli.wpress.me\/index.php\/wp-json\/wp\/v2\/media?parent=37111"}],"wp:term":[{"taxonomy":"product_brand","embeddable":true,"href":"https:\/\/singuli.wpress.me\/index.php\/wp-json\/wp\/v2\/product_brand?post=37111"},{"taxonomy":"product_cat","embeddable":true,"href":"https:\/\/singuli.wpress.me\/index.php\/wp-json\/wp\/v2\/product_cat?post=37111"},{"taxonomy":"product_tag","embeddable":true,"href":"https:\/\/singuli.wpress.me\/index.php\/wp-json\/wp\/v2\/product_tag?post=37111"}],"curies":[{"name":"wp","href":"https:\/\/api.w.org\/{rel}","templated":true}]}}