{"id":37115,"date":"2026-04-18T18:03:29","date_gmt":"2026-04-18T18:03:29","guid":{"rendered":"https:\/\/singuli.wpress.me\/index.php\/proizvod\/medex-maticna-mlijec-kapsule-3010-kom-500mg\/"},"modified":"2026-04-20T12:33:19","modified_gmt":"2026-04-20T12:33:19","slug":"medex-maticna-mlijec-kapsule-3010-kom-500mg","status":"publish","type":"product","link":"https:\/\/singuli.wpress.me\/index.php\/proizvod\/medex-maticna-mlijec-kapsule-3010-kom-500mg\/","title":{"rendered":"MEDEX mati\u010dna mlije\u010d, kapsule, (30+10 kom), 500mg"},"content":{"rendered":"<p>\n    <strong>MEDEX GELEE ROYALE 500 MG \u2013 Kapsule s mati\u010dnom mlije\u010di (30 + 10 GRATIS)<\/strong>\n<\/p>\n<p>\n    <strong>MEDEX Gel\u00e9e royale<\/strong> je idealan svakodnevni <strong>dodatak prehrani<\/strong> s <strong>500 mg mati\u010dne mlije\u010di<\/strong> u jednoj kapsuli. Pakiranje sadr\u017ei <strong>40 kapsula<\/strong> (30 redovnih + 10 GRATIS).\n<\/p>\n<p>\n    <strong>Liofiliziran (dehidriran) oblik<\/strong> mati\u010dne mlije\u010di \u010duva sve njezine prirodne djelatne tvari.\n<\/p>\n<h3>Tajna mati\u010dne mlije\u010di (Gel\u00e9e Royale)<\/h3>\n<p>\n    Mati\u010dna mlije\u010d ili gel\u00e9e royale najdragocjeniji je dar p\u010delinje ko\u0161nice. Proizvode je mlade p\u010dele hraniteljice i njome \u010ditav \u017eivot hrane p\u010delinju kraljicu \u2013 maticu. Njezina izuzetnost temelji se na sadr\u017eaju jedinstvene nezasi\u0107ene masne kiseline <strong>10 HDA<\/strong> (10-hidroksi-2-decenska kiselina) koja se u prirodi nigdje drugdje ne mo\u017ee na\u0107i. Sadr\u017eaj 10 HDA standardizirali smo u Medexu kako bismo osigurali stalnu kvalitetu proizvoda.\n<\/p>\n<p>\n    Preporu\u010duje se <strong>odraslima s aktivnim stilom \u017eivota<\/strong> i svima koji su izlo\u017eeni <strong>ve\u0107oj tjelesnoj aktivnosti i drugim naporima<\/strong>.<\/p>\n","protected":false},"excerpt":{"rendered":"<p>500 mg mati\u010dne mlije\u010di po kapsuli.<br \/>\nLiofiliziran oblik s standardiziranim sadr\u017eajem 10 HDA<\/p>\n","protected":false},"featured_media":37116,"template":"","meta":{"_seopress_robots_primary_cat":"","_seopress_titles_title":"","_seopress_titles_desc":"","_seopress_robots_index":"","iawp_total_views":0},"product_brand":[415],"product_cat":[268,269],"product_tag":[],"class_list":{"0":"post-37115","1":"product","2":"type-product","3":"status-publish","4":"has-post-thumbnail","6":"product_brand-medex","7":"product_cat-kozmetika-2","8":"product_cat-zastita-koze-268","10":"first","11":"instock","12":"shipping-taxable","13":"purchasable","14":"product-type-simple"},"_links":{"self":[{"href":"https:\/\/singuli.wpress.me\/index.php\/wp-json\/wp\/v2\/product\/37115","targetHints":{"allow":["GET"]}}],"collection":[{"href":"https:\/\/singuli.wpress.me\/index.php\/wp-json\/wp\/v2\/product"}],"about":[{"href":"https:\/\/singuli.wpress.me\/index.php\/wp-json\/wp\/v2\/types\/product"}],"version-history":[{"count":0,"href":"https:\/\/singuli.wpress.me\/index.php\/wp-json\/wp\/v2\/product\/37115\/revisions"}],"wp:featuredmedia":[{"embeddable":true,"href":"https:\/\/singuli.wpress.me\/index.php\/wp-json\/wp\/v2\/media\/37116"}],"wp:attachment":[{"href":"https:\/\/singuli.wpress.me\/index.php\/wp-json\/wp\/v2\/media?parent=37115"}],"wp:term":[{"taxonomy":"product_brand","embeddable":true,"href":"https:\/\/singuli.wpress.me\/index.php\/wp-json\/wp\/v2\/product_brand?post=37115"},{"taxonomy":"product_cat","embeddable":true,"href":"https:\/\/singuli.wpress.me\/index.php\/wp-json\/wp\/v2\/product_cat?post=37115"},{"taxonomy":"product_tag","embeddable":true,"href":"https:\/\/singuli.wpress.me\/index.php\/wp-json\/wp\/v2\/product_tag?post=37115"}],"curies":[{"name":"wp","href":"https:\/\/api.w.org\/{rel}","templated":true}]}}