{"id":37137,"date":"2026-04-18T18:03:40","date_gmt":"2026-04-18T18:03:40","guid":{"rendered":"https:\/\/singuli.wpress.me\/index.php\/proizvod\/winx-fashion-lutka\/"},"modified":"2026-04-20T12:33:19","modified_gmt":"2026-04-20T12:33:19","slug":"winx-fashion-lutka","status":"publish","type":"product","link":"https:\/\/singuli.wpress.me\/index.php\/proizvod\/winx-fashion-lutka\/","title":{"rendered":"WINX Fashion, lutka"},"content":{"rendered":"<p>Otkrijte \u010daroliju uz kolekciju <b>Winx Club lutaka<\/b> inspiriranu Netflixovim hitom! Svaka lutka u ovoj seriji nosi svoj <b>prepoznatljiv izgled<\/b> koji savr\u0161eno do\u010darava njezinu jedinstvenu osobnost i stil. Lutke su visoke <b>27 cm<\/b> i potpuno su <b>pokretne<\/b>, \u0161to omogu\u0107uje o\u017eivljavanje svakodnevnih pustolovina i trenutaka prijateljstva.<\/p>\n<p>Izaberite svoj omiljeni lik: <b>Aisha<\/b> odi\u0161e sportskim stilom, <b>Bloom<\/b> unosi vatrenu odlu\u010dnost, <b>Flora<\/b> donosi nje\u017enost i ljubav prema prirodi, <b>Musa<\/b> spaja ritam i urbani izraz, <b>Tecna<\/b> se isti\u010de tehnolo\u0161kim izgledom, dok <b>Stella<\/b> unosi sjaj i pozitivnu energiju. S pa\u017eljivo oblikovanom kosom i modnim dodacima, ove lutke poti\u010du ma\u0161tu, kreativnost i samopouzdanje kod svakog djeteta.<\/p>\n","protected":false},"excerpt":{"rendered":"<p>Svaka lutka nosi autenti\u010dnu odje\u0107u i izgled iz popularne Netflixove serije Winx Club<br \/>\nLutke su visoke 27 cm i potpuno su pokretne, \u0161to omogu\u0107uje dinami\u010dnu igru i poziranje<br \/>\nPa\u017eljivo oblikovani detalji, kosa i dodaci poti\u010du dje\u010dju ma\u0161tu i razvoj samopouzdanja kroz igru<\/p>\n","protected":false},"featured_media":37138,"template":"","meta":{"_seopress_robots_primary_cat":"","_seopress_titles_title":"","_seopress_titles_desc":"","_seopress_robots_index":"","iawp_total_views":0},"product_brand":[798],"product_cat":[221,291],"product_tag":[],"class_list":{"0":"post-37137","1":"product","2":"type-product","3":"status-publish","4":"has-post-thumbnail","6":"product_brand-winx","7":"product_cat-igracke","8":"product_cat-igracke-za-djecu-221","10":"first","11":"instock","12":"shipping-taxable","13":"purchasable","14":"product-type-simple"},"_links":{"self":[{"href":"https:\/\/singuli.wpress.me\/index.php\/wp-json\/wp\/v2\/product\/37137","targetHints":{"allow":["GET"]}}],"collection":[{"href":"https:\/\/singuli.wpress.me\/index.php\/wp-json\/wp\/v2\/product"}],"about":[{"href":"https:\/\/singuli.wpress.me\/index.php\/wp-json\/wp\/v2\/types\/product"}],"version-history":[{"count":0,"href":"https:\/\/singuli.wpress.me\/index.php\/wp-json\/wp\/v2\/product\/37137\/revisions"}],"wp:featuredmedia":[{"embeddable":true,"href":"https:\/\/singuli.wpress.me\/index.php\/wp-json\/wp\/v2\/media\/37138"}],"wp:attachment":[{"href":"https:\/\/singuli.wpress.me\/index.php\/wp-json\/wp\/v2\/media?parent=37137"}],"wp:term":[{"taxonomy":"product_brand","embeddable":true,"href":"https:\/\/singuli.wpress.me\/index.php\/wp-json\/wp\/v2\/product_brand?post=37137"},{"taxonomy":"product_cat","embeddable":true,"href":"https:\/\/singuli.wpress.me\/index.php\/wp-json\/wp\/v2\/product_cat?post=37137"},{"taxonomy":"product_tag","embeddable":true,"href":"https:\/\/singuli.wpress.me\/index.php\/wp-json\/wp\/v2\/product_tag?post=37137"}],"curies":[{"name":"wp","href":"https:\/\/api.w.org\/{rel}","templated":true}]}}