{"id":37149,"date":"2026-04-18T18:03:45","date_gmt":"2026-04-18T18:03:45","guid":{"rendered":"https:\/\/singuli.wpress.me\/index.php\/proizvod\/trefl-spy-guy-hrvatska-drustvena-igra\/"},"modified":"2026-04-20T12:33:19","modified_gmt":"2026-04-20T12:33:19","slug":"trefl-spy-guy-hrvatska-drustvena-igra","status":"publish","type":"product","link":"https:\/\/singuli.wpress.me\/index.php\/proizvod\/trefl-spy-guy-hrvatska-drustvena-igra\/","title":{"rendered":"TREFL Spy Guy Hrvatska, dru\u0161tvena igra"},"content":{"rendered":"<p><b>Spy Guy Hrvatska<\/b> je kooperativna obiteljska igra u kojoj su za pobjedu potrebni o\u0161tro oko i bliska suradnja me\u0111u igra\u010dima. U ovoj uzbudljivoj avanturi, igra\u010di se pridru\u017euju Spy Guyu u potjeri za buntovnim jedrili\u010darom du\u017e <b>hrvatske obale<\/b>.<\/p>\n<p>Tijekom putovanja na igra\u0107oj plo\u010di, otkrit \u0107ete najzna\u010dajnije <b>znamenitosti, turisti\u010dke atrakcije i \u010duvene simbole<\/b> Hrvatske. Igra dolazi s bogatim sadr\u017eajem koji uklju\u010duje duga\u010dku plo\u010du, figurice, pje\u0161\u010dani sat te brojne kartice s tragovima koje \u010dine svaku potjeru novim izazovom.<\/p>\n","protected":false},"excerpt":{"rendered":"<p>Igra\u010di ne igraju jedni protiv drugih, ve\u0107 sura\u0111uju kako bi zajedni\u010dkim snagama prona\u0161li tragove i uhvatili bjegunca<br \/>\nPutuju\u0107i po igra\u0107oj plo\u010di, djeca i odrasli upoznaju simbole, znamenitosti i ljepote hrvatske obale<br \/>\nIgra je dizajnirana da kroz tra\u017eenje skrivenih tragova na kartama i plo\u010di razvija koncentraciju i o\u0161trinu vida<\/p>\n","protected":false},"featured_media":37150,"template":"","meta":{"_seopress_robots_primary_cat":"","_seopress_titles_title":"","_seopress_titles_desc":"","_seopress_robots_index":"","iawp_total_views":0},"product_brand":[800],"product_cat":[290,221],"product_tag":[],"class_list":{"0":"post-37149","1":"product","2":"type-product","3":"status-publish","4":"has-post-thumbnail","6":"product_brand-trefl","7":"product_cat-drustvene-igre-221","8":"product_cat-igracke","10":"first","11":"instock","12":"shipping-taxable","13":"purchasable","14":"product-type-simple"},"_links":{"self":[{"href":"https:\/\/singuli.wpress.me\/index.php\/wp-json\/wp\/v2\/product\/37149","targetHints":{"allow":["GET"]}}],"collection":[{"href":"https:\/\/singuli.wpress.me\/index.php\/wp-json\/wp\/v2\/product"}],"about":[{"href":"https:\/\/singuli.wpress.me\/index.php\/wp-json\/wp\/v2\/types\/product"}],"version-history":[{"count":0,"href":"https:\/\/singuli.wpress.me\/index.php\/wp-json\/wp\/v2\/product\/37149\/revisions"}],"wp:featuredmedia":[{"embeddable":true,"href":"https:\/\/singuli.wpress.me\/index.php\/wp-json\/wp\/v2\/media\/37150"}],"wp:attachment":[{"href":"https:\/\/singuli.wpress.me\/index.php\/wp-json\/wp\/v2\/media?parent=37149"}],"wp:term":[{"taxonomy":"product_brand","embeddable":true,"href":"https:\/\/singuli.wpress.me\/index.php\/wp-json\/wp\/v2\/product_brand?post=37149"},{"taxonomy":"product_cat","embeddable":true,"href":"https:\/\/singuli.wpress.me\/index.php\/wp-json\/wp\/v2\/product_cat?post=37149"},{"taxonomy":"product_tag","embeddable":true,"href":"https:\/\/singuli.wpress.me\/index.php\/wp-json\/wp\/v2\/product_tag?post=37149"}],"curies":[{"name":"wp","href":"https:\/\/api.w.org\/{rel}","templated":true}]}}