{"id":37155,"date":"2026-04-18T18:03:51","date_gmt":"2026-04-18T18:03:51","guid":{"rendered":"https:\/\/singuli.wpress.me\/index.php\/proizvod\/winx-vila-s-krilima-lutka\/"},"modified":"2026-04-21T00:26:50","modified_gmt":"2026-04-21T00:26:50","slug":"winx-vila-s-krilima-lutka","status":"publish","type":"product","link":"https:\/\/singuli.wpress.me\/index.php\/proizvod\/winx-vila-s-krilima-lutka\/","title":{"rendered":"WINX Vila s krilima, lutka"},"content":{"rendered":"<p>Vrijeme je za transformaciju! Kolekcija <b>Winx Fairy<\/b> donosi \u010daroliju, samopouzdanje i pustolovinu izravno iz Netflixovog hita Winx Club. Svaka vila dolazi u svom prepoznatljivom, rasko\u0161nom izdanju s detaljno izra\u0111enom odje\u0107om i <b>blistavim, uklonjivim krilima<\/b>. Lutke su visoke <b>27 cm i potpuno su pokretne<\/b>, \u0161to omogu\u0107uje bezbroj ma\u0161tovitih scena letenja i \u010darobnih transformacija.<\/p>\n<p>Kolekcija obuhva\u0107a omiljene likove s jedinstvenim detaljima: <b>Aisha<\/b> s krilima inspiriranim valovima, <b>Bloom<\/b> u blistavim nijansama plave, <b>Flora<\/b> u ru\u017ei\u010dastom cvjetnom izdanju, <b>Musa<\/b> s ru\u017ei\u010dastim krilima u ritmu glazbe, <b>Tecna<\/b> u modernom futuristi\u010dkom stilu te <b>Stella<\/b> koja sjaji u zlatnim tonovima. Ove elegantne lutke savr\u0161ene su za o\u017eivljavanje svijeta vila kroz igru, kreativnost i ma\u0161tu.<\/p>\n","protected":false},"excerpt":{"rendered":"<p>Svaka lutka dolazi s rasko\u0161nim i sjajnim krilima koja se mogu skinuti za razli\u010dite na\u010dine igre<br \/>\nVisina od 27 cm uz potpuno pokretne zglobove omogu\u0107uje postavljanje lutki u razli\u010dite poze i scene letenja<br \/>\nPrepoznatljivi kostimi i modni dodaci vjerno prate stilove likova iz Winx Club serije<\/p>\n","protected":false},"featured_media":37156,"template":"","meta":{"_seopress_robots_primary_cat":"","_seopress_titles_title":"","_seopress_titles_desc":"","_seopress_robots_index":"","iawp_total_views":0},"product_brand":[798],"product_cat":[221,291],"product_tag":[],"class_list":{"0":"post-37155","1":"product","2":"type-product","3":"status-publish","4":"has-post-thumbnail","6":"product_brand-winx","7":"product_cat-igracke","8":"product_cat-igracke-za-djecu-221","10":"first","11":"instock","12":"shipping-taxable","13":"purchasable","14":"product-type-simple"},"_links":{"self":[{"href":"https:\/\/singuli.wpress.me\/index.php\/wp-json\/wp\/v2\/product\/37155","targetHints":{"allow":["GET"]}}],"collection":[{"href":"https:\/\/singuli.wpress.me\/index.php\/wp-json\/wp\/v2\/product"}],"about":[{"href":"https:\/\/singuli.wpress.me\/index.php\/wp-json\/wp\/v2\/types\/product"}],"version-history":[{"count":0,"href":"https:\/\/singuli.wpress.me\/index.php\/wp-json\/wp\/v2\/product\/37155\/revisions"}],"wp:featuredmedia":[{"embeddable":true,"href":"https:\/\/singuli.wpress.me\/index.php\/wp-json\/wp\/v2\/media\/37156"}],"wp:attachment":[{"href":"https:\/\/singuli.wpress.me\/index.php\/wp-json\/wp\/v2\/media?parent=37155"}],"wp:term":[{"taxonomy":"product_brand","embeddable":true,"href":"https:\/\/singuli.wpress.me\/index.php\/wp-json\/wp\/v2\/product_brand?post=37155"},{"taxonomy":"product_cat","embeddable":true,"href":"https:\/\/singuli.wpress.me\/index.php\/wp-json\/wp\/v2\/product_cat?post=37155"},{"taxonomy":"product_tag","embeddable":true,"href":"https:\/\/singuli.wpress.me\/index.php\/wp-json\/wp\/v2\/product_tag?post=37155"}],"curies":[{"name":"wp","href":"https:\/\/api.w.org\/{rel}","templated":true}]}}