{"id":37167,"date":"2026-04-18T18:03:56","date_gmt":"2026-04-18T18:03:56","guid":{"rendered":"https:\/\/singuli.wpress.me\/index.php\/proizvod\/winx-glamour-kolekcija-lutka\/"},"modified":"2026-04-21T00:26:50","modified_gmt":"2026-04-21T00:26:50","slug":"winx-glamour-kolekcija-lutka","status":"publish","type":"product","link":"https:\/\/singuli.wpress.me\/index.php\/proizvod\/winx-glamour-kolekcija-lutka\/","title":{"rendered":"WINX Glamour kolekcija, lutka"},"content":{"rendered":"<p>Zakora\u010dite u najglamurozniju ve\u010der godine uz <b>Grand Ball kolekciju<\/b> iz Alfea svijeta! Svaka Winx vila u ovoj seriji odjevena je u rasko\u0161nu haljinu inspiriranu sve\u010danim priredbama, koriste\u0107i <b>elegantne krojeve i blistave tkanine<\/b>. Lutke su visoke <b>27 cm<\/b> i <b>potpuno su pokretne<\/b>, a svaka dolazi s predivnom tiarom koja upotpunjuje njihov sve\u010dani izgled.<\/p>\n<p>Izaberite svoju kraljicu bala: <b>Flora<\/b> o\u010darava u ru\u017ei\u010dastoj haljini s cvjetnim vezom, <b>Bloom<\/b> blista u plavoj haljini s glatkim slojevima i srebrnom tiarom, dok <b>Stella<\/b> privla\u010di pa\u017enju u zlatnoj haljini s visokim prorezima i glitter tiarom. Ove lutke pretvaraju svaki trenutak u pravu bajkovitu pri\u010du, poti\u010du\u0107i ma\u0161tu, stil i prijateljstvo kroz igru.<\/p>\n","protected":false},"excerpt":{"rendered":"<p>Lutke nose luksuzne balske haljine izra\u0111ene od blistavih tkanina s elegantnim detaljima poput cvjetnog veza<br \/>\nSvaka lutka dolazi s pripadaju\u0107om tiarom koja nagla\u0161ava glamurozan izgled za sve\u010danu ve\u010der<br \/>\nVisina od 27 cm i pokretni zglobovi omogu\u0107uju postavljanje lutki u elegantne plesne poze i stvaranje bajkovitih scena<\/p>\n","protected":false},"featured_media":37168,"template":"","meta":{"_seopress_robots_primary_cat":"","_seopress_titles_title":"","_seopress_titles_desc":"","_seopress_robots_index":"","iawp_total_views":0},"product_brand":[798],"product_cat":[221,291],"product_tag":[],"class_list":{"0":"post-37167","1":"product","2":"type-product","3":"status-publish","4":"has-post-thumbnail","6":"product_brand-winx","7":"product_cat-igracke","8":"product_cat-igracke-za-djecu-221","10":"first","11":"outofstock","12":"shipping-taxable","13":"purchasable","14":"product-type-simple"},"_links":{"self":[{"href":"https:\/\/singuli.wpress.me\/index.php\/wp-json\/wp\/v2\/product\/37167","targetHints":{"allow":["GET"]}}],"collection":[{"href":"https:\/\/singuli.wpress.me\/index.php\/wp-json\/wp\/v2\/product"}],"about":[{"href":"https:\/\/singuli.wpress.me\/index.php\/wp-json\/wp\/v2\/types\/product"}],"version-history":[{"count":0,"href":"https:\/\/singuli.wpress.me\/index.php\/wp-json\/wp\/v2\/product\/37167\/revisions"}],"wp:featuredmedia":[{"embeddable":true,"href":"https:\/\/singuli.wpress.me\/index.php\/wp-json\/wp\/v2\/media\/37168"}],"wp:attachment":[{"href":"https:\/\/singuli.wpress.me\/index.php\/wp-json\/wp\/v2\/media?parent=37167"}],"wp:term":[{"taxonomy":"product_brand","embeddable":true,"href":"https:\/\/singuli.wpress.me\/index.php\/wp-json\/wp\/v2\/product_brand?post=37167"},{"taxonomy":"product_cat","embeddable":true,"href":"https:\/\/singuli.wpress.me\/index.php\/wp-json\/wp\/v2\/product_cat?post=37167"},{"taxonomy":"product_tag","embeddable":true,"href":"https:\/\/singuli.wpress.me\/index.php\/wp-json\/wp\/v2\/product_tag?post=37167"}],"curies":[{"name":"wp","href":"https:\/\/api.w.org\/{rel}","templated":true}]}}