{"id":37174,"date":"2026-04-18T18:04:00","date_gmt":"2026-04-18T18:04:00","guid":{"rendered":"https:\/\/singuli.wpress.me\/index.php\/proizvod\/shell-lilac-whisper-osvjezivac-za-auto\/"},"modified":"2026-04-21T00:26:50","modified_gmt":"2026-04-21T00:26:50","slug":"shell-lilac-whisper-osvjezivac-za-auto","status":"publish","type":"product","link":"https:\/\/singuli.wpress.me\/index.php\/proizvod\/shell-lilac-whisper-osvjezivac-za-auto\/","title":{"rendered":"SHELL Lilac whisper, osvje\u017eiva\u010d za auto"},"content":{"rendered":"<p>Osvje\u017eite unutra\u0161njost va\u0161eg automobila uz ovaj atraktivan osvje\u017eiva\u010d zraka! Intenzivne boje i ugodne arome, dizajniran je u zabavnom **obliku \u0161koljke**.<\/p>\n<p>Ovaj osvje\u017eiva\u010d jam\u010di svje\u017einu i ugodan miris u va\u0161em vozilu **\u010dak do 30 dana**.<\/p>\n<p>Savr\u0161en je modni dodatak i jednostavan na\u010din da kreirate ugodnu atmosferu u svakodnevnoj vo\u017enji.<\/p>\n","protected":false},"excerpt":{"rendered":"<p>Atraktivan dizajn u obliku \u0161koljke i intenzivne boje<br \/>\nPru\u017ea svje\u017einu i ugodnu aromu u automobilu<br \/>\nDugotrajnost arome do 30 dana<\/p>\n","protected":false},"featured_media":37175,"template":"","meta":{"_seopress_robots_primary_cat":"","_seopress_titles_title":"","_seopress_titles_desc":"","_seopress_robots_index":"","iawp_total_views":0},"product_brand":[326],"product_cat":[243,273],"product_tag":[],"class_list":{"0":"post-37174","1":"product","2":"type-product","3":"status-publish","4":"has-post-thumbnail","6":"product_brand-shell","7":"product_cat-automobili-i-motori","8":"product_cat-njega-vozila-243","10":"first","11":"instock","12":"shipping-taxable","13":"purchasable","14":"product-type-simple"},"_links":{"self":[{"href":"https:\/\/singuli.wpress.me\/index.php\/wp-json\/wp\/v2\/product\/37174","targetHints":{"allow":["GET"]}}],"collection":[{"href":"https:\/\/singuli.wpress.me\/index.php\/wp-json\/wp\/v2\/product"}],"about":[{"href":"https:\/\/singuli.wpress.me\/index.php\/wp-json\/wp\/v2\/types\/product"}],"version-history":[{"count":0,"href":"https:\/\/singuli.wpress.me\/index.php\/wp-json\/wp\/v2\/product\/37174\/revisions"}],"wp:featuredmedia":[{"embeddable":true,"href":"https:\/\/singuli.wpress.me\/index.php\/wp-json\/wp\/v2\/media\/37175"}],"wp:attachment":[{"href":"https:\/\/singuli.wpress.me\/index.php\/wp-json\/wp\/v2\/media?parent=37174"}],"wp:term":[{"taxonomy":"product_brand","embeddable":true,"href":"https:\/\/singuli.wpress.me\/index.php\/wp-json\/wp\/v2\/product_brand?post=37174"},{"taxonomy":"product_cat","embeddable":true,"href":"https:\/\/singuli.wpress.me\/index.php\/wp-json\/wp\/v2\/product_cat?post=37174"},{"taxonomy":"product_tag","embeddable":true,"href":"https:\/\/singuli.wpress.me\/index.php\/wp-json\/wp\/v2\/product_tag?post=37174"}],"curies":[{"name":"wp","href":"https:\/\/api.w.org\/{rel}","templated":true}]}}