{"id":37183,"date":"2026-04-18T18:04:01","date_gmt":"2026-04-18T18:04:01","guid":{"rendered":"https:\/\/singuli.wpress.me\/index.php\/proizvod\/robo-alive-roboticki-raptor-igracka\/"},"modified":"2026-04-21T00:26:50","modified_gmt":"2026-04-21T00:26:50","slug":"robo-alive-roboticki-raptor-igracka","status":"publish","type":"product","link":"https:\/\/singuli.wpress.me\/index.php\/proizvod\/robo-alive-roboticki-raptor-igracka\/","title":{"rendered":"ROBO ALIVE roboti\u010dki raptor, igra\u010dka"},"content":{"rendered":"<p>Unesite uzbu\u0111enje iz doba dinosaura u svoj dom uz <b>Robo Alive roboti\u010dkog raptora<\/b>! Ova nevjerovatna igra\u010dka koristi naprednu tehnologiju kako bi o\u017eivjela jednog od najpoznatijih predatora. Raptor se kre\u0107e uz <b>izuzetno brze i realisti\u010dne pokrete<\/b>, tr\u010de\u0107i po podu ba\u0161 kao pravi dinosaur u lovu.<\/p>\n<p>Osim brzine, ovaj robot posjeduje i <b>mehanizam za gri\u017eenje<\/b> te realisti\u010dne pokrete kand\u017ei, \u0161to svaku igru pretvara u uzbudljivu avanturu. Njegov detaljan dizajn i tekstura ko\u017ee \u010dine ga vizuelno impresivnim, dok ga njegova agilnost izdvaja od ostalih robotskih igra\u010daka. Savr\u0161en je izbor za male istra\u017eiva\u010de koji vole akciju i svijet prapovijesnih stvorenja.<\/p>\n","protected":false},"excerpt":{"rendered":"<p>Raptor tr\u010di s nevjerovatnom brzinom i agilno\u0161\u0107u, simuliraju\u0107i prirodne pokrete dinosaura.<br \/>\nOpremljen je funkcijom gri\u017eenja koja doprinosi realisti\u010dnom do\u017eivljaju predatora.<br \/>\nNapredni senzori i motori omogu\u0107avaju sinkronizirane pokrete tijela i kand\u017ei.<\/p>\n","protected":false},"featured_media":37184,"template":"","meta":{"_seopress_robots_primary_cat":"","_seopress_titles_title":"","_seopress_titles_desc":"","_seopress_robots_index":"","iawp_total_views":0},"product_brand":[374],"product_cat":[221,263],"product_tag":[],"class_list":{"0":"post-37183","1":"product","2":"type-product","3":"status-publish","4":"has-post-thumbnail","6":"product_brand-robo-alive","7":"product_cat-igracke","8":"product_cat-tematske-igracke-221","10":"first","11":"instock","12":"shipping-taxable","13":"purchasable","14":"product-type-simple"},"_links":{"self":[{"href":"https:\/\/singuli.wpress.me\/index.php\/wp-json\/wp\/v2\/product\/37183","targetHints":{"allow":["GET"]}}],"collection":[{"href":"https:\/\/singuli.wpress.me\/index.php\/wp-json\/wp\/v2\/product"}],"about":[{"href":"https:\/\/singuli.wpress.me\/index.php\/wp-json\/wp\/v2\/types\/product"}],"version-history":[{"count":0,"href":"https:\/\/singuli.wpress.me\/index.php\/wp-json\/wp\/v2\/product\/37183\/revisions"}],"wp:featuredmedia":[{"embeddable":true,"href":"https:\/\/singuli.wpress.me\/index.php\/wp-json\/wp\/v2\/media\/37184"}],"wp:attachment":[{"href":"https:\/\/singuli.wpress.me\/index.php\/wp-json\/wp\/v2\/media?parent=37183"}],"wp:term":[{"taxonomy":"product_brand","embeddable":true,"href":"https:\/\/singuli.wpress.me\/index.php\/wp-json\/wp\/v2\/product_brand?post=37183"},{"taxonomy":"product_cat","embeddable":true,"href":"https:\/\/singuli.wpress.me\/index.php\/wp-json\/wp\/v2\/product_cat?post=37183"},{"taxonomy":"product_tag","embeddable":true,"href":"https:\/\/singuli.wpress.me\/index.php\/wp-json\/wp\/v2\/product_tag?post=37183"}],"curies":[{"name":"wp","href":"https:\/\/api.w.org\/{rel}","templated":true}]}}