{"id":37191,"date":"2026-04-18T18:04:04","date_gmt":"2026-04-18T18:04:04","guid":{"rendered":"https:\/\/singuli.wpress.me\/index.php\/proizvod\/robo-alive-roboticka-kobra-igracka\/"},"modified":"2026-04-21T00:26:50","modified_gmt":"2026-04-21T00:26:50","slug":"robo-alive-roboticka-kobra-igracka","status":"publish","type":"product","link":"https:\/\/singuli.wpress.me\/index.php\/proizvod\/robo-alive-roboticka-kobra-igracka\/","title":{"rendered":"ROBO ALIVE roboti\u010dka kobra, igra\u010dka"},"content":{"rendered":"<p>Unesite da\u0161ak divljine u dje\u010dju sobu uz nevjerojatnu <b>Robo Alive roboti\u010dku kobru<\/b>! Ova interaktivna igra\u010dka dizajnirana je kako bi pru\u017eila maksimalno realisti\u010dno iskustvo, koriste\u0107i naprednu tehnologiju kretanja koja vjerno opona\u0161a pravu zmiju.<\/p>\n<p>Kobra se kre\u0107e glatko i brzo, a ono \u0161to je \u010dini posebno fascinantnom je njezino <b>aktivno pomicanje jezika<\/b> dok istra\u017euje prostor, ba\u0161 kao \u0161to to \u010dine prave zmije u prirodi. Autenti\u010dan izgled, detaljne teksture i dinami\u010dni pokreti \u010dine ovu igra\u010dku savr\u0161enim izborom za djecu koja tra\u017ee uzbudljive izazove i \u017eele se upoznati s fascinantnim svijetom gmazova kroz sigurnu i zabavnu igru.<\/p>\n","protected":false},"excerpt":{"rendered":"<p>Napredni roboti\u010dki sustav omogu\u0107uje kobri da pu\u017ee i vijuga podom na nevjerojatno prirodan na\u010din.<br \/>\nPokreti jezika tijekom kretanja dodaju visoku razinu autenti\u010dnosti i zabave.<br \/>\nDetaljna izrada i tekstura povr\u0161ine pru\u017eaju vizualni dojam prave kobre.<\/p>\n","protected":false},"featured_media":37192,"template":"","meta":{"_seopress_robots_primary_cat":"","_seopress_titles_title":"","_seopress_titles_desc":"","_seopress_robots_index":"","iawp_total_views":0},"product_brand":[374],"product_cat":[221,263],"product_tag":[],"class_list":{"0":"post-37191","1":"product","2":"type-product","3":"status-publish","4":"has-post-thumbnail","6":"product_brand-robo-alive","7":"product_cat-igracke","8":"product_cat-tematske-igracke-221","10":"first","11":"instock","12":"shipping-taxable","13":"purchasable","14":"product-type-simple"},"_links":{"self":[{"href":"https:\/\/singuli.wpress.me\/index.php\/wp-json\/wp\/v2\/product\/37191","targetHints":{"allow":["GET"]}}],"collection":[{"href":"https:\/\/singuli.wpress.me\/index.php\/wp-json\/wp\/v2\/product"}],"about":[{"href":"https:\/\/singuli.wpress.me\/index.php\/wp-json\/wp\/v2\/types\/product"}],"version-history":[{"count":0,"href":"https:\/\/singuli.wpress.me\/index.php\/wp-json\/wp\/v2\/product\/37191\/revisions"}],"wp:featuredmedia":[{"embeddable":true,"href":"https:\/\/singuli.wpress.me\/index.php\/wp-json\/wp\/v2\/media\/37192"}],"wp:attachment":[{"href":"https:\/\/singuli.wpress.me\/index.php\/wp-json\/wp\/v2\/media?parent=37191"}],"wp:term":[{"taxonomy":"product_brand","embeddable":true,"href":"https:\/\/singuli.wpress.me\/index.php\/wp-json\/wp\/v2\/product_brand?post=37191"},{"taxonomy":"product_cat","embeddable":true,"href":"https:\/\/singuli.wpress.me\/index.php\/wp-json\/wp\/v2\/product_cat?post=37191"},{"taxonomy":"product_tag","embeddable":true,"href":"https:\/\/singuli.wpress.me\/index.php\/wp-json\/wp\/v2\/product_tag?post=37191"}],"curies":[{"name":"wp","href":"https:\/\/api.w.org\/{rel}","templated":true}]}}