{"id":37197,"date":"2026-04-18T18:04:06","date_gmt":"2026-04-18T18:04:06","guid":{"rendered":"https:\/\/singuli.wpress.me\/index.php\/proizvod\/robo-alive-dino-escape-set-za-igru\/"},"modified":"2026-04-21T00:26:50","modified_gmt":"2026-04-21T00:26:50","slug":"robo-alive-dino-escape-set-za-igru","status":"publish","type":"product","link":"https:\/\/singuli.wpress.me\/index.php\/proizvod\/robo-alive-dino-escape-set-za-igru\/","title":{"rendered":"ROBO ALIVE Dino escape, set za igru"},"content":{"rendered":"<p>Pripremite se za vrhunsku akciju uz <b>Robo Alive set za igru<\/b> koji donosi uzbu\u0111enje direktno u dje\u010dju sobu! Ovaj bogati akcijski set nudi sve \u0161to je potrebno za kreiranje dinami\u010dnih scena spa\u0161avanja i bijega iz svijeta dinosaura.<\/p>\n<p>Glavna zvijezda seta je mo\u0107ni <b>T-Rex<\/b>, a dru\u0161tvo mu pravi <b>helikopter<\/b> spreman za brze intervencije. Za dodatnu zabavu i senzorno istra\u017eivanje, u setu se nalazi i popularni <b>slime<\/b> (ljigavac), kao i <b>iznena\u0111enje u jajetu<\/b> koje \u0107e odu\u0161eviti svakog malog istra\u017eiva\u010da. Uz mno\u0161tvo dodataka, ovaj set poti\u010de dje\u010dju ma\u0161tu i omogu\u0107uje sate interaktivne igre pune izazova.<\/p>\n","protected":false},"excerpt":{"rendered":"<p>Kombinacija dinosaura, vozila i dodataka omogu\u0107uje razli\u010dite scenarije igre.<br \/>\nUklju\u010deno jaje s iznena\u0111enjem unosi dodatnu radost i i\u0161\u010dekivanje prilikom otvaranja.<br \/>\nPrilo\u017eeni slime dodaje teksturalnu dimenziju igri, \u010dine\u0107i je jo\u0161 zanimljivijom i zabavnijom.<\/p>\n","protected":false},"featured_media":37198,"template":"","meta":{"_seopress_robots_primary_cat":"","_seopress_titles_title":"","_seopress_titles_desc":"","_seopress_robots_index":"","iawp_total_views":0},"product_brand":[374],"product_cat":[221,263],"product_tag":[],"class_list":{"0":"post-37197","1":"product","2":"type-product","3":"status-publish","4":"has-post-thumbnail","6":"product_brand-robo-alive","7":"product_cat-igracke","8":"product_cat-tematske-igracke-221","10":"first","11":"instock","12":"shipping-taxable","13":"purchasable","14":"product-type-simple"},"_links":{"self":[{"href":"https:\/\/singuli.wpress.me\/index.php\/wp-json\/wp\/v2\/product\/37197","targetHints":{"allow":["GET"]}}],"collection":[{"href":"https:\/\/singuli.wpress.me\/index.php\/wp-json\/wp\/v2\/product"}],"about":[{"href":"https:\/\/singuli.wpress.me\/index.php\/wp-json\/wp\/v2\/types\/product"}],"version-history":[{"count":0,"href":"https:\/\/singuli.wpress.me\/index.php\/wp-json\/wp\/v2\/product\/37197\/revisions"}],"wp:featuredmedia":[{"embeddable":true,"href":"https:\/\/singuli.wpress.me\/index.php\/wp-json\/wp\/v2\/media\/37198"}],"wp:attachment":[{"href":"https:\/\/singuli.wpress.me\/index.php\/wp-json\/wp\/v2\/media?parent=37197"}],"wp:term":[{"taxonomy":"product_brand","embeddable":true,"href":"https:\/\/singuli.wpress.me\/index.php\/wp-json\/wp\/v2\/product_brand?post=37197"},{"taxonomy":"product_cat","embeddable":true,"href":"https:\/\/singuli.wpress.me\/index.php\/wp-json\/wp\/v2\/product_cat?post=37197"},{"taxonomy":"product_tag","embeddable":true,"href":"https:\/\/singuli.wpress.me\/index.php\/wp-json\/wp\/v2\/product_tag?post=37197"}],"curies":[{"name":"wp","href":"https:\/\/api.w.org\/{rel}","templated":true}]}}