{"id":37216,"date":"2026-04-18T18:04:15","date_gmt":"2026-04-18T18:04:15","guid":{"rendered":"https:\/\/singuli.wpress.me\/index.php\/proizvod\/domo-do9285pz-pecnica-za-pizzu-pekac\/"},"modified":"2026-04-20T12:33:19","modified_gmt":"2026-04-20T12:33:19","slug":"domo-do9285pz-pecnica-za-pizzu-pekac","status":"publish","type":"product","link":"https:\/\/singuli.wpress.me\/index.php\/proizvod\/domo-do9285pz-pecnica-za-pizzu-pekac\/","title":{"rendered":"DOMO DO9285PZ pe\u0107nica za pizzu, peka\u010d"},"content":{"rendered":"<p>Dovedite ukus **autenti\u010dne pizze pe\u010dene na kamenu** izravno u svoj dom! Ova **ELEKTRI\u010cNA PE\u0106 ZA PIZZU** snage **1200 W** osigurava vrhunske rezultate.<\/p>\n<p>Zahvaljuju\u0107i sna\u017enim grija\u010dima i vatrostalnom kerami\u010dkom kamenu promjera **&Oslash; 32 cm** (bez PFAS-a), pizzu mo\u017eete ispe\u0107i za nevjerojatno kratko vrijeme &ndash; samo **3 do 5 minuta**.<\/p>\n<p>Pe\u0107 je savr\u0161ena za pripremu **svje\u017ee i smrznute pizze**. Glatki kamen s neprianjaju\u0107im dnom omogu\u0107uje jednostavno \u010di\u0161\u0107enje. Pe\u0107 nudi razli\u010dite funkcije grijanja (donje, gornje, donje + gornje) i podesivu temperaturu do **400&deg;C**.<\/p>\n<p>Paket uklju\u010duje i **dvije lopatice za pizzu** od nehr\u0111aju\u0107eg \u010delika.<\/p>\n","protected":false},"excerpt":{"rendered":"<p>Pizza je gotova za samo 3-5 minuta<br \/>\nPe\u010deno na vatrostalnom kerami\u010dkom kamenu<br \/>\n1200 W i podesiva temperatura do 400\u00b0C<\/p>\n","protected":false},"featured_media":37217,"template":"","meta":{"_seopress_robots_primary_cat":"","_seopress_titles_title":"","_seopress_titles_desc":"","_seopress_robots_index":"","iawp_total_views":0},"product_brand":[255],"product_cat":[160],"product_tag":[],"class_list":{"0":"post-37216","1":"product","2":"type-product","3":"status-publish","4":"has-post-thumbnail","6":"product_brand-domo","7":"product_cat-mali-kucanski-aparati","9":"first","10":"outofstock","11":"shipping-taxable","12":"purchasable","13":"product-type-simple"},"_links":{"self":[{"href":"https:\/\/singuli.wpress.me\/index.php\/wp-json\/wp\/v2\/product\/37216","targetHints":{"allow":["GET"]}}],"collection":[{"href":"https:\/\/singuli.wpress.me\/index.php\/wp-json\/wp\/v2\/product"}],"about":[{"href":"https:\/\/singuli.wpress.me\/index.php\/wp-json\/wp\/v2\/types\/product"}],"version-history":[{"count":0,"href":"https:\/\/singuli.wpress.me\/index.php\/wp-json\/wp\/v2\/product\/37216\/revisions"}],"wp:featuredmedia":[{"embeddable":true,"href":"https:\/\/singuli.wpress.me\/index.php\/wp-json\/wp\/v2\/media\/37217"}],"wp:attachment":[{"href":"https:\/\/singuli.wpress.me\/index.php\/wp-json\/wp\/v2\/media?parent=37216"}],"wp:term":[{"taxonomy":"product_brand","embeddable":true,"href":"https:\/\/singuli.wpress.me\/index.php\/wp-json\/wp\/v2\/product_brand?post=37216"},{"taxonomy":"product_cat","embeddable":true,"href":"https:\/\/singuli.wpress.me\/index.php\/wp-json\/wp\/v2\/product_cat?post=37216"},{"taxonomy":"product_tag","embeddable":true,"href":"https:\/\/singuli.wpress.me\/index.php\/wp-json\/wp\/v2\/product_tag?post=37216"}],"curies":[{"name":"wp","href":"https:\/\/api.w.org\/{rel}","templated":true}]}}