{"id":37222,"date":"2026-04-18T18:04:18","date_gmt":"2026-04-18T18:04:18","guid":{"rendered":"https:\/\/singuli.wpress.me\/index.php\/proizvod\/domo-do9289pz-pecnica-za-pizzu-pekac\/"},"modified":"2026-04-21T00:26:50","modified_gmt":"2026-04-21T00:26:50","slug":"domo-do9289pz-pecnica-za-pizzu-pekac","status":"publish","type":"product","link":"https:\/\/singuli.wpress.me\/index.php\/proizvod\/domo-do9289pz-pecnica-za-pizzu-pekac\/","title":{"rendered":"DOMO DO9289PZ pe\u0107nica za pizzu, peka\u010d"},"content":{"rendered":"<p>Iskusite genijalnost u pe\u010denju pizze uz **ELEKTRI\u010cNU PE\u0106 ZA PICU &quot;PIZZA GENIUS&quot;** snage <strong>1700 W<\/strong>! Ovaj ure\u0111aj donosi autenti\u010dan okus pizze pe\u010dene na kamenu, ali uz nevjerojatnu brzinu.<\/p>\n<p>Pizzu mo\u017eete ispe\u0107i za samo **2 minute** (bez prethodnog zagrijavanja), zahvaljuju\u0107i visokoj snazi i mogu\u0107nosti pode\u0161avanja temperature od **80&deg;C do 450&deg;C**.<\/p>\n<p>Pe\u0107 koristi **vatrostalni kordijeritni kamen &Oslash; 32 cm** (bez PFAS-a) i **2 grija\u0107a elementa** od nehr\u0111aju\u0107eg \u010delika za pravilnu raspodjelu topline.<\/p>\n<p>U\u017eivajte u **digitalnom upravljanju** sa **6 programa** (uklju\u010duju\u0107i Napuljska, Tanka i hrskava, New York, Smrznuta, itd.) te ku\u0107i\u0161tem s dvostrukim ostakljenjem i **pokincanom unutra\u0161njo\u0161\u0107u sa svjetlom**.<\/p>\n<p>Savr\u0161eno za svje\u017eu i smrznutu pizzu! Uklju\u010duje lopaticu za pizzu.<\/p>\n","protected":false},"excerpt":{"rendered":"<p>Pizza za 2 minute (bez prethodnog zagrijavanja)<br \/>\nDigitalno upravljanje sa 6 unaprijed postavljenih programa<br \/>\nProfesionalna temperatura: Dosti\u017ee do 450\u00b0C<\/p>\n","protected":false},"featured_media":37223,"template":"","meta":{"_seopress_robots_primary_cat":"","_seopress_titles_title":"","_seopress_titles_desc":"","_seopress_robots_index":"","iawp_total_views":0},"product_brand":[255],"product_cat":[160],"product_tag":[],"class_list":{"0":"post-37222","1":"product","2":"type-product","3":"status-publish","4":"has-post-thumbnail","6":"product_brand-domo","7":"product_cat-mali-kucanski-aparati","9":"first","10":"instock","11":"shipping-taxable","12":"purchasable","13":"product-type-simple"},"_links":{"self":[{"href":"https:\/\/singuli.wpress.me\/index.php\/wp-json\/wp\/v2\/product\/37222","targetHints":{"allow":["GET"]}}],"collection":[{"href":"https:\/\/singuli.wpress.me\/index.php\/wp-json\/wp\/v2\/product"}],"about":[{"href":"https:\/\/singuli.wpress.me\/index.php\/wp-json\/wp\/v2\/types\/product"}],"version-history":[{"count":0,"href":"https:\/\/singuli.wpress.me\/index.php\/wp-json\/wp\/v2\/product\/37222\/revisions"}],"wp:featuredmedia":[{"embeddable":true,"href":"https:\/\/singuli.wpress.me\/index.php\/wp-json\/wp\/v2\/media\/37223"}],"wp:attachment":[{"href":"https:\/\/singuli.wpress.me\/index.php\/wp-json\/wp\/v2\/media?parent=37222"}],"wp:term":[{"taxonomy":"product_brand","embeddable":true,"href":"https:\/\/singuli.wpress.me\/index.php\/wp-json\/wp\/v2\/product_brand?post=37222"},{"taxonomy":"product_cat","embeddable":true,"href":"https:\/\/singuli.wpress.me\/index.php\/wp-json\/wp\/v2\/product_cat?post=37222"},{"taxonomy":"product_tag","embeddable":true,"href":"https:\/\/singuli.wpress.me\/index.php\/wp-json\/wp\/v2\/product_tag?post=37222"}],"curies":[{"name":"wp","href":"https:\/\/api.w.org\/{rel}","templated":true}]}}