{"id":37235,"date":"2026-04-18T18:04:21","date_gmt":"2026-04-18T18:04:21","guid":{"rendered":"https:\/\/singuli.wpress.me\/index.php\/proizvod\/chilly-fresh-gel-intimni-sapun-200-ml\/"},"modified":"2026-04-20T12:33:19","modified_gmt":"2026-04-20T12:33:19","slug":"chilly-fresh-gel-intimni-sapun-200-ml","status":"publish","type":"product","link":"https:\/\/singuli.wpress.me\/index.php\/proizvod\/chilly-fresh-gel-intimni-sapun-200-ml\/","title":{"rendered":"CHILLY Fresh gel, intimni sapun, 200\u00a0ml"},"content":{"rendered":"<p>Chilly Intima fresh gel za intimnu njegu pru\u017ea cjelodnevni osje\u0107aj svje\u017eine i ugode na najosjetljivijim dijelovima tijela. Formula s optimalnom pH vrijednosti odr\u017eava prirodnu pH ravnote\u017eu intimnih dijelova i sprje\u010dava neugodne mirise. Chilly Intima fresh gel s mirisom prirodnog mentola odr\u017eava osje\u0107aj svje\u017eine.<\/p>\n","protected":false},"excerpt":{"rendered":"<p>Nje\u017eno \u010disti intimne dijelove<br \/>\nOsigurava intenzivan osje\u0107aj svje\u017eine<br \/>\nOdr\u017eava prirodnu pH ravnote\u017eu intimnih dijelova<\/p>\n","protected":false},"featured_media":37236,"template":"","meta":{"_seopress_robots_primary_cat":"","_seopress_titles_title":"","_seopress_titles_desc":"","_seopress_robots_index":"","iawp_total_views":0},"product_brand":[387],"product_cat":[268,278],"product_tag":[],"class_list":{"0":"post-37235","1":"product","2":"type-product","3":"status-publish","4":"has-post-thumbnail","6":"product_brand-chilly","7":"product_cat-kozmetika-2","8":"product_cat-njega-tijela-268","10":"first","11":"instock","12":"shipping-taxable","13":"purchasable","14":"product-type-simple"},"_links":{"self":[{"href":"https:\/\/singuli.wpress.me\/index.php\/wp-json\/wp\/v2\/product\/37235","targetHints":{"allow":["GET"]}}],"collection":[{"href":"https:\/\/singuli.wpress.me\/index.php\/wp-json\/wp\/v2\/product"}],"about":[{"href":"https:\/\/singuli.wpress.me\/index.php\/wp-json\/wp\/v2\/types\/product"}],"version-history":[{"count":0,"href":"https:\/\/singuli.wpress.me\/index.php\/wp-json\/wp\/v2\/product\/37235\/revisions"}],"wp:featuredmedia":[{"embeddable":true,"href":"https:\/\/singuli.wpress.me\/index.php\/wp-json\/wp\/v2\/media\/37236"}],"wp:attachment":[{"href":"https:\/\/singuli.wpress.me\/index.php\/wp-json\/wp\/v2\/media?parent=37235"}],"wp:term":[{"taxonomy":"product_brand","embeddable":true,"href":"https:\/\/singuli.wpress.me\/index.php\/wp-json\/wp\/v2\/product_brand?post=37235"},{"taxonomy":"product_cat","embeddable":true,"href":"https:\/\/singuli.wpress.me\/index.php\/wp-json\/wp\/v2\/product_cat?post=37235"},{"taxonomy":"product_tag","embeddable":true,"href":"https:\/\/singuli.wpress.me\/index.php\/wp-json\/wp\/v2\/product_tag?post=37235"}],"curies":[{"name":"wp","href":"https:\/\/api.w.org\/{rel}","templated":true}]}}