{"id":37240,"date":"2026-04-18T18:04:22","date_gmt":"2026-04-18T18:04:22","guid":{"rendered":"https:\/\/singuli.wpress.me\/index.php\/proizvod\/chilly-manneti-antibacterial-intimni-sapun-200-ml\/"},"modified":"2026-04-20T12:33:19","modified_gmt":"2026-04-20T12:33:19","slug":"chilly-manneti-antibacterial-intimni-sapun-200-ml","status":"publish","type":"product","link":"https:\/\/singuli.wpress.me\/index.php\/proizvod\/chilly-manneti-antibacterial-intimni-sapun-200-ml\/","title":{"rendered":"CHILLY Manneti Antibacterial, intimni sapun, 200\u00a0ml"},"content":{"rendered":"<p>Chilly protect teku\u0107i sapun za intimnu njegu i za\u0161titu.<\/p>\n<p>Poma\u017ee vas za\u0161tititi u najrizi\u010dnijim trenucima, poput odlaska na bazen ili u teretanu, oboga\u0107en maj\u010dinom du\u0161icom i kaduljom. <\/p>\n<p>Nje\u017eno \u010disti intimne dijelove jer sadr\u017ei uravnote\u017eenu formulu aktivnih sastojaka.<\/p>\n<p>Po\u0161tuje prirodni pH va\u0161e ko\u017ee zahvaljujuci pH5 formuli.<\/p>\n<p>Ginekolo\u0161ki testiran. Za vanjsku upotrebu.<\/p>\n","protected":false},"excerpt":{"rendered":"<p>Oboga\u0107en maj\u010dinom du\u0161icom i kaduljom<br \/>\nSadr\u017ei uravnote\u017eenu formulu aktivnih sastojaka<br \/>\nGinekolo\u0161ki testiran<\/p>\n","protected":false},"featured_media":37241,"template":"","meta":{"_seopress_robots_primary_cat":"","_seopress_titles_title":"","_seopress_titles_desc":"","_seopress_robots_index":"","iawp_total_views":0},"product_brand":[387],"product_cat":[268,278],"product_tag":[],"class_list":{"0":"post-37240","1":"product","2":"type-product","3":"status-publish","4":"has-post-thumbnail","6":"product_brand-chilly","7":"product_cat-kozmetika-2","8":"product_cat-njega-tijela-268","10":"first","11":"instock","12":"shipping-taxable","13":"purchasable","14":"product-type-simple"},"_links":{"self":[{"href":"https:\/\/singuli.wpress.me\/index.php\/wp-json\/wp\/v2\/product\/37240","targetHints":{"allow":["GET"]}}],"collection":[{"href":"https:\/\/singuli.wpress.me\/index.php\/wp-json\/wp\/v2\/product"}],"about":[{"href":"https:\/\/singuli.wpress.me\/index.php\/wp-json\/wp\/v2\/types\/product"}],"version-history":[{"count":0,"href":"https:\/\/singuli.wpress.me\/index.php\/wp-json\/wp\/v2\/product\/37240\/revisions"}],"wp:featuredmedia":[{"embeddable":true,"href":"https:\/\/singuli.wpress.me\/index.php\/wp-json\/wp\/v2\/media\/37241"}],"wp:attachment":[{"href":"https:\/\/singuli.wpress.me\/index.php\/wp-json\/wp\/v2\/media?parent=37240"}],"wp:term":[{"taxonomy":"product_brand","embeddable":true,"href":"https:\/\/singuli.wpress.me\/index.php\/wp-json\/wp\/v2\/product_brand?post=37240"},{"taxonomy":"product_cat","embeddable":true,"href":"https:\/\/singuli.wpress.me\/index.php\/wp-json\/wp\/v2\/product_cat?post=37240"},{"taxonomy":"product_tag","embeddable":true,"href":"https:\/\/singuli.wpress.me\/index.php\/wp-json\/wp\/v2\/product_tag?post=37240"}],"curies":[{"name":"wp","href":"https:\/\/api.w.org\/{rel}","templated":true}]}}