{"id":37244,"date":"2026-04-18T18:04:22","date_gmt":"2026-04-18T18:04:22","guid":{"rendered":"https:\/\/singuli.wpress.me\/index.php\/proizvod\/lenor-gold-omeksivac-987-ml\/"},"modified":"2026-04-20T12:33:20","modified_gmt":"2026-04-20T12:33:20","slug":"lenor-gold-omeksivac-987-ml","status":"publish","type":"product","link":"https:\/\/singuli.wpress.me\/index.php\/proizvod\/lenor-gold-omeksivac-987-ml\/","title":{"rendered":"LENOR Gold, omek\u0161iva\u010d, 987\u00a0ml"},"content":{"rendered":"<p><strong>Lenor Orchid &amp; Vanilla: Luksuzno Opu\u0161tanje uz Da\u0161ak Eteri\u010dnih Ulja.<\/strong><\/p>\n<p>Prepustite se toploj i opu\u0161taju\u0107oj mirisnoj kombinaciji omek\u0161iva\u010da <b>Lenor Orchid &amp; Vanilla<\/b>. Ovaj omek\u0161iva\u010d pru\u017ea <b>3 puta dugotrajniji miris<\/b> (u usporedbi s Lenor Sensitive), osiguravaju\u0107i vam male trenutke opu\u0161tanja tijekom cijelog dana.<\/p>\n<p><strong>Mirisna Kompozicija:<\/strong><\/p>\n<ul>\n<li>\n<p>Dragocjeni akordi <ins>orhideje<\/ins> stapaju se s gurmanskim notama <ins>vanilije<\/ins>.<\/p>\n<\/li>\n<li>\n<p>Miris sadr\u017ei da\u0161ak <i>esencijalnih ulja<\/i>, stvaraju\u0107i toplu i ugodnu atmosferu koja poma\u017ee da se osje\u0107ate opu\u0161teno.<\/p>\n<\/li>\n<\/ul>\n<p>Za neodoljivu meko\u0107u i jo\u0161 intenzivniju i dugotrajniju svje\u017einu, preporu\u010damo kori\u0161tenje ovog omek\u0161iva\u010da u kombinaciji s Lenorovim perlicama za rublje istog mirisa.<\/p>\n","protected":false},"excerpt":{"rendered":"<p>3 puta dugotrajniji miris za cjelodnevno opu\u0161tanje<br \/>\nLuksuzna kombinacija mirisa: orhideja i vanilija<br \/>\nSadr\u017ei da\u0161ak esencijalnih ulja<\/p>\n","protected":false},"featured_media":37245,"template":"","meta":{"_seopress_robots_primary_cat":"","_seopress_titles_title":"","_seopress_titles_desc":"","_seopress_robots_index":"","iawp_total_views":0},"product_brand":[446],"product_cat":[283,238],"product_tag":[],"class_list":{"0":"post-37244","1":"product","2":"type-product","3":"status-publish","4":"has-post-thumbnail","6":"product_brand-lenor","7":"product_cat-pranje-rublja-238","8":"product_cat-sve-za-dom","10":"first","11":"instock","12":"shipping-taxable","13":"purchasable","14":"product-type-simple"},"_links":{"self":[{"href":"https:\/\/singuli.wpress.me\/index.php\/wp-json\/wp\/v2\/product\/37244","targetHints":{"allow":["GET"]}}],"collection":[{"href":"https:\/\/singuli.wpress.me\/index.php\/wp-json\/wp\/v2\/product"}],"about":[{"href":"https:\/\/singuli.wpress.me\/index.php\/wp-json\/wp\/v2\/types\/product"}],"version-history":[{"count":0,"href":"https:\/\/singuli.wpress.me\/index.php\/wp-json\/wp\/v2\/product\/37244\/revisions"}],"wp:featuredmedia":[{"embeddable":true,"href":"https:\/\/singuli.wpress.me\/index.php\/wp-json\/wp\/v2\/media\/37245"}],"wp:attachment":[{"href":"https:\/\/singuli.wpress.me\/index.php\/wp-json\/wp\/v2\/media?parent=37244"}],"wp:term":[{"taxonomy":"product_brand","embeddable":true,"href":"https:\/\/singuli.wpress.me\/index.php\/wp-json\/wp\/v2\/product_brand?post=37244"},{"taxonomy":"product_cat","embeddable":true,"href":"https:\/\/singuli.wpress.me\/index.php\/wp-json\/wp\/v2\/product_cat?post=37244"},{"taxonomy":"product_tag","embeddable":true,"href":"https:\/\/singuli.wpress.me\/index.php\/wp-json\/wp\/v2\/product_tag?post=37244"}],"curies":[{"name":"wp","href":"https:\/\/api.w.org\/{rel}","templated":true}]}}