{"id":37246,"date":"2026-04-18T18:04:23","date_gmt":"2026-04-18T18:04:23","guid":{"rendered":"https:\/\/singuli.wpress.me\/index.php\/proizvod\/lenor-sensitive-omeksivac-1-239-l\/"},"modified":"2026-04-21T00:26:50","modified_gmt":"2026-04-21T00:26:50","slug":"lenor-sensitive-omeksivac-1-239-l","status":"publish","type":"product","link":"https:\/\/singuli.wpress.me\/index.php\/proizvod\/lenor-sensitive-omeksivac-1-239-l\/","title":{"rendered":"LENOR Sensitive, omek\u0161iva\u010d, 1.239\u00a0l"},"content":{"rendered":"<p><strong>Lenor Sensitive: Hipoalergena Nje\u017enost i Bo\u017eanstvena Meko\u0107a.<\/strong><\/p>\n<p>Lenor Sensitive je idealan odabir za sve s <b>osjetljivom ko\u017eom<\/b>, uklju\u010duju\u0107i bebe. Formula je posebno osmi\u0161ljena za pru\u017eanje bo\u017eanstvene meko\u0107e uz potpuno <i>neutralan miris<\/i>, minimaliziraju\u0107i rizik od iritacija.<\/p>\n<p><strong>Certificirana Sigurnost:<\/strong><\/p>\n<ul>\n<li>\n<p><b>Hipoalergena Formula:<\/b> Smanjuje rizik od alergijskih reakcija.<\/p>\n<\/li>\n<li>\n<p><b>Dermatolo\u0161ki Ispitano:<\/b> Ispitivanje je provedeno na ko\u017ei u dodiru s opranim tkaninama, jam\u010de\u0107i nje\u017enost.<\/p>\n<\/li>\n<li>\n<p><b>ECARF Certifikat:<\/b> Nosi certifikat Europske zaklade za istra\u017eivanje alergija (European Centre for Allergy Research Foundation), potvr\u0111uju\u0107i njegovu prikladnost za alergi\u010dare.<\/p>\n<\/li>\n<\/ul>\n<p>Nje\u017ean dodir Lenora za cijelu obitelj.<\/p>\n","protected":false},"excerpt":{"rendered":"<p>Hipoalergena formula za osjetljivu ko\u017eu<br \/>\nCertifikat Europske zaklade za istra\u017eivanje alergija<br \/>\nNeutralan miris<\/p>\n","protected":false},"featured_media":37247,"template":"","meta":{"_seopress_robots_primary_cat":"","_seopress_titles_title":"","_seopress_titles_desc":"","_seopress_robots_index":"","iawp_total_views":0},"product_brand":[446],"product_cat":[283,238],"product_tag":[],"class_list":{"0":"post-37246","1":"product","2":"type-product","3":"status-publish","4":"has-post-thumbnail","6":"product_brand-lenor","7":"product_cat-pranje-rublja-238","8":"product_cat-sve-za-dom","10":"first","11":"outofstock","12":"shipping-taxable","13":"purchasable","14":"product-type-simple"},"_links":{"self":[{"href":"https:\/\/singuli.wpress.me\/index.php\/wp-json\/wp\/v2\/product\/37246","targetHints":{"allow":["GET"]}}],"collection":[{"href":"https:\/\/singuli.wpress.me\/index.php\/wp-json\/wp\/v2\/product"}],"about":[{"href":"https:\/\/singuli.wpress.me\/index.php\/wp-json\/wp\/v2\/types\/product"}],"version-history":[{"count":0,"href":"https:\/\/singuli.wpress.me\/index.php\/wp-json\/wp\/v2\/product\/37246\/revisions"}],"wp:featuredmedia":[{"embeddable":true,"href":"https:\/\/singuli.wpress.me\/index.php\/wp-json\/wp\/v2\/media\/37247"}],"wp:attachment":[{"href":"https:\/\/singuli.wpress.me\/index.php\/wp-json\/wp\/v2\/media?parent=37246"}],"wp:term":[{"taxonomy":"product_brand","embeddable":true,"href":"https:\/\/singuli.wpress.me\/index.php\/wp-json\/wp\/v2\/product_brand?post=37246"},{"taxonomy":"product_cat","embeddable":true,"href":"https:\/\/singuli.wpress.me\/index.php\/wp-json\/wp\/v2\/product_cat?post=37246"},{"taxonomy":"product_tag","embeddable":true,"href":"https:\/\/singuli.wpress.me\/index.php\/wp-json\/wp\/v2\/product_tag?post=37246"}],"curies":[{"name":"wp","href":"https:\/\/api.w.org\/{rel}","templated":true}]}}