{"id":37248,"date":"2026-04-18T18:04:23","date_gmt":"2026-04-18T18:04:23","guid":{"rendered":"https:\/\/singuli.wpress.me\/index.php\/proizvod\/duck-mint-mission-gel-za-ciscenje-i-osvjezavanje-wc-skoljke\/"},"modified":"2026-04-20T12:33:20","modified_gmt":"2026-04-20T12:33:20","slug":"duck-mint-mission-gel-za-ciscenje-i-osvjezavanje-wc-skoljke","status":"publish","type":"product","link":"https:\/\/singuli.wpress.me\/index.php\/proizvod\/duck-mint-mission-gel-za-ciscenje-i-osvjezavanje-wc-skoljke\/","title":{"rendered":"DUCK Mint Mission, gel za \u010di\u0161\u0107enje i osvje\u017eavanje wc \u0161koljke"},"content":{"rendered":"<p>Duck\u00ae Total Action Gel \u2013 Mint Mission pru\u017ea besprijekornu higijenu i dugotrajnu svje\u017einu va\u0161eg toaleta. Zahvaljuju\u0107i jedinstvenom obliku vrata bo\u010dice, ovaj gel s lako\u0107om dopire do te\u0161ko dostupnih mjesta ispod samog ruba WC \u0161koljke, osiguravaju\u0107i temeljito \u010di\u0161\u0107enje tamo gdje se bakterije i kamenac najvi\u0161e nakupljaju. Sna\u017ena formula u\u010dinkovito uklanja tvrdokorne mrlje i ne\u010disto\u0107e, ostavljaju\u0107i za sobom osvje\u017eavaju\u0107i miris mente. Osim \u0161to brine o \u010disto\u0107i va\u0161eg doma, Duck\u00ae brine i o okoli\u0161u \u2013 ambala\u017ea je izra\u0111ena od 50% plastike prikupljene uz obalu, \u0161to ovaj proizvod \u010dini odgovornim izborom za modernu kupaonicu.<\/p>\n","protected":false},"excerpt":{"rendered":"<p>Posebno dizajnirana bo\u010dica omogu\u0107uje precizno nano\u0161enje gela \u010dak i ispod samog ruba \u0161koljke<br \/>\nFormula koja bez napora razgra\u0111uje kamenac i mrlje, ostavljaju\u0107i povr\u0161ine higijenski \u010distima<br \/>\nBoca je izra\u0111ena od 50% reciklirane plastike prikupljene u obalnim podru\u010djima<\/p>\n","protected":false},"featured_media":37249,"template":"","meta":{"_seopress_robots_primary_cat":"","_seopress_titles_title":"","_seopress_titles_desc":"","_seopress_robots_index":"","iawp_total_views":0},"product_brand":[410],"product_cat":[284,238],"product_tag":[],"class_list":{"0":"post-37248","1":"product","2":"type-product","3":"status-publish","4":"has-post-thumbnail","6":"product_brand-duck","7":"product_cat-sredstva-za-ciscenje-238","8":"product_cat-sve-za-dom","10":"first","11":"instock","12":"shipping-taxable","13":"purchasable","14":"product-type-simple"},"_links":{"self":[{"href":"https:\/\/singuli.wpress.me\/index.php\/wp-json\/wp\/v2\/product\/37248","targetHints":{"allow":["GET"]}}],"collection":[{"href":"https:\/\/singuli.wpress.me\/index.php\/wp-json\/wp\/v2\/product"}],"about":[{"href":"https:\/\/singuli.wpress.me\/index.php\/wp-json\/wp\/v2\/types\/product"}],"version-history":[{"count":0,"href":"https:\/\/singuli.wpress.me\/index.php\/wp-json\/wp\/v2\/product\/37248\/revisions"}],"wp:featuredmedia":[{"embeddable":true,"href":"https:\/\/singuli.wpress.me\/index.php\/wp-json\/wp\/v2\/media\/37249"}],"wp:attachment":[{"href":"https:\/\/singuli.wpress.me\/index.php\/wp-json\/wp\/v2\/media?parent=37248"}],"wp:term":[{"taxonomy":"product_brand","embeddable":true,"href":"https:\/\/singuli.wpress.me\/index.php\/wp-json\/wp\/v2\/product_brand?post=37248"},{"taxonomy":"product_cat","embeddable":true,"href":"https:\/\/singuli.wpress.me\/index.php\/wp-json\/wp\/v2\/product_cat?post=37248"},{"taxonomy":"product_tag","embeddable":true,"href":"https:\/\/singuli.wpress.me\/index.php\/wp-json\/wp\/v2\/product_tag?post=37248"}],"curies":[{"name":"wp","href":"https:\/\/api.w.org\/{rel}","templated":true}]}}