{"id":37250,"date":"2026-04-18T18:04:24","date_gmt":"2026-04-18T18:04:24","guid":{"rendered":"https:\/\/singuli.wpress.me\/index.php\/proizvod\/duck-total-action-gel-hibiscus-hyperspace-gel-za-ciscenje-i-osvjezavanje-wc-skoljke\/"},"modified":"2026-04-20T12:33:20","modified_gmt":"2026-04-20T12:33:20","slug":"duck-total-action-gel-hibiscus-hyperspace-gel-za-ciscenje-i-osvjezavanje-wc-skoljke","status":"publish","type":"product","link":"https:\/\/singuli.wpress.me\/index.php\/proizvod\/duck-total-action-gel-hibiscus-hyperspace-gel-za-ciscenje-i-osvjezavanje-wc-skoljke\/","title":{"rendered":"DUCK Total Action Gel &#8211; Hibiscus Hyperspace, gel za \u010di\u0161\u0107enje i osvje\u017eavanje wc \u0161koljke"},"content":{"rendered":"<p>Iskusite eksploziju egzoti\u010dne svje\u017eine uz <b>Duck Total Action Gel &#8211; Hibiscus Hyperspace<\/b>, gel za \u010di\u0161\u0107enje i osvje\u017eavanje WC \u0161koljke! Zahvaljuju\u0107i jedinstvenom <b>vratu boce<\/b>, ovaj gel lako dopire ispod ruba WC \u0161koljke, u\u010dinkovito uklanja kamenac i tvrdokorne mrlje te ostavlja dugotrajan miris hibiskusa.<br \/>\nCvjetna aroma hibiskusa pretvara va\u0161u kupaonicu u mirisnu oazu i neutralizira neugodne mirise. Osim \u0161to pru\u017ea vrhunsku \u010disto\u0107u, ovaj proizvod brine i o prirodi \u2013 ambala\u017ea je izra\u0111ena od <b>50% plastike prikupljene uz obalu<\/b> (bez \u010depa, mlaznice i naljepnice), \u010dime poma\u017eete u za\u0161titi oceana. Za dodatnu sigurnost va\u0161e obitelji, boca je opremljena <b>sigurnosnim zatvara\u010dem<\/b>.<\/p>\n","protected":false},"excerpt":{"rendered":"<p>Posebno dizajniran vrat boce omogu\u0107uje gelu da dopre do skrivene prljav\u0161tine i naslaga ispod samog ruba WC \u0161koljke<br \/>\nSna\u017ena formula brzo uklanja kamenac i tvrdokorne mrlje, ostavljaju\u0107i povr\u0161inu blistavom<br \/>\nBoca je izra\u0111ena od 50% reciklirane obalne plastike, \u010dime se aktivno pridonosi za\u0161titi morskog okoli\u0161a<\/p>\n","protected":false},"featured_media":37251,"template":"","meta":{"_seopress_robots_primary_cat":"","_seopress_titles_title":"","_seopress_titles_desc":"","_seopress_robots_index":"","iawp_total_views":0},"product_brand":[410],"product_cat":[284,238],"product_tag":[],"class_list":{"0":"post-37250","1":"product","2":"type-product","3":"status-publish","4":"has-post-thumbnail","6":"product_brand-duck","7":"product_cat-sredstva-za-ciscenje-238","8":"product_cat-sve-za-dom","10":"first","11":"instock","12":"shipping-taxable","13":"purchasable","14":"product-type-simple"},"_links":{"self":[{"href":"https:\/\/singuli.wpress.me\/index.php\/wp-json\/wp\/v2\/product\/37250","targetHints":{"allow":["GET"]}}],"collection":[{"href":"https:\/\/singuli.wpress.me\/index.php\/wp-json\/wp\/v2\/product"}],"about":[{"href":"https:\/\/singuli.wpress.me\/index.php\/wp-json\/wp\/v2\/types\/product"}],"version-history":[{"count":0,"href":"https:\/\/singuli.wpress.me\/index.php\/wp-json\/wp\/v2\/product\/37250\/revisions"}],"wp:featuredmedia":[{"embeddable":true,"href":"https:\/\/singuli.wpress.me\/index.php\/wp-json\/wp\/v2\/media\/37251"}],"wp:attachment":[{"href":"https:\/\/singuli.wpress.me\/index.php\/wp-json\/wp\/v2\/media?parent=37250"}],"wp:term":[{"taxonomy":"product_brand","embeddable":true,"href":"https:\/\/singuli.wpress.me\/index.php\/wp-json\/wp\/v2\/product_brand?post=37250"},{"taxonomy":"product_cat","embeddable":true,"href":"https:\/\/singuli.wpress.me\/index.php\/wp-json\/wp\/v2\/product_cat?post=37250"},{"taxonomy":"product_tag","embeddable":true,"href":"https:\/\/singuli.wpress.me\/index.php\/wp-json\/wp\/v2\/product_tag?post=37250"}],"curies":[{"name":"wp","href":"https:\/\/api.w.org\/{rel}","templated":true}]}}