{"id":37252,"date":"2026-04-18T18:04:24","date_gmt":"2026-04-18T18:04:24","guid":{"rendered":"https:\/\/singuli.wpress.me\/index.php\/proizvod\/duck-aqua-blue-mystical-lagoon-osvjezivac-za-wc-skoljku-36-g\/"},"modified":"2026-04-20T12:33:20","modified_gmt":"2026-04-20T12:33:20","slug":"duck-aqua-blue-mystical-lagoon-osvjezivac-za-wc-skoljku-36-g","status":"publish","type":"product","link":"https:\/\/singuli.wpress.me\/index.php\/proizvod\/duck-aqua-blue-mystical-lagoon-osvjezivac-za-wc-skoljku-36-g\/","title":{"rendered":"DUCK Aqua Blue Mystical Lagoon, osvje\u017eiva\u010d za wc \u0161koljku, 36\u00a0g"},"content":{"rendered":"<p><span style=\"font-weight: bold\">Duck\u00ae Aqua Blue<\/span> boji vodu u plavo sa svakim ispiranjem! \u010cisti i ostavlja povr\u0161inu blistavom te poma\u017ee u sprije\u010davanju kamenca. Originalan oblik Duck\u00ae Aqua Blue ko\u0161arice je posebno dizajniran kako bi omogu\u0107io jednakomjerno bojanje vode sa svakim ispiranjem! <\/p>\n","protected":false},"excerpt":{"rendered":"<p>Boji vodu u plavo<br \/>\nSpre\u010dava nastanak kamenca<br \/>\nUklanja neugodne mirise<\/p>\n","protected":false},"featured_media":37253,"template":"","meta":{"_seopress_robots_primary_cat":"","_seopress_titles_title":"","_seopress_titles_desc":"","_seopress_robots_index":"","iawp_total_views":0},"product_brand":[410],"product_cat":[284,238],"product_tag":[],"class_list":{"0":"post-37252","1":"product","2":"type-product","3":"status-publish","4":"has-post-thumbnail","6":"product_brand-duck","7":"product_cat-sredstva-za-ciscenje-238","8":"product_cat-sve-za-dom","10":"first","11":"instock","12":"shipping-taxable","13":"purchasable","14":"product-type-simple"},"_links":{"self":[{"href":"https:\/\/singuli.wpress.me\/index.php\/wp-json\/wp\/v2\/product\/37252","targetHints":{"allow":["GET"]}}],"collection":[{"href":"https:\/\/singuli.wpress.me\/index.php\/wp-json\/wp\/v2\/product"}],"about":[{"href":"https:\/\/singuli.wpress.me\/index.php\/wp-json\/wp\/v2\/types\/product"}],"version-history":[{"count":0,"href":"https:\/\/singuli.wpress.me\/index.php\/wp-json\/wp\/v2\/product\/37252\/revisions"}],"wp:featuredmedia":[{"embeddable":true,"href":"https:\/\/singuli.wpress.me\/index.php\/wp-json\/wp\/v2\/media\/37253"}],"wp:attachment":[{"href":"https:\/\/singuli.wpress.me\/index.php\/wp-json\/wp\/v2\/media?parent=37252"}],"wp:term":[{"taxonomy":"product_brand","embeddable":true,"href":"https:\/\/singuli.wpress.me\/index.php\/wp-json\/wp\/v2\/product_brand?post=37252"},{"taxonomy":"product_cat","embeddable":true,"href":"https:\/\/singuli.wpress.me\/index.php\/wp-json\/wp\/v2\/product_cat?post=37252"},{"taxonomy":"product_tag","embeddable":true,"href":"https:\/\/singuli.wpress.me\/index.php\/wp-json\/wp\/v2\/product_tag?post=37252"}],"curies":[{"name":"wp","href":"https:\/\/api.w.org\/{rel}","templated":true}]}}