{"id":37254,"date":"2026-04-18T18:04:24","date_gmt":"2026-04-18T18:04:24","guid":{"rendered":"https:\/\/singuli.wpress.me\/index.php\/proizvod\/lenor-spring-awakening-omeksivac-1-239-l\/"},"modified":"2026-04-20T12:33:20","modified_gmt":"2026-04-20T12:33:20","slug":"lenor-spring-awakening-omeksivac-1-239-l","status":"publish","type":"product","link":"https:\/\/singuli.wpress.me\/index.php\/proizvod\/lenor-spring-awakening-omeksivac-1-239-l\/","title":{"rendered":"LENOR Spring Awakening, omek\u0161iva\u010d, 1.239\u00a0l"},"content":{"rendered":"<p><strong>Lenor Spring Awakening: Svje\u017eina koja traje do 7 dana!<\/strong><\/p>\n<p>Dopustite da vas <ins>Lenor Spring Awakening<\/ins> (Probu\u0111eno prolje\u0107e) obavije dugotrajnom svje\u017einom. Ovaj omek\u0161iva\u010d rublja osigurava da va\u0161a posteljina miri\u0161e svje\u017ee i ugodno do \u010dak <b>7 dana<\/b>, donose\u0107i primjetnu Lenorovu svje\u017einu u va\u0161 dom.<\/p>\n<p><strong>Glavne prednosti:<\/strong><\/p>\n<ul>\n<li>\n<p><strong>Dugotrajna Svje\u017eina:<\/strong> Postojan i ugodan miris koji traje do tjedan dana.<\/p>\n<\/li>\n<li>\n<p><strong>Aktivna Za\u0161tita od Mirisa:<\/strong> Inovativna tehnologija aktivne za\u0161tite od neugodnih mirisa \u0161titi va\u0161u odje\u0107u dok je nosite, neutraliziraju\u0107i nepo\u017eeljne mirise.<\/p>\n<\/li>\n<li>\n<p><strong>Meko\u0107a Rublja:<\/strong> Uz miris, rublje ostaje i ugodno mekano.<\/p>\n<\/li>\n<\/ul>\n<p>Za najbolje rezultate i najdugotrajniju svje\u017einu, koristite ga uz va\u0161 uobi\u010dajeni deterd\u017eent za rublje.<\/p>\n","protected":false},"excerpt":{"rendered":"<p>Posteljina miri\u0161e svje\u017ee do 7 dana<br \/>\nTehnologija aktivne za\u0161tite od neugodnih mirisa<br \/>\nMiris Spring Awakening<\/p>\n","protected":false},"featured_media":37255,"template":"","meta":{"_seopress_robots_primary_cat":"","_seopress_titles_title":"","_seopress_titles_desc":"","_seopress_robots_index":"","iawp_total_views":0},"product_brand":[446],"product_cat":[283,238],"product_tag":[],"class_list":{"0":"post-37254","1":"product","2":"type-product","3":"status-publish","4":"has-post-thumbnail","6":"product_brand-lenor","7":"product_cat-pranje-rublja-238","8":"product_cat-sve-za-dom","10":"first","11":"instock","12":"shipping-taxable","13":"purchasable","14":"product-type-simple"},"_links":{"self":[{"href":"https:\/\/singuli.wpress.me\/index.php\/wp-json\/wp\/v2\/product\/37254","targetHints":{"allow":["GET"]}}],"collection":[{"href":"https:\/\/singuli.wpress.me\/index.php\/wp-json\/wp\/v2\/product"}],"about":[{"href":"https:\/\/singuli.wpress.me\/index.php\/wp-json\/wp\/v2\/types\/product"}],"version-history":[{"count":0,"href":"https:\/\/singuli.wpress.me\/index.php\/wp-json\/wp\/v2\/product\/37254\/revisions"}],"wp:featuredmedia":[{"embeddable":true,"href":"https:\/\/singuli.wpress.me\/index.php\/wp-json\/wp\/v2\/media\/37255"}],"wp:attachment":[{"href":"https:\/\/singuli.wpress.me\/index.php\/wp-json\/wp\/v2\/media?parent=37254"}],"wp:term":[{"taxonomy":"product_brand","embeddable":true,"href":"https:\/\/singuli.wpress.me\/index.php\/wp-json\/wp\/v2\/product_brand?post=37254"},{"taxonomy":"product_cat","embeddable":true,"href":"https:\/\/singuli.wpress.me\/index.php\/wp-json\/wp\/v2\/product_cat?post=37254"},{"taxonomy":"product_tag","embeddable":true,"href":"https:\/\/singuli.wpress.me\/index.php\/wp-json\/wp\/v2\/product_tag?post=37254"}],"curies":[{"name":"wp","href":"https:\/\/api.w.org\/{rel}","templated":true}]}}