{"id":37256,"date":"2026-04-18T18:04:25","date_gmt":"2026-04-18T18:04:25","guid":{"rendered":"https:\/\/singuli.wpress.me\/index.php\/proizvod\/duck-aqua-turquoise-4u1-mint-mission-osvjezivac-za-wc-skoljku\/"},"modified":"2026-04-20T12:33:20","modified_gmt":"2026-04-20T12:33:20","slug":"duck-aqua-turquoise-4u1-mint-mission-osvjezivac-za-wc-skoljku","status":"publish","type":"product","link":"https:\/\/singuli.wpress.me\/index.php\/proizvod\/duck-aqua-turquoise-4u1-mint-mission-osvjezivac-za-wc-skoljku\/","title":{"rendered":"DUCK Aqua Turquoise 4u1 &#8211; Mint Mission, osvje\u017eiva\u010d za wc \u0161koljku"},"content":{"rendered":"<p>Osvje\u017eite svoju kupaonicu uz <b>Duck Aqua Turquoise 4u1 &#8211; Mint Mission<\/b>, osvje\u017eiva\u010d za WC \u0161koljku koji dolazi u prakti\u010dnom <b>duplom pakiranju<\/b>! Svaka ko\u0161arica aktivno djeluje pri svakom ispiranju, boji vodu u <b>tirkizno<\/b> i poma\u017ee u odr\u017eavanju \u010disto\u0107e.<\/p>\n<p>Ovaj 4u1 sustav u\u010dinkovito sprje\u010dava nastanak kamenca i ostavlja ugodan, <b>dugotrajan miris mente<\/b>. Jednostavno se postavlja ispod ruba WC \u0161koljke na mjesto izlo\u017eeno mlazu vode. Dupli pack osigurava dvostruku svje\u017einu i produ\u017eeno trajanje, \u0161to ga \u010dini idealnim rje\u0161enjem za svako ku\u0107anstvo.<\/p>\n","protected":false},"excerpt":{"rendered":"<p>Dubinski \u010disti, sprje\u010dava nakupljanje kamenca, osvje\u017eava prostor i boji vodu u tirkizno pri svakom ispiranju<br \/>\nFormulacija Mint Mission osigurava stalnu prisutnost svje\u017eine i neutralizaciju neugodnih mirisa u kupaonici<br \/>\nDuplo pakiranje (2 komada) omogu\u0107uje dulju upotrebu ili opremanje vi\u0161e kupaonica jednim setom<\/p>\n","protected":false},"featured_media":37257,"template":"","meta":{"_seopress_robots_primary_cat":"","_seopress_titles_title":"","_seopress_titles_desc":"","_seopress_robots_index":"","iawp_total_views":0},"product_brand":[410],"product_cat":[284,238],"product_tag":[],"class_list":{"0":"post-37256","1":"product","2":"type-product","3":"status-publish","4":"has-post-thumbnail","6":"product_brand-duck","7":"product_cat-sredstva-za-ciscenje-238","8":"product_cat-sve-za-dom","10":"first","11":"instock","12":"shipping-taxable","13":"purchasable","14":"product-type-simple"},"_links":{"self":[{"href":"https:\/\/singuli.wpress.me\/index.php\/wp-json\/wp\/v2\/product\/37256","targetHints":{"allow":["GET"]}}],"collection":[{"href":"https:\/\/singuli.wpress.me\/index.php\/wp-json\/wp\/v2\/product"}],"about":[{"href":"https:\/\/singuli.wpress.me\/index.php\/wp-json\/wp\/v2\/types\/product"}],"version-history":[{"count":0,"href":"https:\/\/singuli.wpress.me\/index.php\/wp-json\/wp\/v2\/product\/37256\/revisions"}],"wp:featuredmedia":[{"embeddable":true,"href":"https:\/\/singuli.wpress.me\/index.php\/wp-json\/wp\/v2\/media\/37257"}],"wp:attachment":[{"href":"https:\/\/singuli.wpress.me\/index.php\/wp-json\/wp\/v2\/media?parent=37256"}],"wp:term":[{"taxonomy":"product_brand","embeddable":true,"href":"https:\/\/singuli.wpress.me\/index.php\/wp-json\/wp\/v2\/product_brand?post=37256"},{"taxonomy":"product_cat","embeddable":true,"href":"https:\/\/singuli.wpress.me\/index.php\/wp-json\/wp\/v2\/product_cat?post=37256"},{"taxonomy":"product_tag","embeddable":true,"href":"https:\/\/singuli.wpress.me\/index.php\/wp-json\/wp\/v2\/product_tag?post=37256"}],"curies":[{"name":"wp","href":"https:\/\/api.w.org\/{rel}","templated":true}]}}