{"id":37258,"date":"2026-04-18T18:04:25","date_gmt":"2026-04-18T18:04:25","guid":{"rendered":"https:\/\/singuli.wpress.me\/index.php\/proizvod\/duck-aqua-purple-4u1-hibiscus-hyperspace-osvjezivac-za-wc-skoljku\/"},"modified":"2026-04-20T12:33:20","modified_gmt":"2026-04-20T12:33:20","slug":"duck-aqua-purple-4u1-hibiscus-hyperspace-osvjezivac-za-wc-skoljku","status":"publish","type":"product","link":"https:\/\/singuli.wpress.me\/index.php\/proizvod\/duck-aqua-purple-4u1-hibiscus-hyperspace-osvjezivac-za-wc-skoljku\/","title":{"rendered":"DUCK Aqua Purple 4u1 &#8211; Hibiscus Hyperspace, osvje\u017eiva\u010d za wc \u0161koljku"},"content":{"rendered":"<p><b>Duck Aqua Purple 4u1 &#8211; Hibiscus Hyperspace<\/b> unijet \u0107e dugotrajnu cvjetnu svje\u017einu u va\u0161u kupaonicu. Ovaj prakti\u010dni osvje\u017eiva\u010d za WC \u0161koljku svakim ispiranjem <b>boji vodu u ljubi\u010dasto<\/b>, \u010dime osigurava vizualni efekt \u010disto\u0107e uz istovremeno djelovanje sna\u017ene formule.<br \/>\nSustav 4u1 dubinski \u010disti, <b>sprje\u010dava nastanak kamenca<\/b> i neutralizira neugodne mirise ostavljaju\u0107i egzoti\u010dan miris hibiskusa. Pakiranje sadr\u017ei <b>dvije ko\u0161arice<\/b> koje se jednostavno pri\u010dvr\u0161\u0107uju na rub WC \u0161koljke. Nakon \u0161to se proizvod potro\u0161i, ko\u0161arica se mo\u017ee u potpunosti reciklirati odlaganjem u plasti\u010dni otpad.<\/p>\n","protected":false},"excerpt":{"rendered":"<p>Kombinira dubinsko \u010di\u0161\u0107enje, prevenciju kamenca, dugotrajno osvje\u017eavanje i bojenje vode u ljubi\u010dasto<br \/>\nOsloba\u0111a intenzivan i ugodan cvjetni miris koji kupaonicu odr\u017eava mirisnom izme\u0111u dva ispiranja.<br \/>\nSadr\u017ei dvije jedinice proizvoda za produljenu svje\u017einu i u\u010dinkovitost<\/p>\n","protected":false},"featured_media":37259,"template":"","meta":{"_seopress_robots_primary_cat":"","_seopress_titles_title":"","_seopress_titles_desc":"","_seopress_robots_index":"","iawp_total_views":0},"product_brand":[410],"product_cat":[284,238],"product_tag":[],"class_list":{"0":"post-37258","1":"product","2":"type-product","3":"status-publish","4":"has-post-thumbnail","6":"product_brand-duck","7":"product_cat-sredstva-za-ciscenje-238","8":"product_cat-sve-za-dom","10":"first","11":"outofstock","12":"shipping-taxable","13":"purchasable","14":"product-type-simple"},"_links":{"self":[{"href":"https:\/\/singuli.wpress.me\/index.php\/wp-json\/wp\/v2\/product\/37258","targetHints":{"allow":["GET"]}}],"collection":[{"href":"https:\/\/singuli.wpress.me\/index.php\/wp-json\/wp\/v2\/product"}],"about":[{"href":"https:\/\/singuli.wpress.me\/index.php\/wp-json\/wp\/v2\/types\/product"}],"version-history":[{"count":0,"href":"https:\/\/singuli.wpress.me\/index.php\/wp-json\/wp\/v2\/product\/37258\/revisions"}],"wp:featuredmedia":[{"embeddable":true,"href":"https:\/\/singuli.wpress.me\/index.php\/wp-json\/wp\/v2\/media\/37259"}],"wp:attachment":[{"href":"https:\/\/singuli.wpress.me\/index.php\/wp-json\/wp\/v2\/media?parent=37258"}],"wp:term":[{"taxonomy":"product_brand","embeddable":true,"href":"https:\/\/singuli.wpress.me\/index.php\/wp-json\/wp\/v2\/product_brand?post=37258"},{"taxonomy":"product_cat","embeddable":true,"href":"https:\/\/singuli.wpress.me\/index.php\/wp-json\/wp\/v2\/product_cat?post=37258"},{"taxonomy":"product_tag","embeddable":true,"href":"https:\/\/singuli.wpress.me\/index.php\/wp-json\/wp\/v2\/product_tag?post=37258"}],"curies":[{"name":"wp","href":"https:\/\/api.w.org\/{rel}","templated":true}]}}