{"id":37264,"date":"2026-04-18T18:04:27","date_gmt":"2026-04-18T18:04:27","guid":{"rendered":"https:\/\/singuli.wpress.me\/index.php\/proizvod\/duck-fresh-discs-mint-mission-gel-za-ciscenje-i-osvjezavanje-wc-skoljke-baza-i-punjenje-36-ml\/"},"modified":"2026-04-20T12:33:20","modified_gmt":"2026-04-20T12:33:20","slug":"duck-fresh-discs-mint-mission-gel-za-ciscenje-i-osvjezavanje-wc-skoljke-baza-i-punjenje-36-ml","status":"publish","type":"product","link":"https:\/\/singuli.wpress.me\/index.php\/proizvod\/duck-fresh-discs-mint-mission-gel-za-ciscenje-i-osvjezavanje-wc-skoljke-baza-i-punjenje-36-ml\/","title":{"rendered":"DUCK Fresh Discs Mint Mission, gel za \u010di\u0161\u0107enje i osvje\u017eavanje wc \u0161koljke, baza i punjenje, 36\u00a0ml"},"content":{"rendered":"<p>Duck\u00ae Fresh Discs &#8211; Virtual Violet, gel za \u010di\u0161\u0107enje i osvje\u017eavanje WC \u0161koljke pru\u017ea prakti\u010dno i u\u010dinkovito rje\u0161enje za \u010disto\u0107u i svje\u017einu va\u0161e kupaonice. S formulom koja osigurava do 7,5 tjedana svje\u017eine. Odi\u0161e osvje\u017eavaju\u0107im mirisom pru\u017eaju\u0107i dugotrajnu svje\u017einu i ugodan miris. Napravljen od 80% plastike prikupljene uz obalu, Duck\u00ae Fresh Discs poma\u017ee u o\u010duvanju okoli\u0161a dok brine o higijeni va\u0161eg doma. Kombinira dizajn i odr\u017eivost, \u010dine\u0107i ga savr\u0161enim izborom za svje\u017eu i \u010distu WC \u0161koljku svaki dan.<\/p>\n<p>Upute za upotrebu &#8211; Pobrinite se da jeWC \u0161koljka \u010dista.<br \/>\n1. Poravnajte izbo\u010dinu na punjenju (gumb) s rupama na aplikatoru. Umetnite tako da izbo\u010dina<br \/>\n(gumb) usko\u010di u prvu rupu. Skinite \u010dep i sa\u010duvajte ga.<br \/>\n2. Pozicionirajte proziran kraj aplikatora okomito na unutarnju stijenku WC \u0161koljke, blizu ruba,<br \/>\ngdje ga mlaz vode mo\u017ee aktivirati.<br \/>\n3. Pritisnite gumb prema stijenci WC \u0161koljke sve dok ne presko\u010di u sljede\u0107u rupu. Ne okre\u0107ite<br \/>\naplikator. Povucite aplikator natrag nakon \u0161to ste otisnuli disk na stijenku. Dobro za\u010depite<br \/>\nproizvod nakon uporabe. Pustite vodu kako bi se disk aktivirao.<\/p>\n","protected":false},"excerpt":{"rendered":"<p>Pru\u017ea prakti\u010dno i u\u010dinkovito rje\u0161enje za \u010disto\u0107u i svje\u017einu va\u0161e kupaonice<br \/>\nS formulom koja osigurava do 7,5 tjedana svje\u017eine<br \/>\nOdi\u0161e osvje\u017eavaju\u0107im mirisom pru\u017eaju\u0107i dugotrajnu svje\u017einu i ugodan miris<\/p>\n","protected":false},"featured_media":37265,"template":"","meta":{"_seopress_robots_primary_cat":"","_seopress_titles_title":"","_seopress_titles_desc":"","_seopress_robots_index":"","iawp_total_views":0},"product_brand":[410],"product_cat":[284,238],"product_tag":[],"class_list":{"0":"post-37264","1":"product","2":"type-product","3":"status-publish","4":"has-post-thumbnail","6":"product_brand-duck","7":"product_cat-sredstva-za-ciscenje-238","8":"product_cat-sve-za-dom","10":"first","11":"instock","12":"shipping-taxable","13":"purchasable","14":"product-type-simple"},"_links":{"self":[{"href":"https:\/\/singuli.wpress.me\/index.php\/wp-json\/wp\/v2\/product\/37264","targetHints":{"allow":["GET"]}}],"collection":[{"href":"https:\/\/singuli.wpress.me\/index.php\/wp-json\/wp\/v2\/product"}],"about":[{"href":"https:\/\/singuli.wpress.me\/index.php\/wp-json\/wp\/v2\/types\/product"}],"version-history":[{"count":0,"href":"https:\/\/singuli.wpress.me\/index.php\/wp-json\/wp\/v2\/product\/37264\/revisions"}],"wp:featuredmedia":[{"embeddable":true,"href":"https:\/\/singuli.wpress.me\/index.php\/wp-json\/wp\/v2\/media\/37265"}],"wp:attachment":[{"href":"https:\/\/singuli.wpress.me\/index.php\/wp-json\/wp\/v2\/media?parent=37264"}],"wp:term":[{"taxonomy":"product_brand","embeddable":true,"href":"https:\/\/singuli.wpress.me\/index.php\/wp-json\/wp\/v2\/product_brand?post=37264"},{"taxonomy":"product_cat","embeddable":true,"href":"https:\/\/singuli.wpress.me\/index.php\/wp-json\/wp\/v2\/product_cat?post=37264"},{"taxonomy":"product_tag","embeddable":true,"href":"https:\/\/singuli.wpress.me\/index.php\/wp-json\/wp\/v2\/product_tag?post=37264"}],"curies":[{"name":"wp","href":"https:\/\/api.w.org\/{rel}","templated":true}]}}