{"id":37266,"date":"2026-04-18T18:04:27","date_gmt":"2026-04-18T18:04:27","guid":{"rendered":"https:\/\/singuli.wpress.me\/index.php\/proizvod\/ecover-classic-kapsule-za-strojno-pranje-posuda-25-pranja-0-5-kg\/"},"modified":"2026-04-20T12:33:20","modified_gmt":"2026-04-20T12:33:20","slug":"ecover-classic-kapsule-za-strojno-pranje-posuda-25-pranja-0-5-kg","status":"publish","type":"product","link":"https:\/\/singuli.wpress.me\/index.php\/proizvod\/ecover-classic-kapsule-za-strojno-pranje-posuda-25-pranja-0-5-kg\/","title":{"rendered":"ECOVER Classic, kapsule za strojno pranje posu\u0111a, 25 pranja, 0.5\u00a0kg"},"content":{"rendered":"<p>ECOVER\u00ae tablete za strojno pranje posu\u0111a Classic na\u0161 su saveznik u revoluciji za \u010disti svijet. <\/p>\n<p>Nakon strojnog pranja posu\u0111e \u0107e biti izvanredno \u010disto \u0161to \u0107e omogu\u0107iti osloba\u0111aju\u0107a snaga biorazgradivih sastojaka na biljnoj bazi. <\/p>\n<p>Proizvod je pogodan za vegane. <\/p>\n<p>ECOVER\u00ae tablete za strojno pranje posu\u0111a classic nisu testirane na \u017eivotinjama. <\/p>\n<p>Vanjsko pakiranje napravljeno je od 100 % recikliranog kartona. <\/p>\n","protected":false},"excerpt":{"rendered":"<p>Sna\u017eni biorazgradivi sastojci na biljnoj bazi<br \/>\nIzvanredno \u010disto posu\u0111e<br \/>\nPogodno za vegane<\/p>\n","protected":false},"featured_media":37267,"template":"","meta":{"_seopress_robots_primary_cat":"","_seopress_titles_title":"","_seopress_titles_desc":"","_seopress_robots_index":"","iawp_total_views":0},"product_brand":[790],"product_cat":[314,238],"product_tag":[],"class_list":{"0":"post-37266","1":"product","2":"type-product","3":"status-publish","4":"has-post-thumbnail","6":"product_brand-ecover","7":"product_cat-pranje-posuda-238","8":"product_cat-sve-za-dom","10":"first","11":"instock","12":"shipping-taxable","13":"purchasable","14":"product-type-simple"},"_links":{"self":[{"href":"https:\/\/singuli.wpress.me\/index.php\/wp-json\/wp\/v2\/product\/37266","targetHints":{"allow":["GET"]}}],"collection":[{"href":"https:\/\/singuli.wpress.me\/index.php\/wp-json\/wp\/v2\/product"}],"about":[{"href":"https:\/\/singuli.wpress.me\/index.php\/wp-json\/wp\/v2\/types\/product"}],"version-history":[{"count":0,"href":"https:\/\/singuli.wpress.me\/index.php\/wp-json\/wp\/v2\/product\/37266\/revisions"}],"wp:featuredmedia":[{"embeddable":true,"href":"https:\/\/singuli.wpress.me\/index.php\/wp-json\/wp\/v2\/media\/37267"}],"wp:attachment":[{"href":"https:\/\/singuli.wpress.me\/index.php\/wp-json\/wp\/v2\/media?parent=37266"}],"wp:term":[{"taxonomy":"product_brand","embeddable":true,"href":"https:\/\/singuli.wpress.me\/index.php\/wp-json\/wp\/v2\/product_brand?post=37266"},{"taxonomy":"product_cat","embeddable":true,"href":"https:\/\/singuli.wpress.me\/index.php\/wp-json\/wp\/v2\/product_cat?post=37266"},{"taxonomy":"product_tag","embeddable":true,"href":"https:\/\/singuli.wpress.me\/index.php\/wp-json\/wp\/v2\/product_tag?post=37266"}],"curies":[{"name":"wp","href":"https:\/\/api.w.org\/{rel}","templated":true}]}}