{"id":37272,"date":"2026-04-18T18:04:29","date_gmt":"2026-04-18T18:04:29","guid":{"rendered":"https:\/\/singuli.wpress.me\/index.php\/proizvod\/duck-fresh-discs-hibiscus-osvjezivac-za-wc-skoljku-baza-i-punjenje-36-ml\/"},"modified":"2026-04-20T12:33:20","modified_gmt":"2026-04-20T12:33:20","slug":"duck-fresh-discs-hibiscus-osvjezivac-za-wc-skoljku-baza-i-punjenje-36-ml","status":"publish","type":"product","link":"https:\/\/singuli.wpress.me\/index.php\/proizvod\/duck-fresh-discs-hibiscus-osvjezivac-za-wc-skoljku-baza-i-punjenje-36-ml\/","title":{"rendered":"DUCK Fresh Discs Hibiscus, osvje\u017eiva\u010d za wc \u0161koljku, baza i punjenje, 36\u00a0ml"},"content":{"rendered":"<table border=\"0\" cellpadding=\"0\" cellspacing=\"0\" width=\"336\" style=\"border-collapse: collapse;width: 252pt\">\n<tbody>\n<tr style=\"height: 144pt\">\n<td height=\"192\" class=\"xl66\" width=\"336\" style=\"height: 144pt;width: 252pt\">Duck Fresh Discs &#8211; Hibiscus Hyperspace, gel za \u010di\u0161\u0107enje i osvje\u017eavanje WC \u0161koljke, unosi egzoti\u010dnu cvjetnu svje\u017einu hibiskusa u va\u0161u kupaonicu \u2013 bez kontakta s WC \u0161koljkom. Svaki disk stvara za\u0161titni sloj koji poma\u017ee u sprje\u010davanju kamenca, neutralizira neugodne mirise i odr\u017eava \u0161koljku \u010distom. Duplo pakiranje sadr\u017ei 12 diskova za dugotrajan u\u010dinak. Nakon potro\u0161nje jednostavno nanesite novi disk. Ambala\u017ea je izra\u0111ena od 60% plastike prikupljene uz obalu, \u010dime doprinosite o\u010duvanju okoli\u0161a.<\/td>\n<\/tr>\n<\/tbody>\n<\/table>\n","protected":false},"excerpt":{"rendered":"<p>Do 7.5 tjedana svje\u017eine<br \/>\nTropski miris manga<br \/>\n\u010cisti i osvje\u017eava WC \u0161koljku<\/p>\n","protected":false},"featured_media":37273,"template":"","meta":{"_seopress_robots_primary_cat":"","_seopress_titles_title":"","_seopress_titles_desc":"","_seopress_robots_index":"","iawp_total_views":0},"product_brand":[410],"product_cat":[284,238],"product_tag":[],"class_list":{"0":"post-37272","1":"product","2":"type-product","3":"status-publish","4":"has-post-thumbnail","6":"product_brand-duck","7":"product_cat-sredstva-za-ciscenje-238","8":"product_cat-sve-za-dom","10":"first","11":"instock","12":"shipping-taxable","13":"purchasable","14":"product-type-simple"},"_links":{"self":[{"href":"https:\/\/singuli.wpress.me\/index.php\/wp-json\/wp\/v2\/product\/37272","targetHints":{"allow":["GET"]}}],"collection":[{"href":"https:\/\/singuli.wpress.me\/index.php\/wp-json\/wp\/v2\/product"}],"about":[{"href":"https:\/\/singuli.wpress.me\/index.php\/wp-json\/wp\/v2\/types\/product"}],"version-history":[{"count":0,"href":"https:\/\/singuli.wpress.me\/index.php\/wp-json\/wp\/v2\/product\/37272\/revisions"}],"wp:featuredmedia":[{"embeddable":true,"href":"https:\/\/singuli.wpress.me\/index.php\/wp-json\/wp\/v2\/media\/37273"}],"wp:attachment":[{"href":"https:\/\/singuli.wpress.me\/index.php\/wp-json\/wp\/v2\/media?parent=37272"}],"wp:term":[{"taxonomy":"product_brand","embeddable":true,"href":"https:\/\/singuli.wpress.me\/index.php\/wp-json\/wp\/v2\/product_brand?post=37272"},{"taxonomy":"product_cat","embeddable":true,"href":"https:\/\/singuli.wpress.me\/index.php\/wp-json\/wp\/v2\/product_cat?post=37272"},{"taxonomy":"product_tag","embeddable":true,"href":"https:\/\/singuli.wpress.me\/index.php\/wp-json\/wp\/v2\/product_tag?post=37272"}],"curies":[{"name":"wp","href":"https:\/\/api.w.org\/{rel}","templated":true}]}}