{"id":37280,"date":"2026-04-18T18:04:30","date_gmt":"2026-04-18T18:04:30","guid":{"rendered":"https:\/\/singuli.wpress.me\/index.php\/proizvod\/omala-s4-gxv-plus-150-ulje-za-zupcanicke-prijenosnike-industrijske-reduktore-20-l\/"},"modified":"2026-04-20T12:33:20","modified_gmt":"2026-04-20T12:33:20","slug":"omala-s4-gxv-plus-150-ulje-za-zupcanicke-prijenosnike-industrijske-reduktore-20-l","status":"publish","type":"product","link":"https:\/\/singuli.wpress.me\/index.php\/proizvod\/omala-s4-gxv-plus-150-ulje-za-zupcanicke-prijenosnike-industrijske-reduktore-20-l\/","title":{"rendered":"OMALA S4 GXV PLUS 150, ulje za zup\u010dani\u010dke prijenosnike-industrijske reduktore, 20\u00a0l"},"content":{"rendered":"<p>Shell Omala S4 GXV 150 Plus je napredno potpuno sinteti\u010dko industrijsko ulje za zup\u010danike, odobreno od strane SEW-a i Flendera, koje pru\u017ea izvanredne performanse podmazivanja u zahtjevnim radnim uvjetima, uklju\u010duju\u0107i smanjeno trenje, pobolj\u0161anu energetsku u\u010dinkovitost, dug vijek trajanja, visoku otpornost na mikropitting radi optimalne za\u0161tite zup\u010danika te izvrsnu kompatibilnost s brtvama u ekstremnim dinami\u010dkim uvjetima.<br \/>\nNamijenjeno je podmazivanju industrijskih prijenosnika i zup\u010danika koji rade u te\u0161kim i zahtjevnim uvjetima rada, uz potrebu za dugim intervalima izmjene i visokom za\u0161titom od tro\u0161enja<\/p>\n","protected":false},"excerpt":{"rendered":"<p>Sinteti\u010dko ulje za te\u0161ko optere\u0107ene industrijske zup\u010dani\u010dke prijenose<br \/>\nOtpornost na mikropiting<br \/>\nKompatibilno s brtvama<\/p>\n","protected":false},"featured_media":37281,"template":"","meta":{"_seopress_robots_primary_cat":"","_seopress_titles_title":"","_seopress_titles_desc":"","_seopress_robots_index":"","iawp_total_views":0},"product_brand":[431],"product_cat":[243,272],"product_tag":[],"class_list":{"0":"post-37280","1":"product","2":"type-product","3":"status-publish","4":"has-post-thumbnail","6":"product_brand-omala","7":"product_cat-automobili-i-motori","8":"product_cat-motorna-ulja-243","10":"first","11":"instock","12":"shipping-taxable","13":"purchasable","14":"product-type-simple"},"_links":{"self":[{"href":"https:\/\/singuli.wpress.me\/index.php\/wp-json\/wp\/v2\/product\/37280","targetHints":{"allow":["GET"]}}],"collection":[{"href":"https:\/\/singuli.wpress.me\/index.php\/wp-json\/wp\/v2\/product"}],"about":[{"href":"https:\/\/singuli.wpress.me\/index.php\/wp-json\/wp\/v2\/types\/product"}],"version-history":[{"count":0,"href":"https:\/\/singuli.wpress.me\/index.php\/wp-json\/wp\/v2\/product\/37280\/revisions"}],"wp:featuredmedia":[{"embeddable":true,"href":"https:\/\/singuli.wpress.me\/index.php\/wp-json\/wp\/v2\/media\/37281"}],"wp:attachment":[{"href":"https:\/\/singuli.wpress.me\/index.php\/wp-json\/wp\/v2\/media?parent=37280"}],"wp:term":[{"taxonomy":"product_brand","embeddable":true,"href":"https:\/\/singuli.wpress.me\/index.php\/wp-json\/wp\/v2\/product_brand?post=37280"},{"taxonomy":"product_cat","embeddable":true,"href":"https:\/\/singuli.wpress.me\/index.php\/wp-json\/wp\/v2\/product_cat?post=37280"},{"taxonomy":"product_tag","embeddable":true,"href":"https:\/\/singuli.wpress.me\/index.php\/wp-json\/wp\/v2\/product_tag?post=37280"}],"curies":[{"name":"wp","href":"https:\/\/api.w.org\/{rel}","templated":true}]}}