{"id":37282,"date":"2026-04-18T18:04:30","date_gmt":"2026-04-18T18:04:30","guid":{"rendered":"https:\/\/singuli.wpress.me\/index.php\/proizvod\/helix-ultra-prof-av-l-0w20-motorno-ulje-za-osobna-vozila-55-l\/"},"modified":"2026-04-20T12:33:20","modified_gmt":"2026-04-20T12:33:20","slug":"helix-ultra-prof-av-l-0w20-motorno-ulje-za-osobna-vozila-55-l","status":"publish","type":"product","link":"https:\/\/singuli.wpress.me\/index.php\/proizvod\/helix-ultra-prof-av-l-0w20-motorno-ulje-za-osobna-vozila-55-l\/","title":{"rendered":"HELIX ULTRA PROF AV-L 0W20, motorno ulje za osobna vozila, 55\u00a0l"},"content":{"rendered":"<p><strong>Potpuno sinteti\u010dko motorno ulje<\/strong> vrhunskih performansi, specijalno razvijeno kako bi zadovoljilo najstro\u017ee zahtjeve modernih proizvo\u0111a\u010da motora. Ova napredna formulacija prilago\u0111ena je motorima nove generacije koji zahtijevaju maksimalnu u\u010dinkovitost i za\u0161titu.<\/p>\n<p>Ulje je prvenstveno namijenjeno <strong>benzinskim i dizelskim motorima<\/strong> visokih performansi, s posebnim naglaskom na vozila <strong>Audi i VW<\/strong> grupacije. Klju\u010dna prednost ovog ulja je uskla\u0111enost s najvi\u0161im <strong>VW 508.00\/509.00<\/strong> standardima, \u0161to osigurava optimalan rad motora i smanjenu potro\u0161nju goriva.<\/p>\n<p><strong>Tehni\u010dke specifikacije:<\/strong><\/p>\n<ul>\n<li>ACEA C5<\/li>\n<li>API SN<\/li>\n<li>VW Standard 508.00\/509.00<\/li>\n<li>Porsche C20<\/li>\n<\/ul>\n","protected":false},"excerpt":{"rendered":"<p>Specijalno formulirano za motore visokih performansi, pru\u017eaju\u0107i maksimalnu za\u0161titu od habanja \u010dak i u najte\u017eim uvjetima vo\u017enje<br \/>\nZadovoljava najnovije VW 508.00\/509.00 standarde, \u0161to ga \u010dini idealnim izborom za najmodernije motore ove grupacije<br \/>\nZahvaljuju\u0107i ACEA C5 certifikatu, ulje pridonosi smanjenju trenja i manjoj potro\u0161nji goriva uz ni\u017eu emisiju CO2<\/p>\n","protected":false},"featured_media":37283,"template":"","meta":{"_seopress_robots_primary_cat":"","_seopress_titles_title":"","_seopress_titles_desc":"","_seopress_robots_index":"","iawp_total_views":0},"product_brand":[398],"product_cat":[243,272],"product_tag":[],"class_list":{"0":"post-37282","1":"product","2":"type-product","3":"status-publish","4":"has-post-thumbnail","6":"product_brand-helix","7":"product_cat-automobili-i-motori","8":"product_cat-motorna-ulja-243","10":"first","11":"instock","12":"shipping-taxable","13":"purchasable","14":"product-type-simple"},"_links":{"self":[{"href":"https:\/\/singuli.wpress.me\/index.php\/wp-json\/wp\/v2\/product\/37282","targetHints":{"allow":["GET"]}}],"collection":[{"href":"https:\/\/singuli.wpress.me\/index.php\/wp-json\/wp\/v2\/product"}],"about":[{"href":"https:\/\/singuli.wpress.me\/index.php\/wp-json\/wp\/v2\/types\/product"}],"version-history":[{"count":0,"href":"https:\/\/singuli.wpress.me\/index.php\/wp-json\/wp\/v2\/product\/37282\/revisions"}],"wp:featuredmedia":[{"embeddable":true,"href":"https:\/\/singuli.wpress.me\/index.php\/wp-json\/wp\/v2\/media\/37283"}],"wp:attachment":[{"href":"https:\/\/singuli.wpress.me\/index.php\/wp-json\/wp\/v2\/media?parent=37282"}],"wp:term":[{"taxonomy":"product_brand","embeddable":true,"href":"https:\/\/singuli.wpress.me\/index.php\/wp-json\/wp\/v2\/product_brand?post=37282"},{"taxonomy":"product_cat","embeddable":true,"href":"https:\/\/singuli.wpress.me\/index.php\/wp-json\/wp\/v2\/product_cat?post=37282"},{"taxonomy":"product_tag","embeddable":true,"href":"https:\/\/singuli.wpress.me\/index.php\/wp-json\/wp\/v2\/product_tag?post=37282"}],"curies":[{"name":"wp","href":"https:\/\/api.w.org\/{rel}","templated":true}]}}