{"id":37285,"date":"2026-04-18T18:04:31","date_gmt":"2026-04-18T18:04:31","guid":{"rendered":"https:\/\/singuli.wpress.me\/index.php\/proizvod\/omala-s4-gxv-plus-220-ulje-za-zupcanicke-prijenosnike-industrijske-reduktore-20-l\/"},"modified":"2026-04-20T12:33:20","modified_gmt":"2026-04-20T12:33:20","slug":"omala-s4-gxv-plus-220-ulje-za-zupcanicke-prijenosnike-industrijske-reduktore-20-l","status":"publish","type":"product","link":"https:\/\/singuli.wpress.me\/index.php\/proizvod\/omala-s4-gxv-plus-220-ulje-za-zupcanicke-prijenosnike-industrijske-reduktore-20-l\/","title":{"rendered":"OMALA S4 GXV PLUS 220, ulje za zup\u010dani\u010dke prijenosnike-industrijske reduktore, 20\u00a0l"},"content":{"rendered":"<p>Shell Omala S4 GXV 220 je napredno sinteti\u010dko ulje za te\u0161ko optere\u0107ene industrijske zup\u010dani\u010dke prijenose (reduktore), odobreno od strane Flendera, koje osigurava izvanredne performanse podmazivanja i pri najte\u017eim radnim uvjetima, uz za\u0161titu od visokih tarnih optere\u0107enja, produljeni vijek trajanja, visoku otpornost na mikropitting te izvrsnu kompatibilnost s brtvenim materijalima.<br \/>\nNamijenjeno je podmazivanju te\u0161ko optere\u0107enih industrijskih reduktora i zup\u010dani\u010dkih prijenosa u zahtjevnim uvjetima rada gdje je potrebna dodatna za\u0161tita i produ\u017eeni interval izmjene ulja.<\/p>\n","protected":false},"excerpt":{"rendered":"<p>Sinteti\u010dko ulje za te\u0161ko optere\u0107ene industrijske zup\u010dani\u010dke prijenose<br \/>\nOtpornost na mikropiting<br \/>\nKompatibilno s brtvama<\/p>\n","protected":false},"featured_media":37286,"template":"","meta":{"_seopress_robots_primary_cat":"","_seopress_titles_title":"","_seopress_titles_desc":"","_seopress_robots_index":"","iawp_total_views":0},"product_brand":[431],"product_cat":[243,272],"product_tag":[],"class_list":{"0":"post-37285","1":"product","2":"type-product","3":"status-publish","4":"has-post-thumbnail","6":"product_brand-omala","7":"product_cat-automobili-i-motori","8":"product_cat-motorna-ulja-243","10":"first","11":"instock","12":"shipping-taxable","13":"purchasable","14":"product-type-simple"},"_links":{"self":[{"href":"https:\/\/singuli.wpress.me\/index.php\/wp-json\/wp\/v2\/product\/37285","targetHints":{"allow":["GET"]}}],"collection":[{"href":"https:\/\/singuli.wpress.me\/index.php\/wp-json\/wp\/v2\/product"}],"about":[{"href":"https:\/\/singuli.wpress.me\/index.php\/wp-json\/wp\/v2\/types\/product"}],"version-history":[{"count":0,"href":"https:\/\/singuli.wpress.me\/index.php\/wp-json\/wp\/v2\/product\/37285\/revisions"}],"wp:featuredmedia":[{"embeddable":true,"href":"https:\/\/singuli.wpress.me\/index.php\/wp-json\/wp\/v2\/media\/37286"}],"wp:attachment":[{"href":"https:\/\/singuli.wpress.me\/index.php\/wp-json\/wp\/v2\/media?parent=37285"}],"wp:term":[{"taxonomy":"product_brand","embeddable":true,"href":"https:\/\/singuli.wpress.me\/index.php\/wp-json\/wp\/v2\/product_brand?post=37285"},{"taxonomy":"product_cat","embeddable":true,"href":"https:\/\/singuli.wpress.me\/index.php\/wp-json\/wp\/v2\/product_cat?post=37285"},{"taxonomy":"product_tag","embeddable":true,"href":"https:\/\/singuli.wpress.me\/index.php\/wp-json\/wp\/v2\/product_tag?post=37285"}],"curies":[{"name":"wp","href":"https:\/\/api.w.org\/{rel}","templated":true}]}}