{"id":37294,"date":"2026-04-18T18:04:32","date_gmt":"2026-04-18T18:04:32","guid":{"rendered":"https:\/\/singuli.wpress.me\/index.php\/proizvod\/pampers-premium-care-jumbo-pack-pelene-velicina-2-88-kom\/"},"modified":"2026-04-20T12:33:20","modified_gmt":"2026-04-20T12:33:20","slug":"pampers-premium-care-jumbo-pack-pelene-velicina-2-88-kom","status":"publish","type":"product","link":"https:\/\/singuli.wpress.me\/index.php\/proizvod\/pampers-premium-care-jumbo-pack-pelene-velicina-2-88-kom\/","title":{"rendered":"PAMPERS PREMIUM CARE JUMBO PACK, pelene, veli\u010dina 2, 88\u00a0kom"},"content":{"rendered":"<p><strong>Pampers Premium Care: Dvostruka Za\u0161tita za Osjetljivu Ko\u017eu Novoro\u0111en\u010dadi.<\/strong><\/p>\n<p>Tra\u017eite najbolju udobnost i za\u0161titu za iznimno nje\u017enu ko\u017eu va\u0161e bebe? Pelene <b>Pampers Premium Care<\/b> posebno su osmi\u0161ljene kako bi pru\u017eile Pampersovu najmek\u0161u i najbolju njeguju\u0107u za\u0161titu. <br \/>Ove su pelene <b>prvi izbor rodili\u0161ta u Hrvatskoj<\/b> i odobrile su ih bebe!<\/p>\n<p><strong>KLJU\u010cNE ZNA\u010cAJKE:<\/strong><\/p>\n<ul>\n<li>\n<p><strong>Ekskluzivni sloj Derma Comfort:<\/strong> Sadr\u017ei upijaju\u0107e pore koje <i>u trenu<\/i> odvla\u010de vla\u017enost i rijetku stolicu daleko od ko\u017ee, zadr\u017eavaju\u0107i ih unutar pelene. Ko\u017ea ostaje suha i za\u0161ti\u0107ena.<\/p>\n<\/li>\n<li>\n<p><strong>Stop &amp; Protect D\u017eep (veli\u010dine za novoro\u0111en\u010dad):<\/strong> Jedinstveni d\u017eep dizajniran za efikasno spre\u010davanje propu\u0161tanja rijetke stolice odostraga.<\/p>\n<\/li>\n<li>\n<p><strong>Prozra\u010dnost:<\/strong> Milijuni mikropora omogu\u0107uju neometan protok zraka unutar pelene kako bi ko\u017ea sa\u010duvala prirodnu suho\u0107u.<\/p>\n<\/li>\n<li>\n<p><strong>Izvrsno Prianjanje:<\/strong> Jastu\u010dasti i iznimno mekani materijali obavijaju bebu poput ugodnog obla\u010di\u0107a, osiguravaju\u0107i udobno prianjanje i do 12 sati za\u0161tite od propu\u0161tanja.<\/p>\n<\/li>\n<\/ul>\n<p><strong>SIGURNOST I ZA\u0160TITA:<\/strong><\/p>\n<p>Pampers Premium Care pelene su 100% sigurne za bebinu ko\u017eu: dermatolo\u0161ki su ispitane i odobrili su ih dermatolozi udru\u017eenja Skin Health Alliance. <b>Ne sadr\u017ee nijedan od 26 mirisnih sastojaka<\/b> koje je EU izdvojila kao potencijalne alergene, u skladu s Uredbom EU o kozmeti\u010dkim proizvodima.<\/p>\n","protected":false},"excerpt":{"rendered":"<p>Pampersova najbolja njega i za\u0161tita za osjetljivu ko\u017eu<br \/>\nEkskluzivni sloj Derma Comfort<\/ins> za trenutno upijanje vla\u017enosti<br \/>\n100% sigurne za ko\u017eu<\/p>\n","protected":false},"featured_media":37295,"template":"","meta":{"_seopress_robots_primary_cat":"","_seopress_titles_title":"","_seopress_titles_desc":"","_seopress_robots_index":"","iawp_total_views":0},"product_brand":[444],"product_cat":[211,310],"product_tag":[],"class_list":{"0":"post-37294","1":"product","2":"type-product","3":"status-publish","4":"has-post-thumbnail","6":"product_brand-pampers","7":"product_cat-njega-majke-i-djeteta","8":"product_cat-pelene-211","10":"first","11":"instock","12":"shipping-taxable","13":"purchasable","14":"product-type-simple"},"_links":{"self":[{"href":"https:\/\/singuli.wpress.me\/index.php\/wp-json\/wp\/v2\/product\/37294","targetHints":{"allow":["GET"]}}],"collection":[{"href":"https:\/\/singuli.wpress.me\/index.php\/wp-json\/wp\/v2\/product"}],"about":[{"href":"https:\/\/singuli.wpress.me\/index.php\/wp-json\/wp\/v2\/types\/product"}],"version-history":[{"count":0,"href":"https:\/\/singuli.wpress.me\/index.php\/wp-json\/wp\/v2\/product\/37294\/revisions"}],"wp:featuredmedia":[{"embeddable":true,"href":"https:\/\/singuli.wpress.me\/index.php\/wp-json\/wp\/v2\/media\/37295"}],"wp:attachment":[{"href":"https:\/\/singuli.wpress.me\/index.php\/wp-json\/wp\/v2\/media?parent=37294"}],"wp:term":[{"taxonomy":"product_brand","embeddable":true,"href":"https:\/\/singuli.wpress.me\/index.php\/wp-json\/wp\/v2\/product_brand?post=37294"},{"taxonomy":"product_cat","embeddable":true,"href":"https:\/\/singuli.wpress.me\/index.php\/wp-json\/wp\/v2\/product_cat?post=37294"},{"taxonomy":"product_tag","embeddable":true,"href":"https:\/\/singuli.wpress.me\/index.php\/wp-json\/wp\/v2\/product_tag?post=37294"}],"curies":[{"name":"wp","href":"https:\/\/api.w.org\/{rel}","templated":true}]}}