{"id":37321,"date":"2026-04-18T18:04:37","date_gmt":"2026-04-18T18:04:37","guid":{"rendered":"https:\/\/singuli.wpress.me\/index.php\/proizvod\/medex-gelee-royale-500-mg-kapsule-30-kom\/"},"modified":"2026-04-21T00:26:51","modified_gmt":"2026-04-21T00:26:51","slug":"medex-gelee-royale-500-mg-kapsule-30-kom","status":"publish","type":"product","link":"https:\/\/singuli.wpress.me\/index.php\/proizvod\/medex-gelee-royale-500-mg-kapsule-30-kom\/","title":{"rendered":"MEDEX Gelee Royale 500 mg, kapsule, 30\u00a0kom"},"content":{"rendered":"<p>Mati\u010dna mlije\u010d, najdragocjeniji je p\u010delinji dar i idealan je svakodnevni dodatak prehrani za suvremenog \u010dovjeka. Ove kapsule sadr\u017ee liofiliziranu (dehidriranu) mati\u010dnu mlije\u010d koja zadr\u017eava sve svoje prirodne aktivne tvari u visokoj koncentraciji.<\/p>\n<p>Posebnost Medexove mati\u010dne mlije\u010di je standardizirani sadr\u017eaj 10 HDA (10-hidroksi-2-decenska kiselina). Rije\u010d je o jedinstvenoj nezasi\u0107enoj masnoj kiselini koja se ne mo\u017ee na\u0107i nigdje drugdje u prirodi, a slu\u017ei kao klju\u010dno mjerilo kvalitete i autenti\u010dnosti proizvoda.<\/p>\n<p>Za koga su kapsule namijenjene? Preporu\u010dujemo ih odraslim osobama s aktivnim stilom \u017eivota, onima koji su izlo\u017eeni poja\u010danim fizi\u010dkim aktivnostima, svakodnevnim naporima ili jednostavno \u017eele obogatiti svoju prehranu prirodnim p\u010delinjim eliksirom.<\/p>\n<p>Prirodan sastav: Bez konzervansa, bojila, umjetnih aroma i zasla\u0111iva\u010da.<\/p>\n<p>Prakti\u010dna primjena: Jedna kapsula dnevno osigurava potrebnu podr\u0161ku organizmu.<\/p>\n<p>Prikladno za vegetarijance: Biljni sastojci i \u017eelatinska kapsula primjereni su vegetarijanskoj prehrani.<\/p>\n","protected":false},"excerpt":{"rendered":"<p>Sadr\u017ei 500 mg mati\u010dne mlije\u010di u jednoj kapsuli<br \/>\nZajam\u010den i ujedna\u010den udio klju\u010dne kiseline 10 HDA u svakoj seriji<br \/>\nPotpuno bez umjetnih dodataka, aroma i konzervansa<\/p>\n","protected":false},"featured_media":37322,"template":"","meta":{"_seopress_robots_primary_cat":"","_seopress_titles_title":"","_seopress_titles_desc":"","_seopress_robots_index":"","iawp_total_views":0},"product_brand":[415],"product_cat":[211,289],"product_tag":[],"class_list":{"0":"post-37321","1":"product","2":"type-product","3":"status-publish","4":"has-post-thumbnail","6":"product_brand-medex","7":"product_cat-njega-majke-i-djeteta","8":"product_cat-trudnoca-i-vitamini-211","10":"first","11":"instock","12":"shipping-taxable","13":"purchasable","14":"product-type-simple"},"_links":{"self":[{"href":"https:\/\/singuli.wpress.me\/index.php\/wp-json\/wp\/v2\/product\/37321","targetHints":{"allow":["GET"]}}],"collection":[{"href":"https:\/\/singuli.wpress.me\/index.php\/wp-json\/wp\/v2\/product"}],"about":[{"href":"https:\/\/singuli.wpress.me\/index.php\/wp-json\/wp\/v2\/types\/product"}],"version-history":[{"count":0,"href":"https:\/\/singuli.wpress.me\/index.php\/wp-json\/wp\/v2\/product\/37321\/revisions"}],"wp:featuredmedia":[{"embeddable":true,"href":"https:\/\/singuli.wpress.me\/index.php\/wp-json\/wp\/v2\/media\/37322"}],"wp:attachment":[{"href":"https:\/\/singuli.wpress.me\/index.php\/wp-json\/wp\/v2\/media?parent=37321"}],"wp:term":[{"taxonomy":"product_brand","embeddable":true,"href":"https:\/\/singuli.wpress.me\/index.php\/wp-json\/wp\/v2\/product_brand?post=37321"},{"taxonomy":"product_cat","embeddable":true,"href":"https:\/\/singuli.wpress.me\/index.php\/wp-json\/wp\/v2\/product_cat?post=37321"},{"taxonomy":"product_tag","embeddable":true,"href":"https:\/\/singuli.wpress.me\/index.php\/wp-json\/wp\/v2\/product_tag?post=37321"}],"curies":[{"name":"wp","href":"https:\/\/api.w.org\/{rel}","templated":true}]}}