{"id":37328,"date":"2026-04-18T18:04:38","date_gmt":"2026-04-18T18:04:38","guid":{"rendered":"https:\/\/singuli.wpress.me\/index.php\/proizvod\/lindor-praline-bijela-cokolada-i-jagoda-200-g-2\/"},"modified":"2026-04-21T00:26:51","modified_gmt":"2026-04-21T00:26:51","slug":"lindor-praline-bijela-cokolada-i-jagoda-200-g-2","status":"publish","type":"product","link":"https:\/\/singuli.wpress.me\/index.php\/proizvod\/lindor-praline-bijela-cokolada-i-jagoda-200-g-2\/","title":{"rendered":"LINDOR, praline, bijela \u010dokolada i jagoda, 200\u00a0g"},"content":{"rendered":"<p>Do\u017eivite u\u017eitak uz Lindt Lindor kuglice od bijele \u010dokolade s jagodama i kremom koje se glatko tope. Lindtovi majstori \u010dokolatijeri spajaju stru\u010dnost i najfinije sastojke kako bi stvorili savr\u0161eno okruglu ljusku od bijele \u010dokolade i jagoda s neodoljivim glatkim kremastim punjenjem koje se topi. Od 1845. godine, Lindt je posve\u0107en proizvodnji najfinijih \u010dokolada, a recepti koje stvaraju Lindtovi majstori \u010dokolatijeri vrhunske su kvalitete kako bi odu\u0161evili va\u0161a nepca. Lindor bijela \u010dokolada s jagodama i kremom idealan je poklon za svaku prigodu, od Valentinova i Dana majki do Uskrsa, ro\u0111endana, a savr\u0161en je i za trenutke osobnog u\u017eivanja.<\/p>\n<p>Bijela \u010dokolada sadr\u017ei: kakaovi dijelovi 30% min., suha tvar mlijeka 20% min<\/p>\n","protected":false},"excerpt":{"rendered":"<p>Najfiniji kakao<br \/>\nLindt kvaliteta najboljih sastojaka<br \/>\nPakiranje sadr\u017ei 15 kom<\/p>\n","protected":false},"featured_media":37329,"template":"","meta":{"_seopress_robots_primary_cat":"","_seopress_titles_title":"","_seopress_titles_desc":"","_seopress_robots_index":"","iawp_total_views":0},"product_brand":[756],"product_cat":[261,277],"product_tag":[],"class_list":{"0":"post-37328","1":"product","2":"type-product","3":"status-publish","4":"has-post-thumbnail","6":"product_brand-lindor","7":"product_cat-hrana-i-pice","8":"product_cat-slatkisi-i-grickalice-261","10":"first","11":"instock","12":"shipping-taxable","13":"purchasable","14":"product-type-simple"},"_links":{"self":[{"href":"https:\/\/singuli.wpress.me\/index.php\/wp-json\/wp\/v2\/product\/37328","targetHints":{"allow":["GET"]}}],"collection":[{"href":"https:\/\/singuli.wpress.me\/index.php\/wp-json\/wp\/v2\/product"}],"about":[{"href":"https:\/\/singuli.wpress.me\/index.php\/wp-json\/wp\/v2\/types\/product"}],"version-history":[{"count":0,"href":"https:\/\/singuli.wpress.me\/index.php\/wp-json\/wp\/v2\/product\/37328\/revisions"}],"wp:featuredmedia":[{"embeddable":true,"href":"https:\/\/singuli.wpress.me\/index.php\/wp-json\/wp\/v2\/media\/37329"}],"wp:attachment":[{"href":"https:\/\/singuli.wpress.me\/index.php\/wp-json\/wp\/v2\/media?parent=37328"}],"wp:term":[{"taxonomy":"product_brand","embeddable":true,"href":"https:\/\/singuli.wpress.me\/index.php\/wp-json\/wp\/v2\/product_brand?post=37328"},{"taxonomy":"product_cat","embeddable":true,"href":"https:\/\/singuli.wpress.me\/index.php\/wp-json\/wp\/v2\/product_cat?post=37328"},{"taxonomy":"product_tag","embeddable":true,"href":"https:\/\/singuli.wpress.me\/index.php\/wp-json\/wp\/v2\/product_tag?post=37328"}],"curies":[{"name":"wp","href":"https:\/\/api.w.org\/{rel}","templated":true}]}}