{"id":37332,"date":"2026-04-18T18:04:38","date_gmt":"2026-04-18T18:04:38","guid":{"rendered":"https:\/\/singuli.wpress.me\/index.php\/proizvod\/lindor-praline-slana-karamela-200-g-2\/"},"modified":"2026-04-21T00:26:51","modified_gmt":"2026-04-21T00:26:51","slug":"lindor-praline-slana-karamela-200-g-2","status":"publish","type":"product","link":"https:\/\/singuli.wpress.me\/index.php\/proizvod\/lindor-praline-slana-karamela-200-g-2\/","title":{"rendered":"LINDOR, praline, slana karamela, 200\u00a0g"},"content":{"rendered":"<p>Praline od mlije\u010dne \u010dokolade s kristalima soli i kremastim punjenjem karamele (44%)<br \/>\nDo\u017eivite \u010distu u\u017eivanciju uz Lindt Lindor glatke topljive \u010dokoladne tartufe s karamelom i prstohvatom soli. Lindtovi majstori \u010dokolatijeri spajaju svoje umije\u0107e i najfinije sastojke kako bi stvorili savr\u0161eno okruglu mlije\u010dnu \u010dokoladnu ovojnicu s kristalima soli, ispunjenu neodoljivo glatkim topljivim karamel punjenjem. Od 1845. godine, Lindt je posve\u0107en izradi vrhunskih \u010dokolada, a recepti koje kreiraju na\u0161i majstori \u010dokolatijeri jam\u010de najvi\u0161u kvalitetu i vrhunski u\u017eitak za va\u0161e nepce. Kutija Lindor tartufa s karamelom i soli idealan je poklon za svaku priliku \u2013 od Dana o\u010deva do Uskrsa, ro\u0111endana i Bo\u017ei\u0107a \u2013 ili jednostavno za trenutke \u010distog u\u017eitka samo za vas.<\/p>\n<p>Mlije\u010dna \u010dokolada sadr\u017ei: kakaovi dijelovi 32% min, suha tvar mlijeka 21% min.<\/p>\n","protected":false},"excerpt":{"rendered":"<p>Najfiniji kakao<br \/>\nLindt kvaliteta najboljih sastojaka<br \/>\nPakiranje sadr\u017ei 15kom<\/p>\n","protected":false},"featured_media":37333,"template":"","meta":{"_seopress_robots_primary_cat":"","_seopress_titles_title":"","_seopress_titles_desc":"","_seopress_robots_index":"","iawp_total_views":0},"product_brand":[756],"product_cat":[261,277],"product_tag":[],"class_list":{"0":"post-37332","1":"product","2":"type-product","3":"status-publish","4":"has-post-thumbnail","6":"product_brand-lindor","7":"product_cat-hrana-i-pice","8":"product_cat-slatkisi-i-grickalice-261","10":"first","11":"instock","12":"shipping-taxable","13":"purchasable","14":"product-type-simple"},"_links":{"self":[{"href":"https:\/\/singuli.wpress.me\/index.php\/wp-json\/wp\/v2\/product\/37332","targetHints":{"allow":["GET"]}}],"collection":[{"href":"https:\/\/singuli.wpress.me\/index.php\/wp-json\/wp\/v2\/product"}],"about":[{"href":"https:\/\/singuli.wpress.me\/index.php\/wp-json\/wp\/v2\/types\/product"}],"version-history":[{"count":0,"href":"https:\/\/singuli.wpress.me\/index.php\/wp-json\/wp\/v2\/product\/37332\/revisions"}],"wp:featuredmedia":[{"embeddable":true,"href":"https:\/\/singuli.wpress.me\/index.php\/wp-json\/wp\/v2\/media\/37333"}],"wp:attachment":[{"href":"https:\/\/singuli.wpress.me\/index.php\/wp-json\/wp\/v2\/media?parent=37332"}],"wp:term":[{"taxonomy":"product_brand","embeddable":true,"href":"https:\/\/singuli.wpress.me\/index.php\/wp-json\/wp\/v2\/product_brand?post=37332"},{"taxonomy":"product_cat","embeddable":true,"href":"https:\/\/singuli.wpress.me\/index.php\/wp-json\/wp\/v2\/product_cat?post=37332"},{"taxonomy":"product_tag","embeddable":true,"href":"https:\/\/singuli.wpress.me\/index.php\/wp-json\/wp\/v2\/product_tag?post=37332"}],"curies":[{"name":"wp","href":"https:\/\/api.w.org\/{rel}","templated":true}]}}