{"id":37334,"date":"2026-04-18T18:04:39","date_gmt":"2026-04-18T18:04:39","guid":{"rendered":"https:\/\/singuli.wpress.me\/index.php\/proizvod\/red-bull-spring-edition-energetski-napitak-24x0-25-l\/"},"modified":"2026-04-20T12:33:20","modified_gmt":"2026-04-20T12:33:20","slug":"red-bull-spring-edition-energetski-napitak-24x0-25-l","status":"publish","type":"product","link":"https:\/\/singuli.wpress.me\/index.php\/proizvod\/red-bull-spring-edition-energetski-napitak-24x0-25-l\/","title":{"rendered":"RED BULL Spring Edition, energetski napitak, 24&#215;0.25 l"},"content":{"rendered":"<p>Osvje\u017eite se uz <b>Red Bull The Spring Edition<\/b>, jedinstvenu kombinaciju klasi\u010dne energije i nje\u017enog, cvjetnog okusa <b>tre\u0161nje i sakure<\/b>. Red Bull Energy Drink cijenjen je diljem svijeta me\u0111u vrhunskim sporta\u0161ima, studentima te profesionalcima koji obavljaju zahtjevne poslove, a nezaobilazan je suputnik i tijekom dugih vo\u017enji.<\/p>\n<p>Ovo funkcionalno pi\u0107e sadr\u017ei visokokvalitetne sastojke poput <b>kofeina, taurina i vitamina B-skupine<\/b> koji vam poma\u017eu da ostanete fokusirani i puni energije kada vam je to najpotrebnije. Spring Edition donosi svje\u017einu prolje\u0107a u svakom gutljaju, pru\u017eaju\u0107i vam krila uz specifi\u010dan i atraktivan okus koji \u0107e odu\u0161eviti va\u0161e nepce.<\/p>\n","protected":false},"excerpt":{"rendered":"<p>Posebno proljetno izdanje s profinjenim notama tre\u0161nje i japanske sakure<br \/>\nSadr\u017ei kofein (0,03%), taurin (0,4%) i vitamine B6 te B12 za smanjenje umora.<br \/>\nOboga\u0107en niacinom i pantotenskom kiselinom koji doprinose normalnom metabolizmu stvaranja energije.<\/p>\n","protected":false},"featured_media":37335,"template":"","meta":{"_seopress_robots_primary_cat":"","_seopress_titles_title":"","_seopress_titles_desc":"","_seopress_robots_index":"","iawp_total_views":0},"product_brand":[472],"product_cat":[261,262],"product_tag":[],"class_list":{"0":"post-37334","1":"product","2":"type-product","3":"status-publish","4":"has-post-thumbnail","6":"product_brand-red-bull","7":"product_cat-hrana-i-pice","8":"product_cat-sokovi-i-napitci-261","10":"first","11":"instock","12":"shipping-taxable","13":"purchasable","14":"product-type-simple"},"_links":{"self":[{"href":"https:\/\/singuli.wpress.me\/index.php\/wp-json\/wp\/v2\/product\/37334","targetHints":{"allow":["GET"]}}],"collection":[{"href":"https:\/\/singuli.wpress.me\/index.php\/wp-json\/wp\/v2\/product"}],"about":[{"href":"https:\/\/singuli.wpress.me\/index.php\/wp-json\/wp\/v2\/types\/product"}],"version-history":[{"count":0,"href":"https:\/\/singuli.wpress.me\/index.php\/wp-json\/wp\/v2\/product\/37334\/revisions"}],"wp:featuredmedia":[{"embeddable":true,"href":"https:\/\/singuli.wpress.me\/index.php\/wp-json\/wp\/v2\/media\/37335"}],"wp:attachment":[{"href":"https:\/\/singuli.wpress.me\/index.php\/wp-json\/wp\/v2\/media?parent=37334"}],"wp:term":[{"taxonomy":"product_brand","embeddable":true,"href":"https:\/\/singuli.wpress.me\/index.php\/wp-json\/wp\/v2\/product_brand?post=37334"},{"taxonomy":"product_cat","embeddable":true,"href":"https:\/\/singuli.wpress.me\/index.php\/wp-json\/wp\/v2\/product_cat?post=37334"},{"taxonomy":"product_tag","embeddable":true,"href":"https:\/\/singuli.wpress.me\/index.php\/wp-json\/wp\/v2\/product_tag?post=37334"}],"curies":[{"name":"wp","href":"https:\/\/api.w.org\/{rel}","templated":true}]}}