{"id":37343,"date":"2026-04-18T18:04:40","date_gmt":"2026-04-18T18:04:40","guid":{"rendered":"https:\/\/singuli.wpress.me\/index.php\/proizvod\/duck-fresh-boost-marine-wave-osvjezivac-za-wc-skoljku\/"},"modified":"2026-04-20T12:33:20","modified_gmt":"2026-04-20T12:33:20","slug":"duck-fresh-boost-marine-wave-osvjezivac-za-wc-skoljku","status":"publish","type":"product","link":"https:\/\/singuli.wpress.me\/index.php\/proizvod\/duck-fresh-boost-marine-wave-osvjezivac-za-wc-skoljku\/","title":{"rendered":"DUCK Fresh Boost &#8211; Marine Wave, osvje\u017eiva\u010d za wc \u0161koljku"},"content":{"rendered":"<p>\n  <strong>Duck Fresh Boost &#8211; Marine Wave<\/strong> osvje\u017eiva\u010d je za WC \u0161koljku koji osigurava<br \/>\n  <strong>konstantnu svje\u017einu<\/strong> i higijenu va\u0161eg doma. Zahvaljuju\u0107i posebnoj<br \/>\n  <em>formuli protiv kamenca<\/em> i kompaktnom dizajnu koji se diskretno uklapa u svaku kupaonicu,<br \/>\n  svako ispiranje donosi <strong>svje\u017e val morskog mirisa<\/strong>. Proizvod je iznimno dugotrajan,<br \/>\n  pru\u017ea do <strong>400 ispiranja<\/strong>, a zbog <em>smanjene koli\u010dine plastike<\/em> predstavlja<br \/>\n  odr\u017eiviji izbor za okoli\u0161.\n<\/p>\n<p>\n  <strong>Upute za uporabu:<\/strong> Za optimalne rezultate, odmotajte kukicu i pri\u010dvrstite<br \/>\n  ko\u0161aricu na rub WC \u0161koljke na mjesto gdje je <strong>mlaz vode najja\u010di<\/strong>. Kada se<br \/>\n  proizvod potpuno potro\u0161i, jednostavno ga uklonite i <strong>reciklirajte<\/strong>.<\/p>\n","protected":false},"excerpt":{"rendered":"<p>traje do 400 ispiranja (200 po ko\u0161arici)<br \/>\nKompaktan i diskretan dizajn<br \/>\nFormula protiv kamenca<\/p>\n","protected":false},"featured_media":37344,"template":"","meta":{"_seopress_robots_primary_cat":"","_seopress_titles_title":"","_seopress_titles_desc":"","_seopress_robots_index":"","iawp_total_views":0},"product_brand":[410],"product_cat":[284,238],"product_tag":[],"class_list":{"0":"post-37343","1":"product","2":"type-product","3":"status-publish","4":"has-post-thumbnail","6":"product_brand-duck","7":"product_cat-sredstva-za-ciscenje-238","8":"product_cat-sve-za-dom","10":"first","11":"instock","12":"shipping-taxable","13":"purchasable","14":"product-type-simple"},"_links":{"self":[{"href":"https:\/\/singuli.wpress.me\/index.php\/wp-json\/wp\/v2\/product\/37343","targetHints":{"allow":["GET"]}}],"collection":[{"href":"https:\/\/singuli.wpress.me\/index.php\/wp-json\/wp\/v2\/product"}],"about":[{"href":"https:\/\/singuli.wpress.me\/index.php\/wp-json\/wp\/v2\/types\/product"}],"version-history":[{"count":0,"href":"https:\/\/singuli.wpress.me\/index.php\/wp-json\/wp\/v2\/product\/37343\/revisions"}],"wp:featuredmedia":[{"embeddable":true,"href":"https:\/\/singuli.wpress.me\/index.php\/wp-json\/wp\/v2\/media\/37344"}],"wp:attachment":[{"href":"https:\/\/singuli.wpress.me\/index.php\/wp-json\/wp\/v2\/media?parent=37343"}],"wp:term":[{"taxonomy":"product_brand","embeddable":true,"href":"https:\/\/singuli.wpress.me\/index.php\/wp-json\/wp\/v2\/product_brand?post=37343"},{"taxonomy":"product_cat","embeddable":true,"href":"https:\/\/singuli.wpress.me\/index.php\/wp-json\/wp\/v2\/product_cat?post=37343"},{"taxonomy":"product_tag","embeddable":true,"href":"https:\/\/singuli.wpress.me\/index.php\/wp-json\/wp\/v2\/product_tag?post=37343"}],"curies":[{"name":"wp","href":"https:\/\/api.w.org\/{rel}","templated":true}]}}