{"id":37417,"date":"2026-04-18T18:04:50","date_gmt":"2026-04-18T18:04:50","guid":{"rendered":"https:\/\/singuli.wpress.me\/index.php\/proizvod\/ariel-oxi-power-effect-praskasti-deterdzent-1-925-kg-35-pranja\/"},"modified":"2026-04-20T12:33:20","modified_gmt":"2026-04-20T12:33:20","slug":"ariel-oxi-power-effect-praskasti-deterdzent-1-925-kg-35-pranja","status":"publish","type":"product","link":"https:\/\/singuli.wpress.me\/index.php\/proizvod\/ariel-oxi-power-effect-praskasti-deterdzent-1-925-kg-35-pranja\/","title":{"rendered":"ARIEL OXI Power Effect, pra\u0161kasti deterd\u017eent, 1.925 kg, 35\u00a0pranja"},"content":{"rendered":"<p>Ariel, marka koju preporu\u010duju Whirlpool, Electrolux, Candy i Beko, predstavlja Brzo Topivi pra\u0161kasti deterd\u017eent za rublje +Ultra Oxi Effect koji u\u010dinkovito uklanja sedmodnevne skorene mrlje i neugodne mirise. Zahvaljuju\u0107i jedinstvenoj tehnologiji brzo se otapa u dodiru s vodom, trenutno se aktivira i prodire duboko u vlakna, \u010dak i na niskim temperaturama pranja. Snizite temperaturu pranja na 30 \u00b0C i u\u0161tedite do 60% energije! (Potro\u0161nja energije perilice rublja, uz smanjenje temperature sa 60 \u00b0C na 30 \u00b0C, na normalnom programu pranja). Pranje na ni\u017eim temperaturama dulje \u0161titi tkanine u usporedbi s pranjem na vi\u0161im temperaturama.<\/p>\n","protected":false},"excerpt":{"rendered":"<p>ARIELOVO NAJSNA\u017dNIJE \u010cI\u0160\u0106ENJE: uklanja sedmodnevne skorene mrlje i neugodne mirise<br \/>\nARIEL PREPORU\u010cUJU Whirlpool, Electrolux, Candy i Beko<br \/>\nBRZO SE OTAPA \u010cAK I NA NI\u017dIM TEMPERATURAMA: pra\u0161kasti deterd\u017eent brzo se otapa \u010dak i na 30 \u00b0C<\/p>\n","protected":false},"featured_media":37418,"template":"","meta":{"_seopress_robots_primary_cat":"","_seopress_titles_title":"","_seopress_titles_desc":"","_seopress_robots_index":"","iawp_total_views":0},"product_brand":[427],"product_cat":[283,238],"product_tag":[],"class_list":{"0":"post-37417","1":"product","2":"type-product","3":"status-publish","4":"has-post-thumbnail","6":"product_brand-ariel","7":"product_cat-pranje-rublja-238","8":"product_cat-sve-za-dom","10":"first","11":"instock","12":"shipping-taxable","13":"purchasable","14":"product-type-simple"},"_links":{"self":[{"href":"https:\/\/singuli.wpress.me\/index.php\/wp-json\/wp\/v2\/product\/37417","targetHints":{"allow":["GET"]}}],"collection":[{"href":"https:\/\/singuli.wpress.me\/index.php\/wp-json\/wp\/v2\/product"}],"about":[{"href":"https:\/\/singuli.wpress.me\/index.php\/wp-json\/wp\/v2\/types\/product"}],"version-history":[{"count":0,"href":"https:\/\/singuli.wpress.me\/index.php\/wp-json\/wp\/v2\/product\/37417\/revisions"}],"wp:featuredmedia":[{"embeddable":true,"href":"https:\/\/singuli.wpress.me\/index.php\/wp-json\/wp\/v2\/media\/37418"}],"wp:attachment":[{"href":"https:\/\/singuli.wpress.me\/index.php\/wp-json\/wp\/v2\/media?parent=37417"}],"wp:term":[{"taxonomy":"product_brand","embeddable":true,"href":"https:\/\/singuli.wpress.me\/index.php\/wp-json\/wp\/v2\/product_brand?post=37417"},{"taxonomy":"product_cat","embeddable":true,"href":"https:\/\/singuli.wpress.me\/index.php\/wp-json\/wp\/v2\/product_cat?post=37417"},{"taxonomy":"product_tag","embeddable":true,"href":"https:\/\/singuli.wpress.me\/index.php\/wp-json\/wp\/v2\/product_tag?post=37417"}],"curies":[{"name":"wp","href":"https:\/\/api.w.org\/{rel}","templated":true}]}}