{"id":37432,"date":"2026-04-18T18:05:04","date_gmt":"2026-04-18T18:05:04","guid":{"rendered":"https:\/\/singuli.wpress.me\/index.php\/proizvod\/jar-miracle-platinum-plus-kapsule-za-strojno-pranje-posuda-74-kom\/"},"modified":"2026-04-20T12:33:20","modified_gmt":"2026-04-20T12:33:20","slug":"jar-miracle-platinum-plus-kapsule-za-strojno-pranje-posuda-74-kom","status":"publish","type":"product","link":"https:\/\/singuli.wpress.me\/index.php\/proizvod\/jar-miracle-platinum-plus-kapsule-za-strojno-pranje-posuda-74-kom\/","title":{"rendered":"JAR Miracle Platinum Plus, kapsule za strojno pranje posu\u0111a, 74, \u00a0kom"},"content":{"rendered":"<p>VA\u0160E SVE-U-JEDNOM \u010cUDOTVORNO RJE\u0160ENJE ZA BLISTAVO POSU\u0110E BEZ PUNO TRUDA. Otkrijte Jar Our 30 Minute Miracle Platinum Plus, na\u0161e Br. 1 rje\u0161enje za \u010di\u0161\u0107enje tvrdokornih ostataka hrane. Ove \u010dudotvorne sve-u-jednom kapsule za perilicu posu\u0111a s lako\u0107om posti\u017eu besprijekorne rezultate \u010dak i na najkra\u0107em programu te ostavljaju blag miris limuna. Imaju 5 odjeljaka s odvojenim gelovima za blistavo \u010disto posu\u0111e, izniman sjaj, brzo su\u0161enje, \u010di\u0161\u0107enje filtera od masno\u0107e i besprijekoran sjaj zahvaljuju\u0107i Tehnologiji Protiv Stvaranja Mutnog Sloja. S 3x vi\u0161e aktivnih sastojaka za uklanjanje masno\u0107e u odnosu na Jar Original All-in-One, uklanja tvrdokorne ostatke hrane za samo 30 minuta. Jar je djelotvoran na dugim i kratkim programima te \u010disti u 1. pranju bez potrebe za pretpranjem ili ponovnim pranjem. Ba\u0161 kao i teku\u0107i deterd\u017eent za pranje posu\u0111a Jar, ali u prakti\u010dnom obliku kapsule. Uz ove kapsule za perilicu posu\u0111a ne trebate dodavati sol za perilicu niti sredstvo za pomo\u0107 pri ispiranju. Savr\u0161en su izbor za ku\u0107anstva s puno obaveza jer pru\u017eaju brzo i besprijekorno \u010di\u0161\u0107enje s u\u010dinkom namakanja preko no\u0107i. Isprobajte kapsule 30 Minute Miracle i pozdravite blistave rezultate uz Jarovu peterostruku snagu \u010di\u0161\u0107enja.<\/p>\n","protected":false},"excerpt":{"rendered":"<p>Sna\u017ena formula s 3x vi\u0161e aktivnih sastojaka uklanja najtvrdokorniju masno\u0107u \u010dak i na najkra\u0107im programima pranja, bez potrebe za pretpranjem<br \/>\nInovativnih pet odjeljaka osigurava blistavu \u010disto\u0107u, visoki sjaj, brzo su\u0161enje, \u010di\u0161\u0107enje filtera perilice te za\u0161titu protiv zamagljivanja stakla<br \/>\nKapsule u potpunosti zamjenjuju potrebu za dodavanjem soli i sredstva za ispiranje, ostavljaju\u0107i posu\u0111e besprijekornim uz blag i svje\u017e miris limuna<\/p>\n","protected":false},"featured_media":37433,"template":"","meta":{"_seopress_robots_primary_cat":"","_seopress_titles_title":"","_seopress_titles_desc":"","_seopress_robots_index":"","iawp_total_views":0},"product_brand":[454],"product_cat":[314,238],"product_tag":[],"class_list":{"0":"post-37432","1":"product","2":"type-product","3":"status-publish","4":"has-post-thumbnail","6":"product_brand-jar","7":"product_cat-pranje-posuda-238","8":"product_cat-sve-za-dom","10":"first","11":"instock","12":"shipping-taxable","13":"purchasable","14":"product-type-simple"},"_links":{"self":[{"href":"https:\/\/singuli.wpress.me\/index.php\/wp-json\/wp\/v2\/product\/37432","targetHints":{"allow":["GET"]}}],"collection":[{"href":"https:\/\/singuli.wpress.me\/index.php\/wp-json\/wp\/v2\/product"}],"about":[{"href":"https:\/\/singuli.wpress.me\/index.php\/wp-json\/wp\/v2\/types\/product"}],"version-history":[{"count":0,"href":"https:\/\/singuli.wpress.me\/index.php\/wp-json\/wp\/v2\/product\/37432\/revisions"}],"wp:featuredmedia":[{"embeddable":true,"href":"https:\/\/singuli.wpress.me\/index.php\/wp-json\/wp\/v2\/media\/37433"}],"wp:attachment":[{"href":"https:\/\/singuli.wpress.me\/index.php\/wp-json\/wp\/v2\/media?parent=37432"}],"wp:term":[{"taxonomy":"product_brand","embeddable":true,"href":"https:\/\/singuli.wpress.me\/index.php\/wp-json\/wp\/v2\/product_brand?post=37432"},{"taxonomy":"product_cat","embeddable":true,"href":"https:\/\/singuli.wpress.me\/index.php\/wp-json\/wp\/v2\/product_cat?post=37432"},{"taxonomy":"product_tag","embeddable":true,"href":"https:\/\/singuli.wpress.me\/index.php\/wp-json\/wp\/v2\/product_tag?post=37432"}],"curies":[{"name":"wp","href":"https:\/\/api.w.org\/{rel}","templated":true}]}}