{"id":37434,"date":"2026-04-18T18:05:05","date_gmt":"2026-04-18T18:05:05","guid":{"rendered":"https:\/\/singuli.wpress.me\/index.php\/proizvod\/jar-platinum-kapsule-za-strojno-pranje-posuda-88-kom\/"},"modified":"2026-04-21T00:26:51","modified_gmt":"2026-04-21T00:26:51","slug":"jar-platinum-kapsule-za-strojno-pranje-posuda-88-kom","status":"publish","type":"product","link":"https:\/\/singuli.wpress.me\/index.php\/proizvod\/jar-platinum-kapsule-za-strojno-pranje-posuda-88-kom\/","title":{"rendered":"JAR Platinum+, kapsule za strojno pranje posu\u0111a, 88\u00a0kom"},"content":{"rendered":"<p>DOBIJTE VRHUNSKI \u010cISTO POSU\u0110E \u010cAK I NA KRATKIM PROGRAMIMA PRANJA. Otkrijte kapsule za perilicu posu\u0111a Jar Platinum Plus All in One \u2013 va\u0161e rje\u0161enje za besprijekorno \u010disto posu\u0111e, \u010dak i bez pretpranja. Osmi\u0161ljene su da uklanjaju zahtjevne tvrdokorne mrlje, ba\u0161 kao i teku\u0107i deterd\u017eent za pranje posu\u0111a Jar, ali u obliku prakti\u010dne kapsule. Zahvaljuju\u0107i tehnologiji protiv stvaranja mutnog sloja, Jar Platinum Plus uklanja mutne naslage i vra\u0107a originalan sjaj va\u0161em posu\u0111u. Omot kapsula Jar Platinum Plus iznimno se brzo otapa kako bi odmah po\u010dele djelovati i pru\u017eati sna\u017eno \u010di\u0161\u0107enje. Kapsule kombiniraju teku\u0107i i pra\u0161kasti deterd\u017eent, izvanredno \u010diste i prakti\u010dne su za upotrebu. Njihova snaga uklanja tvrdokornu masno\u0107u, \u010dak i na kratkim programima pranja (&lt; 55-minutni unaprijed programirani program pranja). Iskusite izvanredan sjaj, djelovanje protiv stvaranja mutnog sloja i \u010dist filter za svje\u017eu perilicu posu\u0111a. Upotreba ovih kapsula za perilicu posu\u0111a nevjerojatno je jednostavna jer sadr\u017ee sol i sredstvo za pomo\u0107 pri ispiranju perilice posu\u0111a. Rukujte kapsulama samo suhim rukama. Dobro zatvorite ambala\u017eu nakon svake upotrebe.<\/p>\n","protected":false},"excerpt":{"rendered":"<p>SNA\u017dNO \u010cI\u0160\u0106ENJE \u010cAK I NA KRATKIM PROGRAMIMA PRANJA: Ove sna\u017ene kapsule za perilicu posu\u0111a kombiniraju teku\u0107i i pra\u0161kasti deterd\u017eent te pru\u017eaju \u010di\u0161\u0107enje odmah u 1. pranju, \u010dak i na kratkim programima pranja (&lt; 55 min)<br \/>\nBESPRIJEKORNO \u010cI\u0160\u0106ENJE BEZ PRETPRANJA: Kapsule za perilicu posu\u0111a Jar Platinum Plus All in One va\u0161e su rje\u0161enje za besprijekorno \u010disto posu\u0111e, \u010dak i bez pretpranja<br \/>\nTEHNOLOGIJA PROTIV STVARANJA MUTNOG SLOJA: Uklanja mutne naslage koje se nakupljaju s vremenom i va\u0161em posu\u0111u vra\u0107a originalan sjaj<\/p>\n","protected":false},"featured_media":37435,"template":"","meta":{"_seopress_robots_primary_cat":"","_seopress_titles_title":"","_seopress_titles_desc":"","_seopress_robots_index":"","iawp_total_views":0},"product_brand":[454],"product_cat":[314,238],"product_tag":[],"class_list":{"0":"post-37434","1":"product","2":"type-product","3":"status-publish","4":"has-post-thumbnail","6":"product_brand-jar","7":"product_cat-pranje-posuda-238","8":"product_cat-sve-za-dom","10":"first","11":"instock","12":"shipping-taxable","13":"purchasable","14":"product-type-simple"},"_links":{"self":[{"href":"https:\/\/singuli.wpress.me\/index.php\/wp-json\/wp\/v2\/product\/37434","targetHints":{"allow":["GET"]}}],"collection":[{"href":"https:\/\/singuli.wpress.me\/index.php\/wp-json\/wp\/v2\/product"}],"about":[{"href":"https:\/\/singuli.wpress.me\/index.php\/wp-json\/wp\/v2\/types\/product"}],"version-history":[{"count":0,"href":"https:\/\/singuli.wpress.me\/index.php\/wp-json\/wp\/v2\/product\/37434\/revisions"}],"wp:featuredmedia":[{"embeddable":true,"href":"https:\/\/singuli.wpress.me\/index.php\/wp-json\/wp\/v2\/media\/37435"}],"wp:attachment":[{"href":"https:\/\/singuli.wpress.me\/index.php\/wp-json\/wp\/v2\/media?parent=37434"}],"wp:term":[{"taxonomy":"product_brand","embeddable":true,"href":"https:\/\/singuli.wpress.me\/index.php\/wp-json\/wp\/v2\/product_brand?post=37434"},{"taxonomy":"product_cat","embeddable":true,"href":"https:\/\/singuli.wpress.me\/index.php\/wp-json\/wp\/v2\/product_cat?post=37434"},{"taxonomy":"product_tag","embeddable":true,"href":"https:\/\/singuli.wpress.me\/index.php\/wp-json\/wp\/v2\/product_tag?post=37434"}],"curies":[{"name":"wp","href":"https:\/\/api.w.org\/{rel}","templated":true}]}}